{"id":863,"date":"2018-06-19T13:56:51","date_gmt":"2018-06-19T11:56:51","guid":{"rendered":"http:\/\/afreetech.com\/?page_id=863"},"modified":"2024-09-14T12:36:55","modified_gmt":"2024-09-14T11:36:55","slug":"pilotage-projet","status":"publish","type":"page","link":"https:\/\/afreetech.com\/en\/pilotage-projet\/","title":{"rendered":"Project management"},"content":{"rendered":"<div data-elementor-type=\"wp-post\" data-elementor-id=\"863\" class=\"elementor elementor-863\">\n\t\t\t\t\t\t<section class=\"elementor-section elementor-top-section elementor-element elementor-element-2c9b elementor-section-content-middle elementor-reverse-mobile elementor-section-boxed elementor-section-height-default elementor-section-height-default elementor-invisible\" data-id=\"2c9b\" data-element_type=\"section\" data-e-type=\"section\" data-settings=\"{&quot;animation&quot;:&quot;fadeIn&quot;}\">\n\t\t\t\t\t\t<div class=\"elementor-container elementor-column-gap-default\">\n\t\t\t\t\t<div class=\"elementor-column elementor-col-50 elementor-top-column elementor-element elementor-element-634c\" data-id=\"634c\" data-element_type=\"column\" data-e-type=\"column\">\n\t\t\t<div class=\"elementor-widget-wrap elementor-element-populated\">\n\t\t\t\t\t\t<div class=\"elementor-element elementor-element-6ed9 elementor-widget elementor-widget-heading\" data-id=\"6ed9\" data-element_type=\"widget\" data-e-type=\"widget\" data-widget_type=\"heading.default\">\n\t\t\t\t<div class=\"elementor-widget-container\">\n\t\t\t\t\t<h3 class=\"elementor-heading-title elementor-size-default\">Choose profit making for your projects<\/h3>\t\t\t\t<\/div>\n\t\t\t\t<\/div>\n\t\t\t\t<div class=\"elementor-element elementor-element-9e elementor-widget elementor-widget-text-editor\" data-id=\"9e\" data-element_type=\"widget\" data-e-type=\"widget\" data-widget_type=\"text-editor.default\">\n\t\t\t\t<div class=\"elementor-widget-container\">\n\t\t\t\t\t\t\t\t\t<p class=\"direction-ltr align-start para-style-body\">With regard to the<strong> project management and follow-up<\/strong>with management methods corresponding to the <strong>Agile Cycle.<\/strong>Our expertise brings you a mastery of the QDC triad:<br><\/p>\n<ul>\n<li class=\"direction-ltr align-start para-style-body\">Respect de la Qualit\u00e9;<\/li>\n<li class=\"direction-ltr align-start para-style-body\">Respect des D\u00e9lais;<\/li>\n<li class=\"direction-ltr align-start para-style-body\">Ma\u00eetrise des Co\u00fbts.<\/li>\n<\/ul>\t\t\t\t\t\t\t\t<\/div>\n\t\t\t\t<\/div>\n\t\t\t\t\t<\/div>\n\t\t<\/div>\n\t\t\t\t<div class=\"elementor-column elementor-col-50 elementor-top-column elementor-element elementor-element-8aa\" data-id=\"8aa\" data-element_type=\"column\" data-e-type=\"column\">\n\t\t\t<div class=\"elementor-widget-wrap elementor-element-populated\">\n\t\t\t\t\t\t<div class=\"elementor-element elementor-element-1f95 elementor-widget elementor-widget-image\" data-id=\"1f95\" data-element_type=\"widget\" data-e-type=\"widget\" data-widget_type=\"image.default\">\n\t\t\t\t<div class=\"elementor-widget-container\">\n\t\t\t\t\t\t\t\t\t\t\t\t<figure class=\"wp-caption\">\n\t\t\t\t\t\t\t\t\t\t\t<a href=\"http:\/\/afreetech.com\/wp-content\/uploads\/2018\/06\/aft-pilotage-1.jpg\" data-elementor-open-lightbox=\"yes\" data-elementor-lightbox-title=\"aft-pilotage-1\" data-elementor-lightbox-description=\"Optez pour la rentabilit\u00e9 de vos projets \" data-e-action-hash=\"#elementor-action%3Aaction%3Dlightbox%26settings%3DeyJpZCI6MTM1OCwidXJsIjoiaHR0cHM6XC9cL2FmcmVldGVjaC5jb21cL3dwLWNvbnRlbnRcL3VwbG9hZHNcLzIwMThcLzA2XC9hZnQtcGlsb3RhZ2UtMS5qcGcifQ%3D%3D\">\n\t\t\t\t\t\t\t<img fetchpriority=\"high\" decoding=\"async\" width=\"750\" height=\"500\" src=\"https:\/\/afreetech.com\/wp-content\/uploads\/2018\/06\/aft-pilotage-1.jpg\" class=\"attachment-full size-full wp-image-1358\" alt=\"groupe d&#039;informaticiens de toute races devant un PC) Optez pour la rentabilit\u00e9 de vos projets\" srcset=\"https:\/\/afreetech.com\/wp-content\/uploads\/2018\/06\/aft-pilotage-1.jpg 750w, https:\/\/afreetech.com\/wp-content\/uploads\/2018\/06\/aft-pilotage-1-300x200.jpg 300w\" sizes=\"(max-width: 750px) 100vw, 750px\" \/>\t\t\t\t\t\t\t\t<\/a>\n\t\t\t\t\t\t\t\t\t\t\t<figcaption class=\"widget-image-caption wp-caption-text\"><\/figcaption>\n\t\t\t\t\t\t\t\t\t\t<\/figure>\n\t\t\t\t\t\t\t\t\t<\/div>\n\t\t\t\t<\/div>\n\t\t\t\t\t<\/div>\n\t\t<\/div>\n\t\t\t\t\t<\/div>\n\t\t<\/section>\n\t\t\t\t<section class=\"elementor-section elementor-top-section elementor-element elementor-element-302 elementor-section-content-middle elementor-section-stretched elementor-section-boxed elementor-section-height-default elementor-section-height-default elementor-invisible\" data-id=\"302\" data-element_type=\"section\" data-e-type=\"section\" data-settings=\"{&quot;stretch_section&quot;:&quot;section-stretched&quot;,&quot;animation&quot;:&quot;fadeIn&quot;}\">\n\t\t\t\t\t\t<div class=\"elementor-container elementor-column-gap-default\">\n\t\t\t\t\t<div class=\"elementor-column elementor-col-50 elementor-top-column elementor-element elementor-element-2011\" data-id=\"2011\" data-element_type=\"column\" data-e-type=\"column\">\n\t\t\t<div class=\"elementor-widget-wrap elementor-element-populated\">\n\t\t\t\t\t\t<div class=\"elementor-element elementor-element-6838 elementor-widget elementor-widget-image\" data-id=\"6838\" data-element_type=\"widget\" data-e-type=\"widget\" data-widget_type=\"image.default\">\n\t\t\t\t<div class=\"elementor-widget-container\">\n\t\t\t\t\t\t\t\t\t\t\t\t\t\t\t<img decoding=\"async\" width=\"1060\" height=\"706\" src=\"https:\/\/afreetech.com\/wp-content\/uploads\/2023\/07\/top-view-office-desk-with-growth-chart-glasses_23-2148780612.jpg\" class=\"attachment-full size-full wp-image-6022\" alt=\"laptop-avec-charte-de croissance-lancement officiel des activit\u00e9s\" srcset=\"https:\/\/afreetech.com\/wp-content\/uploads\/2023\/07\/top-view-office-desk-with-growth-chart-glasses_23-2148780612.jpg 1060w, https:\/\/afreetech.com\/wp-content\/uploads\/2023\/07\/top-view-office-desk-with-growth-chart-glasses_23-2148780612-300x200.jpg 300w, https:\/\/afreetech.com\/wp-content\/uploads\/2023\/07\/top-view-office-desk-with-growth-chart-glasses_23-2148780612-1024x682.jpg 1024w, https:\/\/afreetech.com\/wp-content\/uploads\/2023\/07\/top-view-office-desk-with-growth-chart-glasses_23-2148780612-768x512.jpg 768w, https:\/\/afreetech.com\/wp-content\/uploads\/2023\/07\/top-view-office-desk-with-growth-chart-glasses_23-2148780612-18x12.jpg 18w\" sizes=\"(max-width: 1060px) 100vw, 1060px\" \/>\t\t\t\t\t\t\t\t\t\t\t\t\t\t\t<\/div>\n\t\t\t\t<\/div>\n\t\t\t\t\t<\/div>\n\t\t<\/div>\n\t\t\t\t<div class=\"elementor-column elementor-col-50 elementor-top-column elementor-element elementor-element-2c4d\" data-id=\"2c4d\" data-element_type=\"column\" data-e-type=\"column\">\n\t\t\t<div class=\"elementor-widget-wrap elementor-element-populated\">\n\t\t\t\t\t\t<div class=\"elementor-element elementor-element-576 elementor-widget elementor-widget-heading\" data-id=\"576\" data-element_type=\"widget\" data-e-type=\"widget\" data-widget_type=\"heading.default\">\n\t\t\t\t<div class=\"elementor-widget-container\">\n\t\t\t\t\t<h3 class=\"elementor-heading-title elementor-size-default\">For a result that meets your requirements<\/h3>\t\t\t\t<\/div>\n\t\t\t\t<\/div>\n\t\t\t\t<div class=\"elementor-element elementor-element-7777 elementor-widget elementor-widget-text-editor\" data-id=\"7777\" data-element_type=\"widget\" data-e-type=\"widget\" data-widget_type=\"text-editor.default\">\n\t\t\t\t<div class=\"elementor-widget-container\">\n\t\t\t\t\t\t\t\t\t<p>AFREETECH vous accompagne pour :<\/p><ul><li>Impl\u00e9menter vos solutions dans des d\u00e9lais brefs;<\/li><li>Vous offrir l\u2019acc\u00e8s imm\u00e9diat \u00e0 l\u2019information recherch\u00e9e;<\/li><li>Mesurer l\u2019exhaustivit\u00e9 de vos supports;<\/li><li>S\u2019adapter \u00e0 vos objectifs strat\u00e9giques;<\/li><li>Placer la donn\u00e9e online au c\u0153ur de votre \u00e9cosyst\u00e8me;<\/li><li>Garantir la performance de vos syst\u00e8mes op\u00e9rationnels;<\/li><li>Fournir une solution conforme et hautement s\u00e9curis\u00e9e.<\/li><\/ul>\t\t\t\t\t\t\t\t<\/div>\n\t\t\t\t<\/div>\n\t\t\t\t\t<\/div>\n\t\t<\/div>\n\t\t\t\t\t<\/div>\n\t\t<\/section>\n\t\t\t\t<section class=\"elementor-section elementor-top-section elementor-element elementor-element-56fde33 elementor-section-content-middle elementor-reverse-mobile elementor-section-boxed elementor-section-height-default elementor-section-height-default elementor-invisible\" data-id=\"56fde33\" data-element_type=\"section\" data-e-type=\"section\" data-settings=\"{&quot;animation&quot;:&quot;fadeIn&quot;}\">\n\t\t\t\t\t\t<div class=\"elementor-container elementor-column-gap-default\">\n\t\t\t\t\t<div class=\"elementor-column elementor-col-50 elementor-top-column elementor-element elementor-element-8da28af\" data-id=\"8da28af\" data-element_type=\"column\" data-e-type=\"column\">\n\t\t\t<div class=\"elementor-widget-wrap elementor-element-populated\">\n\t\t\t\t\t\t<div class=\"elementor-element elementor-element-920133c elementor-widget elementor-widget-heading\" data-id=\"920133c\" data-element_type=\"widget\" data-e-type=\"widget\" data-widget_type=\"heading.default\">\n\t\t\t\t<div class=\"elementor-widget-container\">\n\t\t\t\t\t<h3 class=\"elementor-heading-title elementor-size-default\">Our approach<\/h3>\t\t\t\t<\/div>\n\t\t\t\t<\/div>\n\t\t\t\t<div class=\"elementor-element elementor-element-87039d9 elementor-widget elementor-widget-text-editor\" data-id=\"87039d9\" data-element_type=\"widget\" data-e-type=\"widget\" data-widget_type=\"text-editor.default\">\n\t\t\t\t<div class=\"elementor-widget-container\">\n\t\t\t\t\t\t\t\t\t<p class=\"direction-ltr align-start para-style-body\">Our strategy for <strong>Management <\/strong>\u00a0pour vos projets est \u00e9tablie comme suit :<\/p><ul><li class=\"direction-ltr align-start para-style-body\"><strong>Dashboard<\/strong> pour le suivi technique, fonctionnel et financier du projet;<\/li><li class=\"direction-ltr align-start para-style-body\"><strong>Management platform<\/strong> des sous-versions;<\/li><li class=\"direction-ltr align-start para-style-body\"><strong>Planification op\u00e9rationnelle;<\/strong><\/li><li class=\"direction-ltr align-start para-style-body\"><strong>Quality control<\/strong> continu;<\/li><li class=\"direction-ltr align-start para-style-body\"><strong>Evaluation sheet<\/strong> des comp\u00e9tences.<\/li><\/ul>\t\t\t\t\t\t\t\t<\/div>\n\t\t\t\t<\/div>\n\t\t\t\t\t<\/div>\n\t\t<\/div>\n\t\t\t\t<div class=\"elementor-column elementor-col-50 elementor-top-column elementor-element elementor-element-df3688d\" data-id=\"df3688d\" data-element_type=\"column\" data-e-type=\"column\">\n\t\t\t<div class=\"elementor-widget-wrap elementor-element-populated\">\n\t\t\t\t\t\t<div class=\"elementor-element elementor-element-8cd6f95 elementor-widget elementor-widget-image\" data-id=\"8cd6f95\" data-element_type=\"widget\" data-e-type=\"widget\" data-widget_type=\"image.default\">\n\t\t\t\t<div class=\"elementor-widget-container\">\n\t\t\t\t\t\t\t\t\t\t\t\t\t\t\t<img decoding=\"async\" width=\"749\" height=\"500\" src=\"https:\/\/afreetech.com\/wp-content\/uploads\/2018\/06\/aft-pilotage-3.jpg\" class=\"attachment-full size-full wp-image-1362\" alt=\"d\u00e9marche\" srcset=\"https:\/\/afreetech.com\/wp-content\/uploads\/2018\/06\/aft-pilotage-3.jpg 749w, https:\/\/afreetech.com\/wp-content\/uploads\/2018\/06\/aft-pilotage-3-300x200.jpg 300w\" sizes=\"(max-width: 749px) 100vw, 749px\" \/>\t\t\t\t\t\t\t\t\t\t\t\t\t\t\t<\/div>\n\t\t\t\t<\/div>\n\t\t\t\t\t<\/div>\n\t\t<\/div>\n\t\t\t\t\t<\/div>\n\t\t<\/section>\n\t\t\t\t<\/div>","protected":false},"excerpt":{"rendered":"<p>Manage your projects and control your costs.<\/p>","protected":false},"author":7,"featured_media":1985,"parent":0,"menu_order":0,"comment_status":"closed","ping_status":"closed","template":"elementor_header_footer","meta":{"_eb_attr":"","om_disable_all_campaigns":false,"footnotes":""},"class_list":["post-863","page","type-page","status-publish","has-post-thumbnail","hentry"],"yoast_head":"<!-- This site is optimized with the Yoast SEO plugin v26.9 - https:\/\/yoast.com\/product\/yoast-seo-wordpress\/ -->\n<title>\u00e0 AFREETECH, nous garantissons le Pilotage et le suivi de vos projets<\/title>\n<meta name=\"description\" content=\"AFREETECH vous propose une assistance au pilotage de projet pour assurer la r\u00e9ussite de ceux ci, gr\u00e2ce \u00e0 des m\u00e9thodes telles que: la m\u00e9thode Agile, et a nos outils de pilotage de projets. AFREETECH\" \/>\n<meta name=\"robots\" content=\"index, follow, max-snippet:-1, max-image-preview:large, max-video-preview:-1\" \/>\n<link rel=\"canonical\" href=\"https:\/\/afreetech.com\/en\/pilotage-projet\/\" \/>\n<meta property=\"og:locale\" content=\"en_US\" \/>\n<meta property=\"og:type\" content=\"article\" \/>\n<meta property=\"og:title\" content=\"Pilotage projet - Expertises | AFREETECH\" \/>\n<meta property=\"og:description\" content=\"Optez pour la rentabilit\u00e9 de votre projet pour un r\u00e9sultat \u00e0 la mesure de vos exigences. Notre expertise vous apporte une ma\u00eetrise de la triade QDC.\" \/>\n<meta property=\"og:url\" content=\"https:\/\/afreetech.com\/en\/pilotage-projet\/\" \/>\n<meta property=\"og:site_name\" content=\"AFREETECH\" \/>\n<meta property=\"article:modified_time\" content=\"2024-09-14T11:36:55+00:00\" \/>\n<meta property=\"og:image\" content=\"https:\/\/afreetech.com\/wp-content\/uploads\/2018\/07\/aft-human_resource-1.jpg\" \/>\n\t<meta property=\"og:image:width\" content=\"1500\" \/>\n\t<meta property=\"og:image:height\" content=\"1001\" \/>\n\t<meta property=\"og:image:type\" content=\"image\/jpeg\" \/>\n<meta name=\"twitter:card\" content=\"summary_large_image\" \/>\n<meta name=\"twitter:title\" content=\"Pilotage projet - Expertises | AFREETECH\" \/>\n<meta name=\"twitter:description\" content=\"Optez pour la rentabilit\u00e9 de votre projet pour un r\u00e9sultat \u00e0 la mesure de vos exigences. Notre expertise vous apporte une ma\u00eetrise de la triade QDC.\" \/>\n<meta name=\"twitter:label1\" content=\"Est. reading time\" \/>\n\t<meta name=\"twitter:data1\" content=\"2 minutes\" \/>\n<script type=\"application\/ld+json\" class=\"yoast-schema-graph\">{\"@context\":\"https:\/\/schema.org\",\"@graph\":[{\"@type\":\"WebPage\",\"@id\":\"https:\/\/afreetech.com\/en\/pilotage-projet\/\",\"url\":\"https:\/\/afreetech.com\/en\/pilotage-projet\/\",\"name\":\"\u00e0 AFREETECH, nous garantissons le Pilotage et le suivi de vos projets\",\"isPartOf\":{\"@id\":\"http:\/\/afreetech.com\/en\/#website\"},\"primaryImageOfPage\":{\"@id\":\"https:\/\/afreetech.com\/en\/pilotage-projet\/#primaryimage\"},\"image\":{\"@id\":\"https:\/\/afreetech.com\/en\/pilotage-projet\/#primaryimage\"},\"thumbnailUrl\":\"https:\/\/afreetech.com\/wp-content\/uploads\/2018\/07\/aft-human_resource-1.jpg\",\"datePublished\":\"2018-06-19T11:56:51+00:00\",\"dateModified\":\"2024-09-14T11:36:55+00:00\",\"description\":\"AFREETECH vous propose une assistance au pilotage de projet pour assurer la r\u00e9ussite de ceux ci, gr\u00e2ce \u00e0 des m\u00e9thodes telles que: la m\u00e9thode Agile, et a nos outils de pilotage de projets. AFREETECH\",\"breadcrumb\":{\"@id\":\"https:\/\/afreetech.com\/en\/pilotage-projet\/#breadcrumb\"},\"inLanguage\":\"en-US\",\"potentialAction\":[{\"@type\":\"ReadAction\",\"target\":[\"https:\/\/afreetech.com\/en\/pilotage-projet\/\"]}]},{\"@type\":\"ImageObject\",\"inLanguage\":\"en-US\",\"@id\":\"https:\/\/afreetech.com\/en\/pilotage-projet\/#primaryimage\",\"url\":\"https:\/\/afreetech.com\/wp-content\/uploads\/2018\/07\/aft-human_resource-1.jpg\",\"contentUrl\":\"https:\/\/afreetech.com\/wp-content\/uploads\/2018\/07\/aft-human_resource-1.jpg\",\"width\":1500,\"height\":1001,\"caption\":\"formations, ressources humaines, projet\"},{\"@type\":\"BreadcrumbList\",\"@id\":\"https:\/\/afreetech.com\/en\/pilotage-projet\/#breadcrumb\",\"itemListElement\":[{\"@type\":\"ListItem\",\"position\":1,\"name\":\"Home\",\"item\":\"https:\/\/afreetech.com\/en\/\"},{\"@type\":\"ListItem\",\"position\":2,\"name\":\"Pilotage projet\"}]},{\"@type\":\"WebSite\",\"@id\":\"http:\/\/afreetech.com\/en\/#website\",\"url\":\"http:\/\/afreetech.com\/en\/\",\"name\":\"AFREETECH\",\"description\":\"Ne vous trompez pas de direction.\",\"publisher\":{\"@id\":\"http:\/\/afreetech.com\/en\/#organization\"},\"potentialAction\":[{\"@type\":\"SearchAction\",\"target\":{\"@type\":\"EntryPoint\",\"urlTemplate\":\"http:\/\/afreetech.com\/en\/?s={search_term_string}\"},\"query-input\":{\"@type\":\"PropertyValueSpecification\",\"valueRequired\":true,\"valueName\":\"search_term_string\"}}],\"inLanguage\":\"en-US\"},{\"@type\":\"Organization\",\"@id\":\"http:\/\/afreetech.com\/en\/#organization\",\"name\":\"AFREETECH SARL\",\"url\":\"http:\/\/afreetech.com\/en\/\",\"logo\":{\"@type\":\"ImageObject\",\"inLanguage\":\"en-US\",\"@id\":\"http:\/\/afreetech.com\/en\/#\/schema\/logo\/image\/\",\"url\":\"http:\/\/afreetech.com\/wp-content\/uploads\/2021\/02\/aft2.png\",\"contentUrl\":\"http:\/\/afreetech.com\/wp-content\/uploads\/2021\/02\/aft2.png\",\"width\":185,\"height\":65,\"caption\":\"AFREETECH SARL\"},\"image\":{\"@id\":\"http:\/\/afreetech.com\/en\/#\/schema\/logo\/image\/\"}}]}<\/script>\n<!-- \/ Yoast SEO plugin. -->","yoast_head_json":{"title":"\u00e0 AFREETECH, nous garantissons le Pilotage et le suivi de vos projets","description":"AFREETECH vous propose une assistance au pilotage de projet pour assurer la r\u00e9ussite de ceux ci, gr\u00e2ce \u00e0 des m\u00e9thodes telles que: la m\u00e9thode Agile, et a nos outils de pilotage de projets. AFREETECH","robots":{"index":"index","follow":"follow","max-snippet":"max-snippet:-1","max-image-preview":"max-image-preview:large","max-video-preview":"max-video-preview:-1"},"canonical":"https:\/\/afreetech.com\/en\/pilotage-projet\/","og_locale":"en_US","og_type":"article","og_title":"Pilotage projet - Expertises | AFREETECH","og_description":"Optez pour la rentabilit\u00e9 de votre projet pour un r\u00e9sultat \u00e0 la mesure de vos exigences. Notre expertise vous apporte une ma\u00eetrise de la triade QDC.","og_url":"https:\/\/afreetech.com\/en\/pilotage-projet\/","og_site_name":"AFREETECH","article_modified_time":"2024-09-14T11:36:55+00:00","og_image":[{"width":1500,"height":1001,"url":"https:\/\/afreetech.com\/wp-content\/uploads\/2018\/07\/aft-human_resource-1.jpg","type":"image\/jpeg"}],"twitter_card":"summary_large_image","twitter_title":"Pilotage projet - Expertises | AFREETECH","twitter_description":"Optez pour la rentabilit\u00e9 de votre projet pour un r\u00e9sultat \u00e0 la mesure de vos exigences. Notre expertise vous apporte une ma\u00eetrise de la triade QDC.","twitter_misc":{"Est. reading time":"2 minutes"},"schema":{"@context":"https:\/\/schema.org","@graph":[{"@type":"WebPage","@id":"https:\/\/afreetech.com\/en\/pilotage-projet\/","url":"https:\/\/afreetech.com\/en\/pilotage-projet\/","name":"\u00e0 AFREETECH, nous garantissons le Pilotage et le suivi de vos projets","isPartOf":{"@id":"http:\/\/afreetech.com\/en\/#website"},"primaryImageOfPage":{"@id":"https:\/\/afreetech.com\/en\/pilotage-projet\/#primaryimage"},"image":{"@id":"https:\/\/afreetech.com\/en\/pilotage-projet\/#primaryimage"},"thumbnailUrl":"https:\/\/afreetech.com\/wp-content\/uploads\/2018\/07\/aft-human_resource-1.jpg","datePublished":"2018-06-19T11:56:51+00:00","dateModified":"2024-09-14T11:36:55+00:00","description":"AFREETECH vous propose une assistance au pilotage de projet pour assurer la r\u00e9ussite de ceux ci, gr\u00e2ce \u00e0 des m\u00e9thodes telles que: la m\u00e9thode Agile, et a nos outils de pilotage de projets. AFREETECH","breadcrumb":{"@id":"https:\/\/afreetech.com\/en\/pilotage-projet\/#breadcrumb"},"inLanguage":"en-US","potentialAction":[{"@type":"ReadAction","target":["https:\/\/afreetech.com\/en\/pilotage-projet\/"]}]},{"@type":"ImageObject","inLanguage":"en-US","@id":"https:\/\/afreetech.com\/en\/pilotage-projet\/#primaryimage","url":"https:\/\/afreetech.com\/wp-content\/uploads\/2018\/07\/aft-human_resource-1.jpg","contentUrl":"https:\/\/afreetech.com\/wp-content\/uploads\/2018\/07\/aft-human_resource-1.jpg","width":1500,"height":1001,"caption":"formations, ressources humaines, projet"},{"@type":"BreadcrumbList","@id":"https:\/\/afreetech.com\/en\/pilotage-projet\/#breadcrumb","itemListElement":[{"@type":"ListItem","position":1,"name":"Home","item":"https:\/\/afreetech.com\/en\/"},{"@type":"ListItem","position":2,"name":"Pilotage projet"}]},{"@type":"WebSite","@id":"http:\/\/afreetech.com\/en\/#website","url":"http:\/\/afreetech.com\/en\/","name":"AFREETECH","description":"Ne vous trompez pas de direction.","publisher":{"@id":"http:\/\/afreetech.com\/en\/#organization"},"potentialAction":[{"@type":"SearchAction","target":{"@type":"EntryPoint","urlTemplate":"http:\/\/afreetech.com\/en\/?s={search_term_string}"},"query-input":{"@type":"PropertyValueSpecification","valueRequired":true,"valueName":"search_term_string"}}],"inLanguage":"en-US"},{"@type":"Organization","@id":"http:\/\/afreetech.com\/en\/#organization","name":"AFREETECH SARL","url":"http:\/\/afreetech.com\/en\/","logo":{"@type":"ImageObject","inLanguage":"en-US","@id":"http:\/\/afreetech.com\/en\/#\/schema\/logo\/image\/","url":"http:\/\/afreetech.com\/wp-content\/uploads\/2021\/02\/aft2.png","contentUrl":"http:\/\/afreetech.com\/wp-content\/uploads\/2021\/02\/aft2.png","width":185,"height":65,"caption":"AFREETECH SARL"},"image":{"@id":"http:\/\/afreetech.com\/en\/#\/schema\/logo\/image\/"}}]}},"_links":{"self":[{"href":"https:\/\/afreetech.com\/en\/wp-json\/wp\/v2\/pages\/863","targetHints":{"allow":["GET"]}}],"collection":[{"href":"https:\/\/afreetech.com\/en\/wp-json\/wp\/v2\/pages"}],"about":[{"href":"https:\/\/afreetech.com\/en\/wp-json\/wp\/v2\/types\/page"}],"author":[{"embeddable":true,"href":"https:\/\/afreetech.com\/en\/wp-json\/wp\/v2\/users\/7"}],"replies":[{"embeddable":true,"href":"https:\/\/afreetech.com\/en\/wp-json\/wp\/v2\/comments?post=863"}],"version-history":[{"count":39,"href":"https:\/\/afreetech.com\/en\/wp-json\/wp\/v2\/pages\/863\/revisions"}],"predecessor-version":[{"id":11175,"href":"https:\/\/afreetech.com\/en\/wp-json\/wp\/v2\/pages\/863\/revisions\/11175"}],"wp:featuredmedia":[{"embeddable":true,"href":"https:\/\/afreetech.com\/en\/wp-json\/wp\/v2\/media\/1985"}],"wp:attachment":[{"href":"https:\/\/afreetech.com\/en\/wp-json\/wp\/v2\/media?parent=863"}],"curies":[{"name":"wp","href":"https:\/\/api.w.org\/{rel}","templated":true}]}}