{"id":861,"date":"2018-06-19T13:56:14","date_gmt":"2018-06-19T11:56:14","guid":{"rendered":"http:\/\/afreetech.com\/?page_id=861"},"modified":"2024-09-27T14:59:51","modified_gmt":"2024-09-27T13:59:51","slug":"audit-conseils","status":"publish","type":"page","link":"https:\/\/afreetech.com\/en\/audit-conseils\/","title":{"rendered":"Audit and advice projects"},"content":{"rendered":"<div data-elementor-type=\"wp-page\" data-elementor-id=\"861\" class=\"elementor elementor-861\">\n\t\t\t\t\t\t<section class=\"elementor-section elementor-top-section elementor-element elementor-element-6c97 elementor-section-content-middle elementor-reverse-mobile elementor-section-boxed elementor-section-height-default elementor-section-height-default elementor-invisible\" data-id=\"6c97\" data-element_type=\"section\" data-e-type=\"section\" data-settings=\"{&quot;animation&quot;:&quot;fadeIn&quot;}\">\n\t\t\t\t\t\t<div class=\"elementor-container elementor-column-gap-default\">\n\t\t\t\t\t<div class=\"elementor-column elementor-col-50 elementor-top-column elementor-element elementor-element-5cd8\" data-id=\"5cd8\" data-element_type=\"column\" data-e-type=\"column\">\n\t\t\t<div class=\"elementor-widget-wrap elementor-element-populated\">\n\t\t\t\t\t\t<div class=\"elementor-element elementor-element-45b5 elementor-widget elementor-widget-heading\" data-id=\"45b5\" data-element_type=\"widget\" data-e-type=\"widget\" data-widget_type=\"heading.default\">\n\t\t\t\t<div class=\"elementor-widget-container\">\n\t\t\t\t\t<h3 class=\"elementor-heading-title elementor-size-default\">Audit and security of your IS<\/h3>\t\t\t\t<\/div>\n\t\t\t\t<\/div>\n\t\t\t\t<div class=\"elementor-element elementor-element-44a elementor-widget elementor-widget-text-editor\" data-id=\"44a\" data-element_type=\"widget\" data-e-type=\"widget\" data-widget_type=\"text-editor.default\">\n\t\t\t\t<div class=\"elementor-widget-container\">\n\t\t\t\t\t\t\t\t\t<p>Our services <strong>information systems security audits<\/strong> cover areas as diverse as processes, business applications and the protection of information assets. Our professionals can assist you in mastering and managing <strong>IT risks<\/strong> <strong>and securing your information system<\/strong>. They can also support accounting, financial and administrative audits.<\/p>\t\t\t\t\t\t\t\t<\/div>\n\t\t\t\t<\/div>\n\t\t\t\t\t<\/div>\n\t\t<\/div>\n\t\t\t\t<div class=\"elementor-column elementor-col-50 elementor-top-column elementor-element elementor-element-1b16\" data-id=\"1b16\" data-element_type=\"column\" data-e-type=\"column\">\n\t\t\t<div class=\"elementor-widget-wrap elementor-element-populated\">\n\t\t\t\t\t\t<div class=\"elementor-element elementor-element-831 elementor-widget elementor-widget-image\" data-id=\"831\" data-element_type=\"widget\" data-e-type=\"widget\" data-widget_type=\"image.default\">\n\t\t\t\t<div class=\"elementor-widget-container\">\n\t\t\t\t\t\t\t\t\t\t\t\t\t\t\t<img fetchpriority=\"high\" decoding=\"async\" width=\"2560\" height=\"1707\" src=\"https:\/\/afreetech.com\/wp-content\/uploads\/2024\/09\/woman-sales-manager-verifies-infographics-plan-company-coworking-space-scaled.jpg\" class=\"attachment-full size-full wp-image-11387\" alt=\"audit et conseil\" srcset=\"https:\/\/afreetech.com\/wp-content\/uploads\/2024\/09\/woman-sales-manager-verifies-infographics-plan-company-coworking-space-scaled.jpg 2560w, https:\/\/afreetech.com\/wp-content\/uploads\/2024\/09\/woman-sales-manager-verifies-infographics-plan-company-coworking-space-300x200.jpg 300w, https:\/\/afreetech.com\/wp-content\/uploads\/2024\/09\/woman-sales-manager-verifies-infographics-plan-company-coworking-space-1024x683.jpg 1024w, https:\/\/afreetech.com\/wp-content\/uploads\/2024\/09\/woman-sales-manager-verifies-infographics-plan-company-coworking-space-768x512.jpg 768w, https:\/\/afreetech.com\/wp-content\/uploads\/2024\/09\/woman-sales-manager-verifies-infographics-plan-company-coworking-space-1536x1024.jpg 1536w, https:\/\/afreetech.com\/wp-content\/uploads\/2024\/09\/woman-sales-manager-verifies-infographics-plan-company-coworking-space-2048x1365.jpg 2048w, https:\/\/afreetech.com\/wp-content\/uploads\/2024\/09\/woman-sales-manager-verifies-infographics-plan-company-coworking-space-18x12.jpg 18w\" sizes=\"(max-width: 2560px) 100vw, 2560px\" \/>\t\t\t\t\t\t\t\t\t\t\t\t\t\t\t<\/div>\n\t\t\t\t<\/div>\n\t\t\t\t\t<\/div>\n\t\t<\/div>\n\t\t\t\t\t<\/div>\n\t\t<\/section>\n\t\t\t\t<section class=\"elementor-section elementor-top-section elementor-element elementor-element-76ee elementor-section-content-middle elementor-section-stretched elementor-section-boxed elementor-section-height-default elementor-section-height-default elementor-invisible\" data-id=\"76ee\" data-element_type=\"section\" data-e-type=\"section\" data-settings=\"{&quot;stretch_section&quot;:&quot;section-stretched&quot;,&quot;animation&quot;:&quot;fadeIn&quot;}\">\n\t\t\t\t\t\t<div class=\"elementor-container elementor-column-gap-default\">\n\t\t\t\t\t<div class=\"elementor-column elementor-col-50 elementor-top-column elementor-element elementor-element-766d\" data-id=\"766d\" data-element_type=\"column\" data-e-type=\"column\">\n\t\t\t<div class=\"elementor-widget-wrap elementor-element-populated\">\n\t\t\t\t\t\t<div class=\"elementor-element elementor-element-6e84 elementor-widget elementor-widget-image\" data-id=\"6e84\" data-element_type=\"widget\" data-e-type=\"widget\" data-widget_type=\"image.default\">\n\t\t\t\t<div class=\"elementor-widget-container\">\n\t\t\t\t\t\t\t\t\t\t\t\t\t\t\t<img decoding=\"async\" width=\"749\" height=\"500\" src=\"https:\/\/afreetech.com\/wp-content\/uploads\/2018\/06\/aft-audit-2-1.jpg\" class=\"attachment-full size-full wp-image-1299\" alt=\"Pour une r\u00e9ussite \u00e0 100% de vos projets\" srcset=\"https:\/\/afreetech.com\/wp-content\/uploads\/2018\/06\/aft-audit-2-1.jpg 749w, https:\/\/afreetech.com\/wp-content\/uploads\/2018\/06\/aft-audit-2-1-300x200.jpg 300w\" sizes=\"(max-width: 749px) 100vw, 749px\" \/>\t\t\t\t\t\t\t\t\t\t\t\t\t\t\t<\/div>\n\t\t\t\t<\/div>\n\t\t\t\t\t<\/div>\n\t\t<\/div>\n\t\t\t\t<div class=\"elementor-column elementor-col-50 elementor-top-column elementor-element elementor-element-c69\" data-id=\"c69\" data-element_type=\"column\" data-e-type=\"column\">\n\t\t\t<div class=\"elementor-widget-wrap elementor-element-populated\">\n\t\t\t\t\t\t<div class=\"elementor-element elementor-element-52a2 elementor-widget elementor-widget-heading\" data-id=\"52a2\" data-element_type=\"widget\" data-e-type=\"widget\" data-widget_type=\"heading.default\">\n\t\t\t\t<div class=\"elementor-widget-container\">\n\t\t\t\t\t<h3 class=\"elementor-heading-title elementor-size-default\">For the success of your projects<\/h3>\t\t\t\t<\/div>\n\t\t\t\t<\/div>\n\t\t\t\t<div class=\"elementor-element elementor-element-3b33 elementor-widget elementor-widget-text-editor\" data-id=\"3b33\" data-element_type=\"widget\" data-e-type=\"widget\" data-widget_type=\"text-editor.default\">\n\t\t\t\t<div class=\"elementor-widget-container\">\n\t\t\t\t\t\t\t\t\t<p>We assure for you:<\/p>\n<ul>\n<li>La conduite d&#8217;appel d&#8217;offres ;<\/li>\n<li>L&#8217;\u00e9tude d&#8217;opportunit\u00e9s ;<\/li>\n<li>La mise en normes ;<\/li>\n<li>Le sch\u00e9ma directeur (<b>SDI<\/b>) ;<\/li>\n<li>L&#8217; assistance \u00e0 la ma\u00eetrise d&#8217;ouvrage ;<\/li>\n<li>Les tests et campagnes de validation.<\/li>\n<\/ul>\t\t\t\t\t\t\t\t<\/div>\n\t\t\t\t<\/div>\n\t\t\t\t\t<\/div>\n\t\t<\/div>\n\t\t\t\t\t<\/div>\n\t\t<\/section>\n\t\t\t\t<section class=\"elementor-section elementor-top-section elementor-element elementor-element-c4c519a elementor-section-content-middle elementor-reverse-mobile elementor-section-boxed elementor-section-height-default elementor-section-height-default elementor-invisible\" data-id=\"c4c519a\" data-element_type=\"section\" data-e-type=\"section\" data-settings=\"{&quot;animation&quot;:&quot;fadeIn&quot;}\">\n\t\t\t\t\t\t<div class=\"elementor-container elementor-column-gap-default\">\n\t\t\t\t\t<div class=\"elementor-column elementor-col-50 elementor-top-column elementor-element elementor-element-1a1b740\" data-id=\"1a1b740\" data-element_type=\"column\" data-e-type=\"column\">\n\t\t\t<div class=\"elementor-widget-wrap elementor-element-populated\">\n\t\t\t\t\t\t<div class=\"elementor-element elementor-element-21b5ca3 elementor-widget elementor-widget-heading\" data-id=\"21b5ca3\" data-element_type=\"widget\" data-e-type=\"widget\" data-widget_type=\"heading.default\">\n\t\t\t\t<div class=\"elementor-widget-container\">\n\t\t\t\t\t<h3 class=\"elementor-heading-title elementor-size-default\">For the guarantee of a reliable solution<\/h3>\t\t\t\t<\/div>\n\t\t\t\t<\/div>\n\t\t\t\t<div class=\"elementor-element elementor-element-05e2ede elementor-widget elementor-widget-text-editor\" data-id=\"05e2ede\" data-element_type=\"widget\" data-e-type=\"widget\" data-widget_type=\"text-editor.default\">\n\t\t\t\t<div class=\"elementor-widget-container\">\n\t\t\t\t\t\t\t\t\tWe go with you for:\n<ul>\n \t<li>Identify all IT teams to anticipate their protection needs<\/li>\n \t<li>Know the threats and and control the level of risk<\/li>\n \t<li>Control all access points<\/li>\n \t<li>Manage events and respond to incidents<\/li>\n \t<li>Control security configuration for all equipment<\/li>\n \t<li>Implement contingency planning to ensure continuity of service<\/li>\n<\/ul>\t\t\t\t\t\t\t\t<\/div>\n\t\t\t\t<\/div>\n\t\t\t\t\t<\/div>\n\t\t<\/div>\n\t\t\t\t<div class=\"elementor-column elementor-col-50 elementor-top-column elementor-element elementor-element-bf7e595\" data-id=\"bf7e595\" data-element_type=\"column\" data-e-type=\"column\">\n\t\t\t<div class=\"elementor-widget-wrap elementor-element-populated\">\n\t\t\t\t\t\t<div class=\"elementor-element elementor-element-c359916 elementor-widget elementor-widget-image\" data-id=\"c359916\" data-element_type=\"widget\" data-e-type=\"widget\" data-widget_type=\"image.default\">\n\t\t\t\t<div class=\"elementor-widget-container\">\n\t\t\t\t\t\t\t\t\t\t\t\t\t\t\t<img decoding=\"async\" width=\"826\" height=\"826\" src=\"https:\/\/afreetech.com\/wp-content\/uploads\/2023\/06\/femme-ayant-reunion-ligne-pour-travail_23-2148940759.jpg\" class=\"attachment-full size-full wp-image-5912\" alt=\"femme call center en ligne pour travail avec une tasse de caf\u00e9 devant un ordinateur\" srcset=\"https:\/\/afreetech.com\/wp-content\/uploads\/2023\/06\/femme-ayant-reunion-ligne-pour-travail_23-2148940759.jpg 826w, https:\/\/afreetech.com\/wp-content\/uploads\/2023\/06\/femme-ayant-reunion-ligne-pour-travail_23-2148940759-300x300.jpg 300w, https:\/\/afreetech.com\/wp-content\/uploads\/2023\/06\/femme-ayant-reunion-ligne-pour-travail_23-2148940759-150x150.jpg 150w, https:\/\/afreetech.com\/wp-content\/uploads\/2023\/06\/femme-ayant-reunion-ligne-pour-travail_23-2148940759-768x768.jpg 768w, https:\/\/afreetech.com\/wp-content\/uploads\/2023\/06\/femme-ayant-reunion-ligne-pour-travail_23-2148940759-12x12.jpg 12w, https:\/\/afreetech.com\/wp-content\/uploads\/2023\/06\/femme-ayant-reunion-ligne-pour-travail_23-2148940759-80x80.jpg 80w, https:\/\/afreetech.com\/wp-content\/uploads\/2023\/06\/elementor\/thumbs\/femme-ayant-reunion-ligne-pour-travail_23-2148940759-qpugxl8ao6t5v5jvswb9y74ahu350o3puf8htqsa4c.jpg 70w\" sizes=\"(max-width: 826px) 100vw, 826px\" \/>\t\t\t\t\t\t\t\t\t\t\t\t\t\t\t<\/div>\n\t\t\t\t<\/div>\n\t\t\t\t\t<\/div>\n\t\t<\/div>\n\t\t\t\t\t<\/div>\n\t\t<\/section>\n\t\t\t\t<\/div>","protected":false},"excerpt":{"rendered":"<p>Improve your performance.<\/p>","protected":false},"author":7,"featured_media":0,"parent":0,"menu_order":0,"comment_status":"closed","ping_status":"closed","template":"elementor_header_footer","meta":{"_eb_attr":"","om_disable_all_campaigns":false,"footnotes":""},"class_list":["post-861","page","type-page","status-publish","hentry","no-post-thumbnail"],"yoast_head":"<!-- This site is optimized with the Yoast SEO plugin v26.9 - https:\/\/yoast.com\/product\/yoast-seo-wordpress\/ -->\n<title>Audit et conseils - Expertises | AFREETECH<\/title>\n<meta name=\"description\" content=\"Nos services d&#039;audit vous accompagnent dans la ma\u00eetrise, la gestion des risques IT et la s\u00e9curisation de votre syst\u00e8me d\u2019information.\" \/>\n<meta name=\"robots\" content=\"index, follow, max-snippet:-1, max-image-preview:large, max-video-preview:-1\" \/>\n<link rel=\"canonical\" href=\"https:\/\/afreetech.com\/en\/audit-conseils\/\" \/>\n<meta property=\"og:locale\" content=\"en_US\" \/>\n<meta property=\"og:type\" content=\"article\" \/>\n<meta property=\"og:title\" content=\"Audit et conseils - Expertises | AFREETECH\" \/>\n<meta property=\"og:description\" content=\"Nos services d&#039;audit vous accompagnent dans la ma\u00eetrise, la gestion des risques IT et la s\u00e9curisation de votre syst\u00e8me d\u2019information.\" \/>\n<meta property=\"og:url\" content=\"https:\/\/afreetech.com\/en\/audit-conseils\/\" \/>\n<meta property=\"og:site_name\" content=\"AFREETECH\" \/>\n<meta property=\"article:modified_time\" content=\"2024-09-27T13:59:51+00:00\" \/>\n<meta property=\"og:image\" content=\"http:\/\/afreetech.com\/wp-content\/uploads\/2024\/09\/woman-sales-manager-verifies-infographics-plan-company-coworking-space-scaled.jpg\" \/>\n<meta name=\"twitter:card\" content=\"summary_large_image\" \/>\n<meta name=\"twitter:title\" content=\"Audit et conseils - Expertises | AFREETECH\" \/>\n<meta name=\"twitter:description\" content=\"Nos services d&#039;audit vous accompagnent dans la ma\u00eetrise, la gestion des risques IT et la s\u00e9curisation de votre syst\u00e8me d\u2019information.\" \/>\n<meta name=\"twitter:label1\" content=\"Est. reading time\" \/>\n\t<meta name=\"twitter:data1\" content=\"2 minutes\" \/>\n<script type=\"application\/ld+json\" class=\"yoast-schema-graph\">{\"@context\":\"https:\/\/schema.org\",\"@graph\":[{\"@type\":\"WebPage\",\"@id\":\"https:\/\/afreetech.com\/en\/audit-conseils\/\",\"url\":\"https:\/\/afreetech.com\/en\/audit-conseils\/\",\"name\":\"Audit et conseils - Expertises | AFREETECH\",\"isPartOf\":{\"@id\":\"https:\/\/afreetech.com\/en\/#website\"},\"primaryImageOfPage\":{\"@id\":\"https:\/\/afreetech.com\/en\/audit-conseils\/#primaryimage\"},\"image\":{\"@id\":\"https:\/\/afreetech.com\/en\/audit-conseils\/#primaryimage\"},\"thumbnailUrl\":\"http:\/\/afreetech.com\/wp-content\/uploads\/2024\/09\/woman-sales-manager-verifies-infographics-plan-company-coworking-space-scaled.jpg\",\"datePublished\":\"2018-06-19T11:56:14+00:00\",\"dateModified\":\"2024-09-27T13:59:51+00:00\",\"description\":\"Nos services d'audit vous accompagnent dans la ma\u00eetrise, la gestion des risques IT et la s\u00e9curisation de votre syst\u00e8me d\u2019information.\",\"breadcrumb\":{\"@id\":\"https:\/\/afreetech.com\/en\/audit-conseils\/#breadcrumb\"},\"inLanguage\":\"en-US\",\"potentialAction\":[{\"@type\":\"ReadAction\",\"target\":[\"https:\/\/afreetech.com\/en\/audit-conseils\/\"]}]},{\"@type\":\"ImageObject\",\"inLanguage\":\"en-US\",\"@id\":\"https:\/\/afreetech.com\/en\/audit-conseils\/#primaryimage\",\"url\":\"http:\/\/afreetech.com\/wp-content\/uploads\/2024\/09\/woman-sales-manager-verifies-infographics-plan-company-coworking-space-scaled.jpg\",\"contentUrl\":\"http:\/\/afreetech.com\/wp-content\/uploads\/2024\/09\/woman-sales-manager-verifies-infographics-plan-company-coworking-space-scaled.jpg\"},{\"@type\":\"BreadcrumbList\",\"@id\":\"https:\/\/afreetech.com\/en\/audit-conseils\/#breadcrumb\",\"itemListElement\":[{\"@type\":\"ListItem\",\"position\":1,\"name\":\"Home\",\"item\":\"https:\/\/afreetech.com\/en\/\"},{\"@type\":\"ListItem\",\"position\":2,\"name\":\"Audit et conseils\"}]},{\"@type\":\"WebSite\",\"@id\":\"https:\/\/afreetech.com\/en\/#website\",\"url\":\"https:\/\/afreetech.com\/en\/\",\"name\":\"AFREETECH\",\"description\":\"Ne vous trompez pas de direction.\",\"publisher\":{\"@id\":\"https:\/\/afreetech.com\/en\/#organization\"},\"potentialAction\":[{\"@type\":\"SearchAction\",\"target\":{\"@type\":\"EntryPoint\",\"urlTemplate\":\"https:\/\/afreetech.com\/en\/?s={search_term_string}\"},\"query-input\":{\"@type\":\"PropertyValueSpecification\",\"valueRequired\":true,\"valueName\":\"search_term_string\"}}],\"inLanguage\":\"en-US\"},{\"@type\":\"Organization\",\"@id\":\"https:\/\/afreetech.com\/en\/#organization\",\"name\":\"AFREETECH SARL\",\"url\":\"https:\/\/afreetech.com\/en\/\",\"logo\":{\"@type\":\"ImageObject\",\"inLanguage\":\"en-US\",\"@id\":\"https:\/\/afreetech.com\/en\/#\/schema\/logo\/image\/\",\"url\":\"http:\/\/afreetech.com\/wp-content\/uploads\/2021\/02\/aft2.png\",\"contentUrl\":\"http:\/\/afreetech.com\/wp-content\/uploads\/2021\/02\/aft2.png\",\"width\":185,\"height\":65,\"caption\":\"AFREETECH SARL\"},\"image\":{\"@id\":\"https:\/\/afreetech.com\/en\/#\/schema\/logo\/image\/\"}}]}<\/script>\n<!-- \/ Yoast SEO plugin. -->","yoast_head_json":{"title":"Audit et conseils - Expertises | AFREETECH","description":"Nos services d'audit vous accompagnent dans la ma\u00eetrise, la gestion des risques IT et la s\u00e9curisation de votre syst\u00e8me d\u2019information.","robots":{"index":"index","follow":"follow","max-snippet":"max-snippet:-1","max-image-preview":"max-image-preview:large","max-video-preview":"max-video-preview:-1"},"canonical":"https:\/\/afreetech.com\/en\/audit-conseils\/","og_locale":"en_US","og_type":"article","og_title":"Audit et conseils - Expertises | AFREETECH","og_description":"Nos services d'audit vous accompagnent dans la ma\u00eetrise, la gestion des risques IT et la s\u00e9curisation de votre syst\u00e8me d\u2019information.","og_url":"https:\/\/afreetech.com\/en\/audit-conseils\/","og_site_name":"AFREETECH","article_modified_time":"2024-09-27T13:59:51+00:00","og_image":[{"url":"http:\/\/afreetech.com\/wp-content\/uploads\/2024\/09\/woman-sales-manager-verifies-infographics-plan-company-coworking-space-scaled.jpg","type":"","width":"","height":""}],"twitter_card":"summary_large_image","twitter_title":"Audit et conseils - Expertises | AFREETECH","twitter_description":"Nos services d'audit vous accompagnent dans la ma\u00eetrise, la gestion des risques IT et la s\u00e9curisation de votre syst\u00e8me d\u2019information.","twitter_misc":{"Est. reading time":"2 minutes"},"schema":{"@context":"https:\/\/schema.org","@graph":[{"@type":"WebPage","@id":"https:\/\/afreetech.com\/en\/audit-conseils\/","url":"https:\/\/afreetech.com\/en\/audit-conseils\/","name":"Audit et conseils - Expertises | AFREETECH","isPartOf":{"@id":"https:\/\/afreetech.com\/en\/#website"},"primaryImageOfPage":{"@id":"https:\/\/afreetech.com\/en\/audit-conseils\/#primaryimage"},"image":{"@id":"https:\/\/afreetech.com\/en\/audit-conseils\/#primaryimage"},"thumbnailUrl":"http:\/\/afreetech.com\/wp-content\/uploads\/2024\/09\/woman-sales-manager-verifies-infographics-plan-company-coworking-space-scaled.jpg","datePublished":"2018-06-19T11:56:14+00:00","dateModified":"2024-09-27T13:59:51+00:00","description":"Nos services d'audit vous accompagnent dans la ma\u00eetrise, la gestion des risques IT et la s\u00e9curisation de votre syst\u00e8me d\u2019information.","breadcrumb":{"@id":"https:\/\/afreetech.com\/en\/audit-conseils\/#breadcrumb"},"inLanguage":"en-US","potentialAction":[{"@type":"ReadAction","target":["https:\/\/afreetech.com\/en\/audit-conseils\/"]}]},{"@type":"ImageObject","inLanguage":"en-US","@id":"https:\/\/afreetech.com\/en\/audit-conseils\/#primaryimage","url":"http:\/\/afreetech.com\/wp-content\/uploads\/2024\/09\/woman-sales-manager-verifies-infographics-plan-company-coworking-space-scaled.jpg","contentUrl":"http:\/\/afreetech.com\/wp-content\/uploads\/2024\/09\/woman-sales-manager-verifies-infographics-plan-company-coworking-space-scaled.jpg"},{"@type":"BreadcrumbList","@id":"https:\/\/afreetech.com\/en\/audit-conseils\/#breadcrumb","itemListElement":[{"@type":"ListItem","position":1,"name":"Home","item":"https:\/\/afreetech.com\/en\/"},{"@type":"ListItem","position":2,"name":"Audit et conseils"}]},{"@type":"WebSite","@id":"https:\/\/afreetech.com\/en\/#website","url":"https:\/\/afreetech.com\/en\/","name":"AFREETECH","description":"Ne vous trompez pas de direction.","publisher":{"@id":"https:\/\/afreetech.com\/en\/#organization"},"potentialAction":[{"@type":"SearchAction","target":{"@type":"EntryPoint","urlTemplate":"https:\/\/afreetech.com\/en\/?s={search_term_string}"},"query-input":{"@type":"PropertyValueSpecification","valueRequired":true,"valueName":"search_term_string"}}],"inLanguage":"en-US"},{"@type":"Organization","@id":"https:\/\/afreetech.com\/en\/#organization","name":"AFREETECH SARL","url":"https:\/\/afreetech.com\/en\/","logo":{"@type":"ImageObject","inLanguage":"en-US","@id":"https:\/\/afreetech.com\/en\/#\/schema\/logo\/image\/","url":"http:\/\/afreetech.com\/wp-content\/uploads\/2021\/02\/aft2.png","contentUrl":"http:\/\/afreetech.com\/wp-content\/uploads\/2021\/02\/aft2.png","width":185,"height":65,"caption":"AFREETECH SARL"},"image":{"@id":"https:\/\/afreetech.com\/en\/#\/schema\/logo\/image\/"}}]}},"_links":{"self":[{"href":"https:\/\/afreetech.com\/en\/wp-json\/wp\/v2\/pages\/861","targetHints":{"allow":["GET"]}}],"collection":[{"href":"https:\/\/afreetech.com\/en\/wp-json\/wp\/v2\/pages"}],"about":[{"href":"https:\/\/afreetech.com\/en\/wp-json\/wp\/v2\/types\/page"}],"author":[{"embeddable":true,"href":"https:\/\/afreetech.com\/en\/wp-json\/wp\/v2\/users\/7"}],"replies":[{"embeddable":true,"href":"https:\/\/afreetech.com\/en\/wp-json\/wp\/v2\/comments?post=861"}],"version-history":[{"count":25,"href":"https:\/\/afreetech.com\/en\/wp-json\/wp\/v2\/pages\/861\/revisions"}],"predecessor-version":[{"id":11395,"href":"https:\/\/afreetech.com\/en\/wp-json\/wp\/v2\/pages\/861\/revisions\/11395"}],"wp:attachment":[{"href":"https:\/\/afreetech.com\/en\/wp-json\/wp\/v2\/media?parent=861"}],"curies":[{"name":"wp","href":"https:\/\/api.w.org\/{rel}","templated":true}]}}