{"id":3974,"date":"2020-02-03T15:28:43","date_gmt":"2020-02-03T14:28:43","guid":{"rendered":"http:\/\/afreetech.com\/?page_id=3974"},"modified":"2024-09-14T12:31:22","modified_gmt":"2024-09-14T11:31:22","slug":"centre-daffaires","status":"publish","type":"page","link":"https:\/\/afreetech.com\/en\/centre-daffaires\/","title":{"rendered":"centre d&#8217;affaires"},"content":{"rendered":"<div data-elementor-type=\"wp-page\" data-elementor-id=\"3974\" class=\"elementor elementor-3974\">\n\t\t\t\t\t\t<section class=\"elementor-section elementor-top-section elementor-element elementor-element-3e84d635 elementor-section-content-middle elementor-reverse-mobile elementor-section-boxed elementor-section-height-default elementor-section-height-default\" data-id=\"3e84d635\" data-element_type=\"section\" data-e-type=\"section\" data-settings=\"{&quot;background_background&quot;:&quot;classic&quot;}\">\n\t\t\t\t\t\t<div class=\"elementor-container elementor-column-gap-no\">\n\t\t\t\t\t<div class=\"elementor-column elementor-col-50 elementor-top-column elementor-element elementor-element-78b4625d\" data-id=\"78b4625d\" data-element_type=\"column\" data-e-type=\"column\" data-settings=\"{&quot;background_background&quot;:&quot;classic&quot;}\">\n\t\t\t<div class=\"elementor-widget-wrap elementor-element-populated\">\n\t\t\t\t\t\t<div class=\"elementor-element elementor-element-40372918 elementor-widget elementor-widget-heading\" data-id=\"40372918\" data-element_type=\"widget\" data-e-type=\"widget\" data-widget_type=\"heading.default\">\n\t\t\t\t<div class=\"elementor-widget-container\">\n\t\t\t\t\t<h3 class=\"elementor-heading-title elementor-size-large\">Ma\u00eetrisez vos co\u00fbts <\/h3>\t\t\t\t<\/div>\n\t\t\t\t<\/div>\n\t\t\t\t<div class=\"elementor-element elementor-element-7832c484 elementor-widget elementor-widget-text-editor\" data-id=\"7832c484\" data-element_type=\"widget\" data-e-type=\"widget\" data-widget_type=\"text-editor.default\">\n\t\t\t\t<div class=\"elementor-widget-container\">\n\t\t\t\t\t\t\t\t\t<p>Domicilier votre activit\u00e9 et\u00a0 concentrer vos capitaux sur son d\u00e9veloppement. b\u00e9n\u00e9ficiez d&#8217;une assistance juridique, administrative, continue pour l&#8217;ensemble de vos activit\u00e9s.<\/p>\t\t\t\t\t\t\t\t<\/div>\n\t\t\t\t<\/div>\n\t\t\t\t\t<\/div>\n\t\t<\/div>\n\t\t\t\t<div class=\"elementor-column elementor-col-50 elementor-top-column elementor-element elementor-element-d50b92d\" data-id=\"d50b92d\" data-element_type=\"column\" data-e-type=\"column\">\n\t\t\t<div class=\"elementor-widget-wrap elementor-element-populated\">\n\t\t\t\t\t\t<div class=\"elementor-element elementor-element-5ea1a027 elementor-widget elementor-widget-image\" data-id=\"5ea1a027\" data-element_type=\"widget\" data-e-type=\"widget\" data-widget_type=\"image.default\">\n\t\t\t\t<div class=\"elementor-widget-container\">\n\t\t\t\t\t\t\t\t\t\t\t\t\t\t\t<img fetchpriority=\"high\" decoding=\"async\" width=\"1024\" height=\"728\" src=\"http:\/\/afreetech.com\/wp-content\/uploads\/2019\/10\/proposition3-1024x728.jpg\" class=\"attachment-large size-large wp-image-3062\" alt=\"\" srcset=\"http:\/\/afreetech.com\/wp-content\/uploads\/2019\/10\/proposition3-1024x728.jpg 1024w, http:\/\/afreetech.com\/wp-content\/uploads\/2019\/10\/proposition3-300x213.jpg 300w, http:\/\/afreetech.com\/wp-content\/uploads\/2019\/10\/proposition3-768x546.jpg 768w\" sizes=\"(max-width: 1024px) 100vw, 1024px\" \/>\t\t\t\t\t\t\t\t\t\t\t\t\t\t\t<\/div>\n\t\t\t\t<\/div>\n\t\t\t\t\t<\/div>\n\t\t<\/div>\n\t\t\t\t\t<\/div>\n\t\t<\/section>\n\t\t\t\t<section class=\"elementor-section elementor-top-section elementor-element elementor-element-2013da4 s-tilted elementor-section-boxed elementor-section-height-default elementor-section-height-default\" data-id=\"2013da4\" data-element_type=\"section\" data-e-type=\"section\" data-settings=\"{&quot;background_background&quot;:&quot;classic&quot;}\">\n\t\t\t\t\t\t<div class=\"elementor-container elementor-column-gap-default\">\n\t\t\t\t\t<div class=\"elementor-column elementor-col-100 elementor-top-column elementor-element elementor-element-f8d1244\" data-id=\"f8d1244\" data-element_type=\"column\" data-e-type=\"column\">\n\t\t\t<div class=\"elementor-widget-wrap elementor-element-populated\">\n\t\t\t\t\t\t<div class=\"elementor-element elementor-element-0f432ba elementor-widget elementor-widget-heading\" data-id=\"0f432ba\" data-element_type=\"widget\" data-e-type=\"widget\" data-widget_type=\"heading.default\">\n\t\t\t\t<div class=\"elementor-widget-container\">\n\t\t\t\t\t<h3 class=\"elementor-heading-title elementor-size-large\">Solutions<\/h3>\t\t\t\t<\/div>\n\t\t\t\t<\/div>\n\t\t\t\t<div class=\"elementor-element elementor-element-3291bd8 elementor-align-center aft-btn animated-slow elementor-invisible elementor-widget elementor-widget-button\" data-id=\"3291bd8\" data-element_type=\"widget\" data-e-type=\"widget\" data-settings=\"{&quot;_animation&quot;:&quot;fadeIn&quot;}\" data-widget_type=\"button.default\">\n\t\t\t\t<div class=\"elementor-widget-container\">\n\t\t\t\t\t\t\t\t\t<div class=\"elementor-button-wrapper\">\n\t\t\t\t\t<a class=\"elementor-button elementor-button-link elementor-size-sm\" href=\"#\">\n\t\t\t\t\t\t<span class=\"elementor-button-content-wrapper\">\n\t\t\t\t\t\t<span class=\"elementor-button-icon\">\n\t\t\t\t<svg xmlns=\"http:\/\/www.w3.org\/2000\/svg\" viewbox=\"0 0 36 36\"><title>arrow<\/title><g id=\"Layer_2\" data-name=\"Layer 2\"><g id=\"Layer_1-2\" data-name=\"Layer 1\"><g id=\"arrow\"><path d=\"M18,36A18,18,0,1,1,36,18,18,18,0,0,1,18,36ZM18,1A17,17,0,1,0,35,18,17,17,0,0,0,18,1Z\"><\/path><path d=\"M13,25l7.14-7L13,11.05,14.14,10l8,8-8,8Z\"><\/path><\/g><\/g><\/g><\/svg>\t\t\t<\/span>\n\t\t\t\t\t\t\t\t\t<span class=\"elementor-button-text\">Discover all our solutions<\/span>\n\t\t\t\t\t<\/span>\n\t\t\t\t\t<\/a>\n\t\t\t\t<\/div>\n\t\t\t\t\t\t\t\t<\/div>\n\t\t\t\t<\/div>\n\t\t\t\t\t<\/div>\n\t\t<\/div>\n\t\t\t\t\t<\/div>\n\t\t<\/section>\n\t\t\t\t<section class=\"elementor-section elementor-top-section elementor-element elementor-element-6e1ebba elementor-section-boxed elementor-section-height-default elementor-section-height-default\" data-id=\"6e1ebba\" data-element_type=\"section\" data-e-type=\"section\">\n\t\t\t\t\t\t<div class=\"elementor-container elementor-column-gap-default\">\n\t\t\t\t\t<div class=\"elementor-column elementor-col-33 elementor-top-column elementor-element elementor-element-e3ad884\" data-id=\"e3ad884\" data-element_type=\"column\" data-e-type=\"column\" data-settings=\"{&quot;background_background&quot;:&quot;classic&quot;}\">\n\t\t\t<div class=\"elementor-widget-wrap elementor-element-populated\">\n\t\t\t\t\t<div class=\"elementor-background-overlay\"><\/div>\n\t\t\t\t\t\t<div class=\"elementor-element elementor-element-03cac90 animated-slow elementor-invisible elementor-widget elementor-widget-heading\" data-id=\"03cac90\" data-element_type=\"widget\" data-e-type=\"widget\" data-settings=\"{&quot;_animation&quot;:&quot;fadeIn&quot;,&quot;_animation_delay&quot;:0}\" data-widget_type=\"heading.default\">\n\t\t\t\t<div class=\"elementor-widget-container\">\n\t\t\t\t\t<h4 class=\"elementor-heading-title elementor-size-default\">Des options attractives<\/h4>\t\t\t\t<\/div>\n\t\t\t\t<\/div>\n\t\t\t\t<div class=\"elementor-element elementor-element-c5842c4 animated-slow elementor-invisible elementor-widget elementor-widget-text-editor\" data-id=\"c5842c4\" data-element_type=\"widget\" data-e-type=\"widget\" data-settings=\"{&quot;_animation&quot;:&quot;fadeIn&quot;}\" data-widget_type=\"text-editor.default\">\n\t\t\t\t<div class=\"elementor-widget-container\">\n\t\t\t\t\t\t\t\t\t<p>The <strong>office rent<\/strong> \u00e0 temps plein dans un centre d\u2019affaires vous\u00a0 permet de profiter\u00a0 de la flexibilit\u00e9 du bail.<\/p>\t\t\t\t\t\t\t\t<\/div>\n\t\t\t\t<\/div>\n\t\t\t\t\t<\/div>\n\t\t<\/div>\n\t\t\t\t<div class=\"elementor-column elementor-col-33 elementor-top-column elementor-element elementor-element-18298c7\" data-id=\"18298c7\" data-element_type=\"column\" data-e-type=\"column\" data-settings=\"{&quot;background_background&quot;:&quot;classic&quot;}\">\n\t\t\t<div class=\"elementor-widget-wrap elementor-element-populated\">\n\t\t\t\t\t<div class=\"elementor-background-overlay\"><\/div>\n\t\t\t\t\t\t<div class=\"elementor-element elementor-element-ae99011 animated-slow elementor-invisible elementor-widget elementor-widget-heading\" data-id=\"ae99011\" data-element_type=\"widget\" data-e-type=\"widget\" data-settings=\"{&quot;_animation&quot;:&quot;fadeIn&quot;,&quot;_animation_delay&quot;:0}\" data-widget_type=\"heading.default\">\n\t\t\t\t<div class=\"elementor-widget-container\">\n\t\t\t\t\t<h4 class=\"elementor-heading-title elementor-size-default\">externalisation <\/h4>\t\t\t\t<\/div>\n\t\t\t\t<\/div>\n\t\t\t\t<div class=\"elementor-element elementor-element-e191b8a animated-slow elementor-invisible elementor-widget elementor-widget-text-editor\" data-id=\"e191b8a\" data-element_type=\"widget\" data-e-type=\"widget\" data-settings=\"{&quot;_animation&quot;:&quot;fadeIn&quot;}\" data-widget_type=\"text-editor.default\">\n\t\t\t\t<div class=\"elementor-widget-container\">\n\t\t\t\t\t\t\t\t\t<p>lib\u00e9rez-vous des formalit\u00e9s et t\u00e2ches administratives\u00a0 en <strong>externalisant\u00a0<\/strong> your <strong>secr\u00e9tariat.<\/strong><\/p>\t\t\t\t\t\t\t\t<\/div>\n\t\t\t\t<\/div>\n\t\t\t\t\t<\/div>\n\t\t<\/div>\n\t\t\t\t<div class=\"elementor-column elementor-col-33 elementor-top-column elementor-element elementor-element-2036b94\" data-id=\"2036b94\" data-element_type=\"column\" data-e-type=\"column\" data-settings=\"{&quot;background_background&quot;:&quot;classic&quot;}\">\n\t\t\t<div class=\"elementor-widget-wrap elementor-element-populated\">\n\t\t\t\t\t<div class=\"elementor-background-overlay\"><\/div>\n\t\t\t\t\t\t<div class=\"elementor-element elementor-element-582eb36 animated-slow elementor-invisible elementor-widget elementor-widget-heading\" data-id=\"582eb36\" data-element_type=\"widget\" data-e-type=\"widget\" data-settings=\"{&quot;_animation&quot;:&quot;fadeIn&quot;,&quot;_animation_delay&quot;:0}\" data-widget_type=\"heading.default\">\n\t\t\t\t<div class=\"elementor-widget-container\">\n\t\t\t\t\t<h4 class=\"elementor-heading-title elementor-size-default\">ressources<\/h4>\t\t\t\t<\/div>\n\t\t\t\t<\/div>\n\t\t\t\t<div class=\"elementor-element elementor-element-d83fe42 animated-slow elementor-invisible elementor-widget elementor-widget-text-editor\" data-id=\"d83fe42\" data-element_type=\"widget\" data-e-type=\"widget\" data-settings=\"{&quot;_animation&quot;:&quot;fadeIn&quot;}\" data-widget_type=\"text-editor.default\">\n\t\t\t\t<div class=\"elementor-widget-container\">\n\t\t\t\t\t\t\t\t\t<p>Enhance your customers' contact experience with the leader in mailing <strong>professional SMS<\/strong>.\u2026<\/p>\t\t\t\t\t\t\t\t<\/div>\n\t\t\t\t<\/div>\n\t\t\t\t\t<\/div>\n\t\t<\/div>\n\t\t\t\t\t<\/div>\n\t\t<\/section>\n\t\t\t\t<section class=\"elementor-section elementor-top-section elementor-element elementor-element-7a44181d s-tilted elementor-section-boxed elementor-section-height-default elementor-section-height-default\" data-id=\"7a44181d\" data-element_type=\"section\" data-e-type=\"section\" data-settings=\"{&quot;background_background&quot;:&quot;classic&quot;}\">\n\t\t\t\t\t\t<div class=\"elementor-container elementor-column-gap-default\">\n\t\t\t\t\t<div class=\"elementor-column elementor-col-100 elementor-top-column elementor-element elementor-element-6efce873\" data-id=\"6efce873\" data-element_type=\"column\" data-e-type=\"column\">\n\t\t\t<div class=\"elementor-widget-wrap elementor-element-populated\">\n\t\t\t\t\t\t<div class=\"elementor-element elementor-element-111eb7cc elementor-widget elementor-widget-heading\" data-id=\"111eb7cc\" data-element_type=\"widget\" data-e-type=\"widget\" data-widget_type=\"heading.default\">\n\t\t\t\t<div class=\"elementor-widget-container\">\n\t\t\t\t\t<h3 class=\"elementor-heading-title elementor-size-large\">Solutions<\/h3>\t\t\t\t<\/div>\n\t\t\t\t<\/div>\n\t\t\t\t<div class=\"elementor-element elementor-element-7fa9375d elementor-align-center aft-btn animated-slow elementor-invisible elementor-widget elementor-widget-button\" data-id=\"7fa9375d\" data-element_type=\"widget\" data-e-type=\"widget\" data-settings=\"{&quot;_animation&quot;:&quot;fadeIn&quot;}\" data-widget_type=\"button.default\">\n\t\t\t\t<div class=\"elementor-widget-container\">\n\t\t\t\t\t\t\t\t\t<div class=\"elementor-button-wrapper\">\n\t\t\t\t\t<a class=\"elementor-button elementor-button-link elementor-size-sm\" href=\"#\">\n\t\t\t\t\t\t<span class=\"elementor-button-content-wrapper\">\n\t\t\t\t\t\t<span class=\"elementor-button-icon\">\n\t\t\t\t<svg xmlns=\"http:\/\/www.w3.org\/2000\/svg\" viewbox=\"0 0 36 36\"><title>arrow<\/title><g id=\"Layer_2\" data-name=\"Layer 2\"><g id=\"Layer_1-2\" data-name=\"Layer 1\"><g id=\"arrow\"><path d=\"M18,36A18,18,0,1,1,36,18,18,18,0,0,1,18,36ZM18,1A17,17,0,1,0,35,18,17,17,0,0,0,18,1Z\"><\/path><path d=\"M13,25l7.14-7L13,11.05,14.14,10l8,8-8,8Z\"><\/path><\/g><\/g><\/g><\/svg>\t\t\t<\/span>\n\t\t\t\t\t\t\t\t\t<span class=\"elementor-button-text\">Discover all our solutions<\/span>\n\t\t\t\t\t<\/span>\n\t\t\t\t\t<\/a>\n\t\t\t\t<\/div>\n\t\t\t\t\t\t\t\t<\/div>\n\t\t\t\t<\/div>\n\t\t\t\t\t<\/div>\n\t\t<\/div>\n\t\t\t\t\t<\/div>\n\t\t<\/section>\n\t\t\t\t<\/div>","protected":false},"excerpt":{"rendered":"<p>Ma\u00eetrisez vos co\u00fbts Domicilier votre activit\u00e9 et\u00a0 concentrer vos capitaux sur son d\u00e9veloppement. b\u00e9n\u00e9ficiez d&#8217;une assistance juridique, administrative, continue pour l&#8217;ensemble de vos activit\u00e9s. Solutions arrow D\u00e9couvrez toutes nos solutions Des options attractives La location de bureau \u00e0 temps plein dans un centre d\u2019affaires vous\u00a0 permet de profiter\u00a0 de la flexibilit\u00e9 du bail. externalisation lib\u00e9rez-vous [&hellip;]<\/p>","protected":false},"author":7,"featured_media":0,"parent":0,"menu_order":0,"comment_status":"closed","ping_status":"closed","template":"elementor_header_footer","meta":{"_eb_attr":"","om_disable_all_campaigns":false,"footnotes":""},"class_list":["post-3974","page","type-page","status-publish","hentry","no-post-thumbnail"],"yoast_head":"<!-- This site is optimized with the Yoast SEO plugin v26.9 - https:\/\/yoast.com\/product\/yoast-seo-wordpress\/ -->\n<title>centre d&#039;affaires | AFREETECH<\/title>\n<meta name=\"robots\" content=\"index, follow, max-snippet:-1, max-image-preview:large, max-video-preview:-1\" \/>\n<link rel=\"canonical\" href=\"https:\/\/afreetech.com\/en\/centre-daffaires\/\" \/>\n<meta property=\"og:locale\" content=\"en_US\" \/>\n<meta property=\"og:type\" content=\"article\" \/>\n<meta property=\"og:title\" content=\"centre d&#039;affaires | AFREETECH\" \/>\n<meta property=\"og:description\" content=\"Ma\u00eetrisez vos co\u00fbts Domicilier votre activit\u00e9 et\u00a0 concentrer vos capitaux sur son d\u00e9veloppement. b\u00e9n\u00e9ficiez d&#8217;une assistance juridique, administrative, continue pour l&#8217;ensemble de vos activit\u00e9s. Solutions arrow D\u00e9couvrez toutes nos solutions Des options attractives La location de bureau \u00e0 temps plein dans un centre d\u2019affaires vous\u00a0 permet de profiter\u00a0 de la flexibilit\u00e9 du bail. externalisation lib\u00e9rez-vous [&hellip;]\" \/>\n<meta property=\"og:url\" content=\"https:\/\/afreetech.com\/en\/centre-daffaires\/\" \/>\n<meta property=\"og:site_name\" content=\"AFREETECH\" \/>\n<meta property=\"article:modified_time\" content=\"2024-09-14T11:31:22+00:00\" \/>\n<meta property=\"og:image\" content=\"http:\/\/afreetech.com\/wp-content\/uploads\/2019\/10\/proposition3-1024x728.jpg\" \/>\n<meta name=\"twitter:card\" content=\"summary_large_image\" \/>\n<meta name=\"twitter:label1\" content=\"Est. reading time\" \/>\n\t<meta name=\"twitter:data1\" content=\"1 minute\" \/>\n<script type=\"application\/ld+json\" class=\"yoast-schema-graph\">{\"@context\":\"https:\/\/schema.org\",\"@graph\":[{\"@type\":\"WebPage\",\"@id\":\"https:\/\/afreetech.com\/centre-daffaires\/\",\"url\":\"https:\/\/afreetech.com\/centre-daffaires\/\",\"name\":\"centre d'affaires | AFREETECH\",\"isPartOf\":{\"@id\":\"https:\/\/afreetech.com\/en\/#website\"},\"primaryImageOfPage\":{\"@id\":\"https:\/\/afreetech.com\/centre-daffaires\/#primaryimage\"},\"image\":{\"@id\":\"https:\/\/afreetech.com\/centre-daffaires\/#primaryimage\"},\"thumbnailUrl\":\"http:\/\/afreetech.com\/wp-content\/uploads\/2019\/10\/proposition3-1024x728.jpg\",\"datePublished\":\"2020-02-03T14:28:43+00:00\",\"dateModified\":\"2024-09-14T11:31:22+00:00\",\"breadcrumb\":{\"@id\":\"https:\/\/afreetech.com\/centre-daffaires\/#breadcrumb\"},\"inLanguage\":\"en-US\",\"potentialAction\":[{\"@type\":\"ReadAction\",\"target\":[\"https:\/\/afreetech.com\/centre-daffaires\/\"]}]},{\"@type\":\"ImageObject\",\"inLanguage\":\"en-US\",\"@id\":\"https:\/\/afreetech.com\/centre-daffaires\/#primaryimage\",\"url\":\"http:\/\/afreetech.com\/wp-content\/uploads\/2019\/10\/proposition3-1024x728.jpg\",\"contentUrl\":\"http:\/\/afreetech.com\/wp-content\/uploads\/2019\/10\/proposition3-1024x728.jpg\"},{\"@type\":\"BreadcrumbList\",\"@id\":\"https:\/\/afreetech.com\/centre-daffaires\/#breadcrumb\",\"itemListElement\":[{\"@type\":\"ListItem\",\"position\":1,\"name\":\"Home\",\"item\":\"https:\/\/afreetech.com\/en\/\"},{\"@type\":\"ListItem\",\"position\":2,\"name\":\"centre d&#8217;affaires\"}]},{\"@type\":\"WebSite\",\"@id\":\"https:\/\/afreetech.com\/en\/#website\",\"url\":\"https:\/\/afreetech.com\/en\/\",\"name\":\"AFREETECH\",\"description\":\"Ne vous trompez pas de direction.\",\"publisher\":{\"@id\":\"https:\/\/afreetech.com\/en\/#organization\"},\"potentialAction\":[{\"@type\":\"SearchAction\",\"target\":{\"@type\":\"EntryPoint\",\"urlTemplate\":\"https:\/\/afreetech.com\/en\/?s={search_term_string}\"},\"query-input\":{\"@type\":\"PropertyValueSpecification\",\"valueRequired\":true,\"valueName\":\"search_term_string\"}}],\"inLanguage\":\"en-US\"},{\"@type\":\"Organization\",\"@id\":\"https:\/\/afreetech.com\/en\/#organization\",\"name\":\"AFREETECH SARL\",\"url\":\"https:\/\/afreetech.com\/en\/\",\"logo\":{\"@type\":\"ImageObject\",\"inLanguage\":\"en-US\",\"@id\":\"https:\/\/afreetech.com\/en\/#\/schema\/logo\/image\/\",\"url\":\"http:\/\/afreetech.com\/wp-content\/uploads\/2021\/02\/aft2.png\",\"contentUrl\":\"http:\/\/afreetech.com\/wp-content\/uploads\/2021\/02\/aft2.png\",\"width\":185,\"height\":65,\"caption\":\"AFREETECH SARL\"},\"image\":{\"@id\":\"https:\/\/afreetech.com\/en\/#\/schema\/logo\/image\/\"}}]}<\/script>\n<!-- \/ Yoast SEO plugin. -->","yoast_head_json":{"title":"centre d'affaires | AFREETECH","robots":{"index":"index","follow":"follow","max-snippet":"max-snippet:-1","max-image-preview":"max-image-preview:large","max-video-preview":"max-video-preview:-1"},"canonical":"https:\/\/afreetech.com\/en\/centre-daffaires\/","og_locale":"en_US","og_type":"article","og_title":"centre d'affaires | AFREETECH","og_description":"Ma\u00eetrisez vos co\u00fbts Domicilier votre activit\u00e9 et\u00a0 concentrer vos capitaux sur son d\u00e9veloppement. b\u00e9n\u00e9ficiez d&#8217;une assistance juridique, administrative, continue pour l&#8217;ensemble de vos activit\u00e9s. Solutions arrow D\u00e9couvrez toutes nos solutions Des options attractives La location de bureau \u00e0 temps plein dans un centre d\u2019affaires vous\u00a0 permet de profiter\u00a0 de la flexibilit\u00e9 du bail. externalisation lib\u00e9rez-vous [&hellip;]","og_url":"https:\/\/afreetech.com\/en\/centre-daffaires\/","og_site_name":"AFREETECH","article_modified_time":"2024-09-14T11:31:22+00:00","og_image":[{"url":"http:\/\/afreetech.com\/wp-content\/uploads\/2019\/10\/proposition3-1024x728.jpg","type":"","width":"","height":""}],"twitter_card":"summary_large_image","twitter_misc":{"Est. reading time":"1 minute"},"schema":{"@context":"https:\/\/schema.org","@graph":[{"@type":"WebPage","@id":"https:\/\/afreetech.com\/centre-daffaires\/","url":"https:\/\/afreetech.com\/centre-daffaires\/","name":"centre d'affaires | AFREETECH","isPartOf":{"@id":"https:\/\/afreetech.com\/en\/#website"},"primaryImageOfPage":{"@id":"https:\/\/afreetech.com\/centre-daffaires\/#primaryimage"},"image":{"@id":"https:\/\/afreetech.com\/centre-daffaires\/#primaryimage"},"thumbnailUrl":"http:\/\/afreetech.com\/wp-content\/uploads\/2019\/10\/proposition3-1024x728.jpg","datePublished":"2020-02-03T14:28:43+00:00","dateModified":"2024-09-14T11:31:22+00:00","breadcrumb":{"@id":"https:\/\/afreetech.com\/centre-daffaires\/#breadcrumb"},"inLanguage":"en-US","potentialAction":[{"@type":"ReadAction","target":["https:\/\/afreetech.com\/centre-daffaires\/"]}]},{"@type":"ImageObject","inLanguage":"en-US","@id":"https:\/\/afreetech.com\/centre-daffaires\/#primaryimage","url":"http:\/\/afreetech.com\/wp-content\/uploads\/2019\/10\/proposition3-1024x728.jpg","contentUrl":"http:\/\/afreetech.com\/wp-content\/uploads\/2019\/10\/proposition3-1024x728.jpg"},{"@type":"BreadcrumbList","@id":"https:\/\/afreetech.com\/centre-daffaires\/#breadcrumb","itemListElement":[{"@type":"ListItem","position":1,"name":"Home","item":"https:\/\/afreetech.com\/en\/"},{"@type":"ListItem","position":2,"name":"centre d&#8217;affaires"}]},{"@type":"WebSite","@id":"https:\/\/afreetech.com\/en\/#website","url":"https:\/\/afreetech.com\/en\/","name":"AFREETECH","description":"Ne vous trompez pas de direction.","publisher":{"@id":"https:\/\/afreetech.com\/en\/#organization"},"potentialAction":[{"@type":"SearchAction","target":{"@type":"EntryPoint","urlTemplate":"https:\/\/afreetech.com\/en\/?s={search_term_string}"},"query-input":{"@type":"PropertyValueSpecification","valueRequired":true,"valueName":"search_term_string"}}],"inLanguage":"en-US"},{"@type":"Organization","@id":"https:\/\/afreetech.com\/en\/#organization","name":"AFREETECH SARL","url":"https:\/\/afreetech.com\/en\/","logo":{"@type":"ImageObject","inLanguage":"en-US","@id":"https:\/\/afreetech.com\/en\/#\/schema\/logo\/image\/","url":"http:\/\/afreetech.com\/wp-content\/uploads\/2021\/02\/aft2.png","contentUrl":"http:\/\/afreetech.com\/wp-content\/uploads\/2021\/02\/aft2.png","width":185,"height":65,"caption":"AFREETECH SARL"},"image":{"@id":"https:\/\/afreetech.com\/en\/#\/schema\/logo\/image\/"}}]}},"_links":{"self":[{"href":"https:\/\/afreetech.com\/en\/wp-json\/wp\/v2\/pages\/3974","targetHints":{"allow":["GET"]}}],"collection":[{"href":"https:\/\/afreetech.com\/en\/wp-json\/wp\/v2\/pages"}],"about":[{"href":"https:\/\/afreetech.com\/en\/wp-json\/wp\/v2\/types\/page"}],"author":[{"embeddable":true,"href":"https:\/\/afreetech.com\/en\/wp-json\/wp\/v2\/users\/7"}],"replies":[{"embeddable":true,"href":"https:\/\/afreetech.com\/en\/wp-json\/wp\/v2\/comments?post=3974"}],"version-history":[{"count":1,"href":"https:\/\/afreetech.com\/en\/wp-json\/wp\/v2\/pages\/3974\/revisions"}],"predecessor-version":[{"id":11201,"href":"https:\/\/afreetech.com\/en\/wp-json\/wp\/v2\/pages\/3974\/revisions\/11201"}],"wp:attachment":[{"href":"https:\/\/afreetech.com\/en\/wp-json\/wp\/v2\/media?parent=3974"}],"curies":[{"name":"wp","href":"https:\/\/api.w.org\/{rel}","templated":true}]}}