{"id":2060,"date":"2018-07-12T18:42:20","date_gmt":"2018-07-12T16:42:20","guid":{"rendered":"http:\/\/afreetech.com\/?page_id=2060"},"modified":"2018-07-18T14:04:34","modified_gmt":"2018-07-18T12:04:34","slug":"plan-du-site","status":"publish","type":"page","link":"https:\/\/afreetech.com\/en\/plan-du-site\/","title":{"rendered":"Sitemap"},"content":{"rendered":"<!-- Page-list plugin v.5.6 wordpress.org\/plugins\/page-list\/ -->\n<ul class=\"page-list\">\n<li class=\"page_item page-item-742\"><a href=\"https:\/\/afreetech.com\/en\/entreprise\/\">About  us<\/a><\/li>\n<li class=\"page_item page-item-358\"><a href=\"https:\/\/afreetech.com\/en\/\">Home<\/a><\/li>\n<li class=\"page_item page-item-851\"><a href=\"https:\/\/afreetech.com\/en\/actualite\/\">News<\/a><\/li>\n<li class=\"page_item page-item-861\"><a href=\"https:\/\/afreetech.com\/en\/audit-conseils\/\">Audit and advice projects<\/a><\/li>\n<li class=\"page_item page-item-1764 current_page_parent\"><a href=\"https:\/\/afreetech.com\/en\/blog\/\">Blog<\/a><\/li>\n<li class=\"page_item page-item-3974\"><a href=\"https:\/\/afreetech.com\/en\/centre-daffaires\/\">centre d&#8217;affaires<\/a><\/li>\n<li class=\"page_item page-item-624\"><a href=\"https:\/\/afreetech.com\/en\/contact\/\">Contact<\/a><\/li>\n<li class=\"page_item page-item-1081\"><a href=\"https:\/\/afreetech.com\/en\/demande-devis\/\">Request a quote<\/a><\/li>\n<li class=\"page_item page-item-1275\"><a href=\"https:\/\/afreetech.com\/en\/devenir-partenaire\/\">Become a partner<\/a><\/li>\n<li class=\"page_item page-item-867\"><a href=\"https:\/\/afreetech.com\/en\/formations\/\">Trainings<\/a><\/li>\n<li class=\"page_item page-item-871\"><a href=\"https:\/\/afreetech.com\/en\/gestion-de-la-relation-client\/\">Customer relationship management<\/a><\/li>\n<li class=\"page_item page-item-1626\"><a href=\"https:\/\/afreetech.com\/en\/solution-de-gestion-de-production-tresorerie-et-comptabilite\/\">Production management, treasury and accounting<\/a><\/li>\n<li class=\"page_item page-item-1623\"><a href=\"https:\/\/afreetech.com\/en\/solution-de-gestion-des-ressources-humaines-et-paie\/\">Human resources management and payroll<\/a><\/li>\n<li class=\"page_item page-item-873\"><a href=\"https:\/\/afreetech.com\/en\/gestion-administrative\/\">Electronic document management<\/a><\/li>\n<li class=\"page_item page-item-1618\"><a href=\"https:\/\/afreetech.com\/en\/life\/\">Hospital and pharmaceutical management<\/a><\/li>\n<li class=\"page_item page-item-3\"><a href=\"https:\/\/afreetech.com\/en\/informations-legales\/\">Legal information<\/a><\/li>\n<li class=\"page_item page-item-865\"><a href=\"https:\/\/afreetech.com\/en\/infrastructure\/\">Infrastructure<\/a><\/li>\n<li class=\"page_item page-item-7174\"><a href=\"https:\/\/afreetech.com\/en\/newsletter\/\">Newsletter<\/a><\/li>\n<li class=\"page_item page-item-847\"><a href=\"https:\/\/afreetech.com\/en\/clients\/\">Our customers<\/a><\/li>\n<li class=\"page_item page-item-971\"><a href=\"https:\/\/afreetech.com\/en\/partenaires\/\">Partners<\/a><\/li>\n<li class=\"page_item page-item-863\"><a href=\"https:\/\/afreetech.com\/en\/pilotage-projet\/\">Project management<\/a><\/li>\n<li class=\"page_item page-item-2060\"><a href=\"https:\/\/afreetech.com\/en\/plan-du-site\/\">Sitemap<\/a><\/li>\n<li class=\"page_item page-item-10829\"><a href=\"https:\/\/afreetech.com\/en\/politique-qualite\/\">Politique qualit\u00e9 : au c\u0153ur de notre syst\u00e8me de management<\/a><\/li>\n<li class=\"page_item page-item-875\"><a href=\"https:\/\/afreetech.com\/en\/erp\/\">Integrated management software package<\/a><\/li>\n<li class=\"page_item page-item-1616\"><a href=\"https:\/\/afreetech.com\/en\/keudal\/\">Professional Sms<\/a><\/li>\n<li class=\"page_item page-item-1778\"><a href=\"https:\/\/afreetech.com\/en\/solution-strategie-digitale\/\">Web marketing<\/a><\/li>\n\n<\/ul>","protected":false},"excerpt":{"rendered":"<p>Retrouvez facilement les informations utiles.<\/p>","protected":false},"author":7,"featured_media":2180,"parent":0,"menu_order":0,"comment_status":"closed","ping_status":"closed","template":"","meta":{"_eb_attr":"","om_disable_all_campaigns":false,"footnotes":""},"class_list":["post-2060","page","type-page","status-publish","has-post-thumbnail","hentry"],"yoast_head":"<!-- This site is optimized with the Yoast SEO plugin v26.9 - https:\/\/yoast.com\/product\/yoast-seo-wordpress\/ -->\n<title>Plan du site | AFREETECH<\/title>\n<meta name=\"description\" content=\"Plan du site: Rep\u00e9rez vous facilement \u00e0 l&#039;aide d&#039;un seul clic sur notre site internet en d\u00e9couvrant toute son architecture.\" \/>\n<meta name=\"robots\" content=\"index, follow, max-snippet:-1, max-image-preview:large, max-video-preview:-1\" \/>\n<link rel=\"canonical\" href=\"http:\/\/afreetech.com\/en\/plan-du-site\/\" \/>\n<meta property=\"og:locale\" content=\"en_US\" \/>\n<meta property=\"og:type\" content=\"article\" \/>\n<meta property=\"og:title\" content=\"Plan du site | AFREETECH\" \/>\n<meta property=\"og:description\" content=\"Plan du site: Rep\u00e9rez vous facilement \u00e0 l&#039;aide d&#039;un seul clic sur notre site internet en d\u00e9couvrant toute son architecture.\" \/>\n<meta property=\"og:url\" content=\"http:\/\/afreetech.com\/en\/plan-du-site\/\" \/>\n<meta property=\"og:site_name\" content=\"AFREETECH\" \/>\n<meta property=\"article:modified_time\" content=\"2018-07-18T12:04:34+00:00\" \/>\n<meta property=\"og:image\" content=\"http:\/\/afreetech.com\/wp-content\/uploads\/2018\/07\/aft-plan-1-1.jpg\" \/>\n\t<meta property=\"og:image:width\" content=\"1500\" \/>\n\t<meta property=\"og:image:height\" content=\"1033\" \/>\n\t<meta property=\"og:image:type\" content=\"image\/jpeg\" \/>\n<meta name=\"twitter:card\" content=\"summary_large_image\" \/>\n<meta name=\"twitter:title\" content=\"Plan du site | AFREETECH\" \/>\n<meta name=\"twitter:description\" content=\"Plan du site: Rep\u00e9rez vous facilement \u00e0 l&#039;aide d&#039;un seul clic sur notre site internet en d\u00e9couvrant toute son architecture.\" \/>\n<script type=\"application\/ld+json\" class=\"yoast-schema-graph\">{\"@context\":\"https:\/\/schema.org\",\"@graph\":[{\"@type\":\"WebPage\",\"@id\":\"http:\/\/afreetech.com\/en\/plan-du-site\/\",\"url\":\"http:\/\/afreetech.com\/en\/plan-du-site\/\",\"name\":\"Plan du site | AFREETECH\",\"isPartOf\":{\"@id\":\"https:\/\/afreetech.com\/#website\"},\"primaryImageOfPage\":{\"@id\":\"http:\/\/afreetech.com\/en\/plan-du-site\/#primaryimage\"},\"image\":{\"@id\":\"http:\/\/afreetech.com\/en\/plan-du-site\/#primaryimage\"},\"thumbnailUrl\":\"https:\/\/afreetech.com\/wp-content\/uploads\/2018\/07\/aft-plan-1-1.jpg\",\"datePublished\":\"2018-07-12T16:42:20+00:00\",\"dateModified\":\"2018-07-18T12:04:34+00:00\",\"description\":\"Plan du site: Rep\u00e9rez vous facilement \u00e0 l'aide d'un seul clic sur notre site internet en d\u00e9couvrant toute son architecture.\",\"breadcrumb\":{\"@id\":\"http:\/\/afreetech.com\/en\/plan-du-site\/#breadcrumb\"},\"inLanguage\":\"en-US\",\"potentialAction\":[{\"@type\":\"ReadAction\",\"target\":[\"http:\/\/afreetech.com\/en\/plan-du-site\/\"]}]},{\"@type\":\"ImageObject\",\"inLanguage\":\"en-US\",\"@id\":\"http:\/\/afreetech.com\/en\/plan-du-site\/#primaryimage\",\"url\":\"https:\/\/afreetech.com\/wp-content\/uploads\/2018\/07\/aft-plan-1-1.jpg\",\"contentUrl\":\"https:\/\/afreetech.com\/wp-content\/uploads\/2018\/07\/aft-plan-1-1.jpg\",\"width\":1500,\"height\":1033,\"caption\":\"plan du site\"},{\"@type\":\"BreadcrumbList\",\"@id\":\"http:\/\/afreetech.com\/en\/plan-du-site\/#breadcrumb\",\"itemListElement\":[{\"@type\":\"ListItem\",\"position\":1,\"name\":\"Home\",\"item\":\"https:\/\/afreetech.com\/\"},{\"@type\":\"ListItem\",\"position\":2,\"name\":\"Plan du site\"}]},{\"@type\":\"WebSite\",\"@id\":\"https:\/\/afreetech.com\/#website\",\"url\":\"https:\/\/afreetech.com\/\",\"name\":\"AFREETECH\",\"description\":\"Ne vous trompez pas de direction.\",\"publisher\":{\"@id\":\"https:\/\/afreetech.com\/#organization\"},\"potentialAction\":[{\"@type\":\"SearchAction\",\"target\":{\"@type\":\"EntryPoint\",\"urlTemplate\":\"https:\/\/afreetech.com\/?s={search_term_string}\"},\"query-input\":{\"@type\":\"PropertyValueSpecification\",\"valueRequired\":true,\"valueName\":\"search_term_string\"}}],\"inLanguage\":\"en-US\"},{\"@type\":\"Organization\",\"@id\":\"https:\/\/afreetech.com\/#organization\",\"name\":\"AFREETECH SARL\",\"url\":\"https:\/\/afreetech.com\/\",\"logo\":{\"@type\":\"ImageObject\",\"inLanguage\":\"en-US\",\"@id\":\"https:\/\/afreetech.com\/#\/schema\/logo\/image\/\",\"url\":\"http:\/\/afreetech.com\/wp-content\/uploads\/2021\/02\/aft2.png\",\"contentUrl\":\"http:\/\/afreetech.com\/wp-content\/uploads\/2021\/02\/aft2.png\",\"width\":185,\"height\":65,\"caption\":\"AFREETECH SARL\"},\"image\":{\"@id\":\"https:\/\/afreetech.com\/#\/schema\/logo\/image\/\"}}]}<\/script>\n<!-- \/ Yoast SEO plugin. -->","yoast_head_json":{"title":"Plan du site | AFREETECH","description":"Plan du site: Rep\u00e9rez vous facilement \u00e0 l'aide d'un seul clic sur notre site internet en d\u00e9couvrant toute son architecture.","robots":{"index":"index","follow":"follow","max-snippet":"max-snippet:-1","max-image-preview":"max-image-preview:large","max-video-preview":"max-video-preview:-1"},"canonical":"http:\/\/afreetech.com\/en\/plan-du-site\/","og_locale":"en_US","og_type":"article","og_title":"Plan du site | AFREETECH","og_description":"Plan du site: Rep\u00e9rez vous facilement \u00e0 l'aide d'un seul clic sur notre site internet en d\u00e9couvrant toute son architecture.","og_url":"http:\/\/afreetech.com\/en\/plan-du-site\/","og_site_name":"AFREETECH","article_modified_time":"2018-07-18T12:04:34+00:00","og_image":[{"width":1500,"height":1033,"url":"http:\/\/afreetech.com\/wp-content\/uploads\/2018\/07\/aft-plan-1-1.jpg","type":"image\/jpeg"}],"twitter_card":"summary_large_image","twitter_title":"Plan du site | AFREETECH","twitter_description":"Plan du site: Rep\u00e9rez vous facilement \u00e0 l'aide d'un seul clic sur notre site internet en d\u00e9couvrant toute son architecture.","schema":{"@context":"https:\/\/schema.org","@graph":[{"@type":"WebPage","@id":"http:\/\/afreetech.com\/en\/plan-du-site\/","url":"http:\/\/afreetech.com\/en\/plan-du-site\/","name":"Plan du site | AFREETECH","isPartOf":{"@id":"https:\/\/afreetech.com\/#website"},"primaryImageOfPage":{"@id":"http:\/\/afreetech.com\/en\/plan-du-site\/#primaryimage"},"image":{"@id":"http:\/\/afreetech.com\/en\/plan-du-site\/#primaryimage"},"thumbnailUrl":"https:\/\/afreetech.com\/wp-content\/uploads\/2018\/07\/aft-plan-1-1.jpg","datePublished":"2018-07-12T16:42:20+00:00","dateModified":"2018-07-18T12:04:34+00:00","description":"Plan du site: Rep\u00e9rez vous facilement \u00e0 l'aide d'un seul clic sur notre site internet en d\u00e9couvrant toute son architecture.","breadcrumb":{"@id":"http:\/\/afreetech.com\/en\/plan-du-site\/#breadcrumb"},"inLanguage":"en-US","potentialAction":[{"@type":"ReadAction","target":["http:\/\/afreetech.com\/en\/plan-du-site\/"]}]},{"@type":"ImageObject","inLanguage":"en-US","@id":"http:\/\/afreetech.com\/en\/plan-du-site\/#primaryimage","url":"https:\/\/afreetech.com\/wp-content\/uploads\/2018\/07\/aft-plan-1-1.jpg","contentUrl":"https:\/\/afreetech.com\/wp-content\/uploads\/2018\/07\/aft-plan-1-1.jpg","width":1500,"height":1033,"caption":"plan du site"},{"@type":"BreadcrumbList","@id":"http:\/\/afreetech.com\/en\/plan-du-site\/#breadcrumb","itemListElement":[{"@type":"ListItem","position":1,"name":"Home","item":"https:\/\/afreetech.com\/"},{"@type":"ListItem","position":2,"name":"Plan du site"}]},{"@type":"WebSite","@id":"https:\/\/afreetech.com\/#website","url":"https:\/\/afreetech.com\/","name":"AFREETECH","description":"Ne vous trompez pas de direction.","publisher":{"@id":"https:\/\/afreetech.com\/#organization"},"potentialAction":[{"@type":"SearchAction","target":{"@type":"EntryPoint","urlTemplate":"https:\/\/afreetech.com\/?s={search_term_string}"},"query-input":{"@type":"PropertyValueSpecification","valueRequired":true,"valueName":"search_term_string"}}],"inLanguage":"en-US"},{"@type":"Organization","@id":"https:\/\/afreetech.com\/#organization","name":"AFREETECH SARL","url":"https:\/\/afreetech.com\/","logo":{"@type":"ImageObject","inLanguage":"en-US","@id":"https:\/\/afreetech.com\/#\/schema\/logo\/image\/","url":"http:\/\/afreetech.com\/wp-content\/uploads\/2021\/02\/aft2.png","contentUrl":"http:\/\/afreetech.com\/wp-content\/uploads\/2021\/02\/aft2.png","width":185,"height":65,"caption":"AFREETECH SARL"},"image":{"@id":"https:\/\/afreetech.com\/#\/schema\/logo\/image\/"}}]}},"_links":{"self":[{"href":"https:\/\/afreetech.com\/en\/wp-json\/wp\/v2\/pages\/2060","targetHints":{"allow":["GET"]}}],"collection":[{"href":"https:\/\/afreetech.com\/en\/wp-json\/wp\/v2\/pages"}],"about":[{"href":"https:\/\/afreetech.com\/en\/wp-json\/wp\/v2\/types\/page"}],"author":[{"embeddable":true,"href":"https:\/\/afreetech.com\/en\/wp-json\/wp\/v2\/users\/7"}],"replies":[{"embeddable":true,"href":"https:\/\/afreetech.com\/en\/wp-json\/wp\/v2\/comments?post=2060"}],"version-history":[{"count":0,"href":"https:\/\/afreetech.com\/en\/wp-json\/wp\/v2\/pages\/2060\/revisions"}],"wp:featuredmedia":[{"embeddable":true,"href":"https:\/\/afreetech.com\/en\/wp-json\/wp\/v2\/media\/2180"}],"wp:attachment":[{"href":"https:\/\/afreetech.com\/en\/wp-json\/wp\/v2\/media?parent=2060"}],"curies":[{"name":"wp","href":"https:\/\/api.w.org\/{rel}","templated":true}]}}