{"id":10829,"date":"2024-08-27T11:58:45","date_gmt":"2024-08-27T10:58:45","guid":{"rendered":"http:\/\/afreetech.com\/?page_id=10829"},"modified":"2024-08-30T18:21:06","modified_gmt":"2024-08-30T17:21:06","slug":"politique-qualite","status":"publish","type":"page","link":"https:\/\/afreetech.com\/en\/politique-qualite\/","title":{"rendered":"Politique qualit\u00e9 : au c\u0153ur de notre syst\u00e8me de management"},"content":{"rendered":"<div data-elementor-type=\"wp-page\" data-elementor-id=\"10829\" class=\"elementor elementor-10829\">\n\t\t\t\t\t\t<section class=\"elementor-section elementor-top-section elementor-element elementor-element-6c97 elementor-section-content-middle elementor-reverse-mobile elementor-section-boxed elementor-section-height-default elementor-section-height-default elementor-invisible\" data-id=\"6c97\" data-element_type=\"section\" data-e-type=\"section\" data-settings=\"{&quot;animation&quot;:&quot;fadeIn&quot;}\">\n\t\t\t\t\t\t<div class=\"elementor-container elementor-column-gap-default\">\n\t\t\t\t\t<div class=\"elementor-column elementor-col-50 elementor-top-column elementor-element elementor-element-5cd8\" data-id=\"5cd8\" data-element_type=\"column\" data-e-type=\"column\">\n\t\t\t<div class=\"elementor-widget-wrap elementor-element-populated\">\n\t\t\t\t\t\t<div class=\"elementor-element elementor-element-45b5 elementor-widget__width-initial elementor-widget elementor-widget-heading\" data-id=\"45b5\" data-element_type=\"widget\" data-e-type=\"widget\" data-widget_type=\"heading.default\">\n\t\t\t\t<div class=\"elementor-widget-container\">\n\t\t\t\t\t<h3 class=\"elementor-heading-title elementor-size-default\">Politique qualit\u00e9 : r\u00f4le central<\/h3>\t\t\t\t<\/div>\n\t\t\t\t<\/div>\n\t\t\t\t<div class=\"elementor-element elementor-element-921bf53 elementor-widget__width-initial elementor-widget elementor-widget-text-editor\" data-id=\"921bf53\" data-element_type=\"widget\" data-e-type=\"widget\" data-widget_type=\"text-editor.default\">\n\t\t\t\t<div class=\"elementor-widget-container\">\n\t\t\t\t\t\t\t\t\t<ul>La politique qualit\u00e9, selon la <b>norme ISO 9001:2015<\/b>, est un \u00e9l\u00e9ment fondamental du syst\u00e8me de management de la qualit\u00e9 (<b><a href=\"https:\/\/fr.wikipedia.org\/wiki\/Syst%C3%A8me_de_management_de_la_qualit%C3%A9\">SMQ<\/a><\/b>). Elle exprime l&#8217;engagement de l&#8217;organisation envers la qualit\u00e9 et d\u00e9finit les objectifs et orientations g\u00e9n\u00e9rales en mati\u00e8re de qualit\u00e9. La norme exige que cette politique soit pertinente par rapport au contexte de l&#8217;organisation, align\u00e9e avec sa strat\u00e9gie, et qu&#8217;elle soit communiqu\u00e9e, comprise, et appliqu\u00e9e par tous les employ\u00e9s.<\/ul>\t\t\t\t\t\t\t\t<\/div>\n\t\t\t\t<\/div>\n\t\t\t\t\t<\/div>\n\t\t<\/div>\n\t\t\t\t<div class=\"elementor-column elementor-col-50 elementor-top-column elementor-element elementor-element-1b16\" data-id=\"1b16\" data-element_type=\"column\" data-e-type=\"column\">\n\t\t\t<div class=\"elementor-widget-wrap elementor-element-populated\">\n\t\t\t\t\t\t<div class=\"elementor-element elementor-element-831 elementor-widget elementor-widget-image\" data-id=\"831\" data-element_type=\"widget\" data-e-type=\"widget\" data-widget_type=\"image.default\">\n\t\t\t\t<div class=\"elementor-widget-container\">\n\t\t\t\t\t\t\t\t\t\t\t\t\t\t\t<img fetchpriority=\"high\" decoding=\"async\" width=\"2560\" height=\"1928\" src=\"https:\/\/afreetech.com\/wp-content\/uploads\/2024\/08\/PXL_20240824_131634865-scaled.jpg\" class=\"attachment-full size-full wp-image-10838\" alt=\"Politique qualite\" srcset=\"https:\/\/afreetech.com\/wp-content\/uploads\/2024\/08\/PXL_20240824_131634865-scaled.jpg 2560w, https:\/\/afreetech.com\/wp-content\/uploads\/2024\/08\/PXL_20240824_131634865-300x226.jpg 300w, https:\/\/afreetech.com\/wp-content\/uploads\/2024\/08\/PXL_20240824_131634865-1024x771.jpg 1024w, https:\/\/afreetech.com\/wp-content\/uploads\/2024\/08\/PXL_20240824_131634865-768x578.jpg 768w, https:\/\/afreetech.com\/wp-content\/uploads\/2024\/08\/PXL_20240824_131634865-1536x1157.jpg 1536w, https:\/\/afreetech.com\/wp-content\/uploads\/2024\/08\/PXL_20240824_131634865-2048x1542.jpg 2048w, https:\/\/afreetech.com\/wp-content\/uploads\/2024\/08\/PXL_20240824_131634865-16x12.jpg 16w\" sizes=\"(max-width: 2560px) 100vw, 2560px\" \/>\t\t\t\t\t\t\t\t\t\t\t\t\t\t\t<\/div>\n\t\t\t\t<\/div>\n\t\t\t\t\t<\/div>\n\t\t<\/div>\n\t\t\t\t\t<\/div>\n\t\t<\/section>\n\t\t\t\t<section class=\"elementor-section elementor-top-section elementor-element elementor-element-76ee elementor-section-content-middle elementor-section-stretched elementor-section-boxed elementor-section-height-default elementor-section-height-default elementor-invisible\" data-id=\"76ee\" data-element_type=\"section\" data-e-type=\"section\" data-settings=\"{&quot;stretch_section&quot;:&quot;section-stretched&quot;,&quot;animation&quot;:&quot;fadeIn&quot;}\">\n\t\t\t\t\t\t<div class=\"elementor-container elementor-column-gap-default\">\n\t\t\t\t\t<div class=\"elementor-column elementor-col-50 elementor-top-column elementor-element elementor-element-766d\" data-id=\"766d\" data-element_type=\"column\" data-e-type=\"column\">\n\t\t\t<div class=\"elementor-widget-wrap elementor-element-populated\">\n\t\t\t\t\t\t<div class=\"elementor-element elementor-element-6e84 elementor-widget elementor-widget-image\" data-id=\"6e84\" data-element_type=\"widget\" data-e-type=\"widget\" data-widget_type=\"image.default\">\n\t\t\t\t<div class=\"elementor-widget-container\">\n\t\t\t\t\t\t\t\t\t\t\t\t\t\t\t<img decoding=\"async\" width=\"2560\" height=\"1707\" src=\"https:\/\/afreetech.com\/wp-content\/uploads\/2024\/08\/20943854-scaled.jpg\" class=\"attachment-full size-full wp-image-10833\" alt=\"\" srcset=\"https:\/\/afreetech.com\/wp-content\/uploads\/2024\/08\/20943854-scaled.jpg 2560w, https:\/\/afreetech.com\/wp-content\/uploads\/2024\/08\/20943854-300x200.jpg 300w, https:\/\/afreetech.com\/wp-content\/uploads\/2024\/08\/20943854-1024x683.jpg 1024w, https:\/\/afreetech.com\/wp-content\/uploads\/2024\/08\/20943854-768x512.jpg 768w, https:\/\/afreetech.com\/wp-content\/uploads\/2024\/08\/20943854-1536x1024.jpg 1536w, https:\/\/afreetech.com\/wp-content\/uploads\/2024\/08\/20943854-2048x1365.jpg 2048w, https:\/\/afreetech.com\/wp-content\/uploads\/2024\/08\/20943854-18x12.jpg 18w\" sizes=\"(max-width: 2560px) 100vw, 2560px\" \/>\t\t\t\t\t\t\t\t\t\t\t\t\t\t\t<\/div>\n\t\t\t\t<\/div>\n\t\t\t\t\t<\/div>\n\t\t<\/div>\n\t\t\t\t<div class=\"elementor-column elementor-col-50 elementor-top-column elementor-element elementor-element-c69\" data-id=\"c69\" data-element_type=\"column\" data-e-type=\"column\">\n\t\t\t<div class=\"elementor-widget-wrap elementor-element-populated\">\n\t\t\t\t\t\t<div class=\"elementor-element elementor-element-b902230 elementor-widget elementor-widget-heading\" data-id=\"b902230\" data-element_type=\"widget\" data-e-type=\"widget\" data-widget_type=\"heading.default\">\n\t\t\t\t<div class=\"elementor-widget-container\">\n\t\t\t\t\t<h3 class=\"elementor-heading-title elementor-size-default\">ISO 9001\/2015 : Les exigences <\/h3>\t\t\t\t<\/div>\n\t\t\t\t<\/div>\n\t\t\t\t<div class=\"elementor-element elementor-element-3b33 elementor-widget__width-initial elementor-widget elementor-widget-text-editor\" data-id=\"3b33\" data-element_type=\"widget\" data-e-type=\"widget\" data-widget_type=\"text-editor.default\">\n\t\t\t\t<div class=\"elementor-widget-container\">\n\t\t\t\t\t\t\t\t\t<p>La norme ISO 9001:2015 repose sur plusieurs exigences cl\u00e9s pour \u00e9tablir un syst\u00e8me de management de la qualit\u00e9 (SMQ) efficace. Nous pouvons citer entre autres :<\/p>\n<ul>\n<li><strong>Le leadership et l&#8217;engagement<\/strong> : D\u00e9finir la politique qualit\u00e9 et s&#8217;assurer de l&#8217;engagement de la direction pour le SMQ.<\/li>\n<li><strong>La planification<\/strong> : Identifier les risques, opportunit\u00e9s, et objectifs qualit\u00e9, et planifier les actions n\u00e9cessaires.<\/li>\n<li><strong>Support et Ressources : <\/strong>Assurer la gestion efficace des ressources, comp\u00e9tences, et communication.<\/li>\n<li>\n<p><strong>\u00c9valuation et Am\u00e9lioration<\/strong> : Mesurer la performance, analyser les r\u00e9sultats, et promouvoir l&#8217;am\u00e9lioration continue.<\/p>\n<\/li>\n<\/ul>\n<p>Ces exigences visent \u00e0 garantir que l&#8217;organisation fournit syst\u00e9matiquement des produits et services de qualit\u00e9, r\u00e9pondant aux attentes des clients et aux exigences r\u00e9glementaires.<\/p>\t\t\t\t\t\t\t\t<\/div>\n\t\t\t\t<\/div>\n\t\t\t\t\t<\/div>\n\t\t<\/div>\n\t\t\t\t\t<\/div>\n\t\t<\/section>\n\t\t\t\t<section class=\"elementor-section elementor-top-section elementor-element elementor-element-b042ab0 elementor-section-content-middle elementor-section-stretched elementor-section-boxed elementor-section-height-default elementor-section-height-default elementor-invisible\" data-id=\"b042ab0\" data-element_type=\"section\" data-e-type=\"section\" data-settings=\"{&quot;stretch_section&quot;:&quot;section-stretched&quot;,&quot;animation&quot;:&quot;fadeIn&quot;}\">\n\t\t\t\t\t\t<div class=\"elementor-container elementor-column-gap-default\">\n\t\t\t\t\t<div class=\"elementor-column elementor-col-50 elementor-top-column elementor-element elementor-element-0d6cd9b\" data-id=\"0d6cd9b\" data-element_type=\"column\" data-e-type=\"column\">\n\t\t\t<div class=\"elementor-widget-wrap elementor-element-populated\">\n\t\t\t\t\t\t<div class=\"elementor-element elementor-element-3c7160e elementor-widget elementor-widget-heading\" data-id=\"3c7160e\" data-element_type=\"widget\" data-e-type=\"widget\" data-widget_type=\"heading.default\">\n\t\t\t\t<div class=\"elementor-widget-container\">\n\t\t\t\t\t<h3 class=\"elementor-heading-title elementor-size-default\">Une am\u00e9lioration continue<\/h3>\t\t\t\t<\/div>\n\t\t\t\t<\/div>\n\t\t\t\t<div class=\"elementor-element elementor-element-aa7e193 elementor-widget elementor-widget-text-editor\" data-id=\"aa7e193\" data-element_type=\"widget\" data-e-type=\"widget\" data-widget_type=\"text-editor.default\">\n\t\t\t\t<div class=\"elementor-widget-container\">\n\t\t\t\t\t\t\t\t\t<p>La politique qualit\u00e9, s&#8217;identifie \u00e0 une boussole qui guide l&#8217;organisation vers l&#8217;excellence. Afin de garantir une am\u00e9lioration continue, elle doit \u00eatre r\u00e9guli\u00e8rement calibr\u00e9e en fonction des \u00e9volutions du contexte et des attentes des parties prenantes.<\/p><p>une politique qualit\u00e9 bien d\u00e9finie contribue \u00e0 la r\u00e9ussite \u00e0 long terme de l&#8217;entreprise. Elle apporte plusieurs b\u00e9n\u00e9fices significatifs \u00e0 une entreprise notamment :<\/p><ul><li><strong>Am\u00e9lioration de la satisfaction client<\/strong> : En alignant les produits et services sur les attentes des clients, une politique qualit\u00e9 bien d\u00e9finie permet d&#8217;augmenter la satisfaction client, ce qui peut conduire \u00e0 une fid\u00e9lisation accrue.<\/li><li><strong>Operational efficiency<\/strong> :\u00a0 En d\u00e9finissant des objectifs clairs et en rationalisant les processus, elle peut am\u00e9liorer la productivit\u00e9, permettant \u00e0 l&#8217;entreprise de faire plus avec moins. Une politique qualit\u00e9 bien communiqu\u00e9e et soutenue par la direction implique les employ\u00e9s dans la qu\u00eate de la qualit\u00e9.\u00a0<\/li><li><strong>Avantage concurrentiel<\/strong> : En offrant des produits et services de qualit\u00e9 sup\u00e9rieure, l&#8217;entreprise peut se distinguer de ses concurrents et gagner des parts de march\u00e9.s&#8217;identifie<\/li><\/ul>\t\t\t\t\t\t\t\t<\/div>\n\t\t\t\t<\/div>\n\t\t\t\t\t<\/div>\n\t\t<\/div>\n\t\t\t\t<div class=\"elementor-column elementor-col-50 elementor-top-column elementor-element elementor-element-17d11a9\" data-id=\"17d11a9\" data-element_type=\"column\" data-e-type=\"column\">\n\t\t\t<div class=\"elementor-widget-wrap elementor-element-populated\">\n\t\t\t\t\t\t<div class=\"elementor-element elementor-element-63f8965 elementor-widget elementor-widget-image\" data-id=\"63f8965\" data-element_type=\"widget\" data-e-type=\"widget\" data-widget_type=\"image.default\">\n\t\t\t\t<div class=\"elementor-widget-container\">\n\t\t\t\t\t\t\t\t\t\t\t\t\t\t\t<img decoding=\"async\" width=\"2560\" height=\"1536\" src=\"https:\/\/afreetech.com\/wp-content\/uploads\/2024\/08\/17826-scaled.jpg\" class=\"attachment-full size-full wp-image-10834\" alt=\"Qualite control\" srcset=\"https:\/\/afreetech.com\/wp-content\/uploads\/2024\/08\/17826-scaled.jpg 2560w, https:\/\/afreetech.com\/wp-content\/uploads\/2024\/08\/17826-300x180.jpg 300w, https:\/\/afreetech.com\/wp-content\/uploads\/2024\/08\/17826-1024x614.jpg 1024w, https:\/\/afreetech.com\/wp-content\/uploads\/2024\/08\/17826-768x461.jpg 768w, https:\/\/afreetech.com\/wp-content\/uploads\/2024\/08\/17826-1536x922.jpg 1536w, https:\/\/afreetech.com\/wp-content\/uploads\/2024\/08\/17826-2048x1229.jpg 2048w, https:\/\/afreetech.com\/wp-content\/uploads\/2024\/08\/17826-18x12.jpg 18w\" sizes=\"(max-width: 2560px) 100vw, 2560px\" \/>\t\t\t\t\t\t\t\t\t\t\t\t\t\t\t<\/div>\n\t\t\t\t<\/div>\n\t\t\t\t\t<\/div>\n\t\t<\/div>\n\t\t\t\t\t<\/div>\n\t\t<\/section>\n\t\t\t\t<section class=\"elementor-section elementor-top-section elementor-element elementor-element-ae4b08a elementor-section-content-middle elementor-section-stretched elementor-section-boxed elementor-section-height-default elementor-section-height-default elementor-invisible\" data-id=\"ae4b08a\" data-element_type=\"section\" data-e-type=\"section\" data-settings=\"{&quot;stretch_section&quot;:&quot;section-stretched&quot;,&quot;animation&quot;:&quot;fadeIn&quot;}\">\n\t\t\t\t\t\t<div class=\"elementor-container elementor-column-gap-default\">\n\t\t\t\t\t<div class=\"elementor-column elementor-col-100 elementor-top-column elementor-element elementor-element-aa2f457\" data-id=\"aa2f457\" data-element_type=\"column\" data-e-type=\"column\">\n\t\t\t<div class=\"elementor-widget-wrap elementor-element-populated\">\n\t\t\t\t\t\t<div class=\"elementor-element elementor-element-dfde92d elementor-widget elementor-widget-heading\" data-id=\"dfde92d\" data-element_type=\"widget\" data-e-type=\"widget\" data-widget_type=\"heading.default\">\n\t\t\t\t<div class=\"elementor-widget-container\">\n\t\t\t\t\t<h3 class=\"elementor-heading-title elementor-size-default\">Notre Politique Qualit\u00e9<\/h3>\t\t\t\t<\/div>\n\t\t\t\t<\/div>\n\t\t\t\t<div class=\"elementor-element elementor-element-ad1ab8b elementor-widget__width-inherit elementor-widget-divider--view-line elementor-widget elementor-widget-divider\" data-id=\"ad1ab8b\" data-element_type=\"widget\" data-e-type=\"widget\" data-widget_type=\"divider.default\">\n\t\t\t\t<div class=\"elementor-widget-container\">\n\t\t\t\t\t\t\t<div class=\"elementor-divider\">\n\t\t\t<span class=\"elementor-divider-separator\">\n\t\t\t\t\t\t<\/span>\n\t\t<\/div>\n\t\t\t\t\t\t<\/div>\n\t\t\t\t<\/div>\n\t\t\t\t<div class=\"elementor-element elementor-element-de83209 elementor-widget elementor-widget-text-editor\" data-id=\"de83209\" data-element_type=\"widget\" data-e-type=\"widget\" data-widget_type=\"text-editor.default\">\n\t\t\t\t<div class=\"elementor-widget-container\">\n\t\t\t\t\t\t\t\t\t<p>Nous\u00a0partageons\u00a0avec\u00a0vous\u00a0notre\u00a0engagement\u00a0\u00e0\u00a0vous\u00a0offrir\u00a0des\u00a0solutions\u00a0de\u00a0qualit\u00e9\u00a0\u00e0\u00a0forte\u00a0valeur\u00a0ajout\u00e9e\u00a0o\u00f9\u00a0que\u00a0vous\u00a0soyez.<\/p>\t\t\t\t\t\t\t\t<\/div>\n\t\t\t\t<\/div>\n\t\t\t\t\t<\/div>\n\t\t<\/div>\n\t\t\t\t\t<\/div>\n\t\t<\/section>\n\t\t\t\t<\/div>","protected":false},"excerpt":{"rendered":"<p>Nous avons pour ambition de garder une position dominante dans notre secteur d&#8217;activit\u00e9s au Cameroun, en continuant d&#8217;offrir des solutions de qualit\u00e9 \u00e0 forte valeur ajout\u00e9e<\/p>","protected":false},"author":8,"featured_media":10832,"parent":0,"menu_order":0,"comment_status":"closed","ping_status":"closed","template":"","meta":{"_eb_attr":"","om_disable_all_campaigns":false,"footnotes":""},"class_list":["post-10829","page","type-page","status-publish","has-post-thumbnail","hentry"],"yoast_head":"<!-- This site is optimized with the Yoast SEO plugin v26.9 - https:\/\/yoast.com\/product\/yoast-seo-wordpress\/ -->\n<title>Politique qualit\u00e9 : Respect fid\u00e8le des engagements et proc\u00e9dures<\/title>\n<meta name=\"description\" content=\"La politique qualit\u00e9 est cruciale pour un SMQ efficace, et la norme ISO 9001: 2015 en impose une exigence pr\u00e9cis\" \/>\n<meta name=\"robots\" content=\"index, follow, max-snippet:-1, max-image-preview:large, max-video-preview:-1\" \/>\n<link rel=\"canonical\" href=\"https:\/\/afreetech.com\/en\/politique-qualite\/\" \/>\n<meta property=\"og:locale\" content=\"en_US\" \/>\n<meta property=\"og:type\" content=\"article\" \/>\n<meta property=\"og:title\" content=\"Audit et conseils - Expertises | AFREETECH\" \/>\n<meta property=\"og:description\" content=\"Nos services d&#039;audit vous accompagnent dans la ma\u00eetrise, la gestion des risques IT et la s\u00e9curisation de votre syst\u00e8me d\u2019information.\" \/>\n<meta property=\"og:url\" content=\"https:\/\/afreetech.com\/en\/politique-qualite\/\" \/>\n<meta property=\"og:site_name\" content=\"AFREETECH\" \/>\n<meta property=\"article:modified_time\" content=\"2024-08-30T17:21:06+00:00\" \/>\n<meta property=\"og:image\" content=\"https:\/\/afreetech.com\/wp-content\/uploads\/2024\/08\/19197627-scaled.jpg\" \/>\n\t<meta property=\"og:image:width\" content=\"2560\" \/>\n\t<meta property=\"og:image:height\" content=\"1707\" \/>\n\t<meta property=\"og:image:type\" content=\"image\/jpeg\" \/>\n<meta name=\"twitter:card\" content=\"summary_large_image\" \/>\n<meta name=\"twitter:title\" content=\"Audit et conseils - Expertises | AFREETECH\" \/>\n<meta name=\"twitter:description\" content=\"Nos services d&#039;audit vous accompagnent dans la ma\u00eetrise, la gestion des risques IT et la s\u00e9curisation de votre syst\u00e8me d\u2019information.\" \/>\n<meta name=\"twitter:label1\" content=\"Est. reading time\" \/>\n\t<meta name=\"twitter:data1\" content=\"3 minutes\" \/>\n<script type=\"application\/ld+json\" class=\"yoast-schema-graph\">{\"@context\":\"https:\/\/schema.org\",\"@graph\":[{\"@type\":\"WebPage\",\"@id\":\"https:\/\/afreetech.com\/politique-qualite\/\",\"url\":\"https:\/\/afreetech.com\/politique-qualite\/\",\"name\":\"Politique qualit\u00e9 : Respect fid\u00e8le des engagements et proc\u00e9dures\",\"isPartOf\":{\"@id\":\"https:\/\/afreetech.com\/#website\"},\"primaryImageOfPage\":{\"@id\":\"https:\/\/afreetech.com\/politique-qualite\/#primaryimage\"},\"image\":{\"@id\":\"https:\/\/afreetech.com\/politique-qualite\/#primaryimage\"},\"thumbnailUrl\":\"https:\/\/afreetech.com\/wp-content\/uploads\/2024\/08\/19197627-scaled.jpg\",\"datePublished\":\"2024-08-27T10:58:45+00:00\",\"dateModified\":\"2024-08-30T17:21:06+00:00\",\"description\":\"La politique qualit\u00e9 est cruciale pour un SMQ efficace, et la norme ISO 9001: 2015 en impose une exigence pr\u00e9cis\",\"breadcrumb\":{\"@id\":\"https:\/\/afreetech.com\/politique-qualite\/#breadcrumb\"},\"inLanguage\":\"en-US\",\"potentialAction\":[{\"@type\":\"ReadAction\",\"target\":[\"https:\/\/afreetech.com\/politique-qualite\/\"]}]},{\"@type\":\"ImageObject\",\"inLanguage\":\"en-US\",\"@id\":\"https:\/\/afreetech.com\/politique-qualite\/#primaryimage\",\"url\":\"https:\/\/afreetech.com\/wp-content\/uploads\/2024\/08\/19197627-scaled.jpg\",\"contentUrl\":\"https:\/\/afreetech.com\/wp-content\/uploads\/2024\/08\/19197627-scaled.jpg\",\"width\":2560,\"height\":1707,\"caption\":\"Approval mark. Product advantage. Rating and reviews. Meeting requirements. High quality sign, quality control sign, quality assurance sign concept. Bright vibrant violet vector isolated illustration\"},{\"@type\":\"BreadcrumbList\",\"@id\":\"https:\/\/afreetech.com\/politique-qualite\/#breadcrumb\",\"itemListElement\":[{\"@type\":\"ListItem\",\"position\":1,\"name\":\"Home\",\"item\":\"https:\/\/afreetech.com\/\"},{\"@type\":\"ListItem\",\"position\":2,\"name\":\"Politique qualit\u00e9 : au c\u0153ur de notre syst\u00e8me de management\"}]},{\"@type\":\"WebSite\",\"@id\":\"https:\/\/afreetech.com\/#website\",\"url\":\"https:\/\/afreetech.com\/\",\"name\":\"AFREETECH\",\"description\":\"Ne vous trompez pas de direction.\",\"publisher\":{\"@id\":\"https:\/\/afreetech.com\/#organization\"},\"potentialAction\":[{\"@type\":\"SearchAction\",\"target\":{\"@type\":\"EntryPoint\",\"urlTemplate\":\"https:\/\/afreetech.com\/?s={search_term_string}\"},\"query-input\":{\"@type\":\"PropertyValueSpecification\",\"valueRequired\":true,\"valueName\":\"search_term_string\"}}],\"inLanguage\":\"en-US\"},{\"@type\":\"Organization\",\"@id\":\"https:\/\/afreetech.com\/#organization\",\"name\":\"AFREETECH SARL\",\"url\":\"https:\/\/afreetech.com\/\",\"logo\":{\"@type\":\"ImageObject\",\"inLanguage\":\"en-US\",\"@id\":\"https:\/\/afreetech.com\/#\/schema\/logo\/image\/\",\"url\":\"http:\/\/afreetech.com\/wp-content\/uploads\/2021\/02\/aft2.png\",\"contentUrl\":\"http:\/\/afreetech.com\/wp-content\/uploads\/2021\/02\/aft2.png\",\"width\":185,\"height\":65,\"caption\":\"AFREETECH SARL\"},\"image\":{\"@id\":\"https:\/\/afreetech.com\/#\/schema\/logo\/image\/\"}}]}<\/script>\n<!-- \/ Yoast SEO plugin. -->","yoast_head_json":{"title":"Politique qualit\u00e9 : Respect fid\u00e8le des engagements et proc\u00e9dures","description":"La politique qualit\u00e9 est cruciale pour un SMQ efficace, et la norme ISO 9001: 2015 en impose une exigence pr\u00e9cis","robots":{"index":"index","follow":"follow","max-snippet":"max-snippet:-1","max-image-preview":"max-image-preview:large","max-video-preview":"max-video-preview:-1"},"canonical":"https:\/\/afreetech.com\/en\/politique-qualite\/","og_locale":"en_US","og_type":"article","og_title":"Audit et conseils - Expertises | AFREETECH","og_description":"Nos services d'audit vous accompagnent dans la ma\u00eetrise, la gestion des risques IT et la s\u00e9curisation de votre syst\u00e8me d\u2019information.","og_url":"https:\/\/afreetech.com\/en\/politique-qualite\/","og_site_name":"AFREETECH","article_modified_time":"2024-08-30T17:21:06+00:00","og_image":[{"width":2560,"height":1707,"url":"https:\/\/afreetech.com\/wp-content\/uploads\/2024\/08\/19197627-scaled.jpg","type":"image\/jpeg"}],"twitter_card":"summary_large_image","twitter_title":"Audit et conseils - Expertises | AFREETECH","twitter_description":"Nos services d'audit vous accompagnent dans la ma\u00eetrise, la gestion des risques IT et la s\u00e9curisation de votre syst\u00e8me d\u2019information.","twitter_misc":{"Est. reading time":"3 minutes"},"schema":{"@context":"https:\/\/schema.org","@graph":[{"@type":"WebPage","@id":"https:\/\/afreetech.com\/politique-qualite\/","url":"https:\/\/afreetech.com\/politique-qualite\/","name":"Politique qualit\u00e9 : Respect fid\u00e8le des engagements et proc\u00e9dures","isPartOf":{"@id":"https:\/\/afreetech.com\/#website"},"primaryImageOfPage":{"@id":"https:\/\/afreetech.com\/politique-qualite\/#primaryimage"},"image":{"@id":"https:\/\/afreetech.com\/politique-qualite\/#primaryimage"},"thumbnailUrl":"https:\/\/afreetech.com\/wp-content\/uploads\/2024\/08\/19197627-scaled.jpg","datePublished":"2024-08-27T10:58:45+00:00","dateModified":"2024-08-30T17:21:06+00:00","description":"La politique qualit\u00e9 est cruciale pour un SMQ efficace, et la norme ISO 9001: 2015 en impose une exigence pr\u00e9cis","breadcrumb":{"@id":"https:\/\/afreetech.com\/politique-qualite\/#breadcrumb"},"inLanguage":"en-US","potentialAction":[{"@type":"ReadAction","target":["https:\/\/afreetech.com\/politique-qualite\/"]}]},{"@type":"ImageObject","inLanguage":"en-US","@id":"https:\/\/afreetech.com\/politique-qualite\/#primaryimage","url":"https:\/\/afreetech.com\/wp-content\/uploads\/2024\/08\/19197627-scaled.jpg","contentUrl":"https:\/\/afreetech.com\/wp-content\/uploads\/2024\/08\/19197627-scaled.jpg","width":2560,"height":1707,"caption":"Approval mark. Product advantage. Rating and reviews. Meeting requirements. High quality sign, quality control sign, quality assurance sign concept. Bright vibrant violet vector isolated illustration"},{"@type":"BreadcrumbList","@id":"https:\/\/afreetech.com\/politique-qualite\/#breadcrumb","itemListElement":[{"@type":"ListItem","position":1,"name":"Home","item":"https:\/\/afreetech.com\/"},{"@type":"ListItem","position":2,"name":"Politique qualit\u00e9 : au c\u0153ur de notre syst\u00e8me de management"}]},{"@type":"WebSite","@id":"https:\/\/afreetech.com\/#website","url":"https:\/\/afreetech.com\/","name":"AFREETECH","description":"Ne vous trompez pas de direction.","publisher":{"@id":"https:\/\/afreetech.com\/#organization"},"potentialAction":[{"@type":"SearchAction","target":{"@type":"EntryPoint","urlTemplate":"https:\/\/afreetech.com\/?s={search_term_string}"},"query-input":{"@type":"PropertyValueSpecification","valueRequired":true,"valueName":"search_term_string"}}],"inLanguage":"en-US"},{"@type":"Organization","@id":"https:\/\/afreetech.com\/#organization","name":"AFREETECH SARL","url":"https:\/\/afreetech.com\/","logo":{"@type":"ImageObject","inLanguage":"en-US","@id":"https:\/\/afreetech.com\/#\/schema\/logo\/image\/","url":"http:\/\/afreetech.com\/wp-content\/uploads\/2021\/02\/aft2.png","contentUrl":"http:\/\/afreetech.com\/wp-content\/uploads\/2021\/02\/aft2.png","width":185,"height":65,"caption":"AFREETECH SARL"},"image":{"@id":"https:\/\/afreetech.com\/#\/schema\/logo\/image\/"}}]}},"_links":{"self":[{"href":"https:\/\/afreetech.com\/en\/wp-json\/wp\/v2\/pages\/10829","targetHints":{"allow":["GET"]}}],"collection":[{"href":"https:\/\/afreetech.com\/en\/wp-json\/wp\/v2\/pages"}],"about":[{"href":"https:\/\/afreetech.com\/en\/wp-json\/wp\/v2\/types\/page"}],"author":[{"embeddable":true,"href":"https:\/\/afreetech.com\/en\/wp-json\/wp\/v2\/users\/8"}],"replies":[{"embeddable":true,"href":"https:\/\/afreetech.com\/en\/wp-json\/wp\/v2\/comments?post=10829"}],"version-history":[{"count":159,"href":"https:\/\/afreetech.com\/en\/wp-json\/wp\/v2\/pages\/10829\/revisions"}],"predecessor-version":[{"id":11081,"href":"https:\/\/afreetech.com\/en\/wp-json\/wp\/v2\/pages\/10829\/revisions\/11081"}],"wp:featuredmedia":[{"embeddable":true,"href":"https:\/\/afreetech.com\/en\/wp-json\/wp\/v2\/media\/10832"}],"wp:attachment":[{"href":"https:\/\/afreetech.com\/en\/wp-json\/wp\/v2\/media?parent=10829"}],"curies":[{"name":"wp","href":"https:\/\/api.w.org\/{rel}","templated":true}]}}