{"id":875,"date":"2018-06-19T14:00:38","date_gmt":"2018-06-19T12:00:38","guid":{"rendered":"http:\/\/afreetech.com\/?page_id=875"},"modified":"2024-09-14T12:36:19","modified_gmt":"2024-09-14T11:36:19","slug":"erp","status":"publish","type":"page","link":"http:\/\/afreetech.com\/en\/erp\/","title":{"rendered":"Integrated management software package"},"content":{"rendered":"<div data-elementor-type=\"wp-post\" data-elementor-id=\"875\" class=\"elementor elementor-875\">\n\t\t\t\t\t\t<section class=\"elementor-section elementor-top-section elementor-element elementor-element-5bd elementor-section-content-middle elementor-section-boxed elementor-section-height-default elementor-section-height-default elementor-invisible\" data-id=\"5bd\" data-element_type=\"section\" data-e-type=\"section\" data-settings=\"{&quot;animation&quot;:&quot;fadeIn&quot;}\">\n\t\t\t\t\t\t<div class=\"elementor-container elementor-column-gap-default\">\n\t\t\t\t\t<div class=\"elementor-column elementor-col-50 elementor-top-column elementor-element elementor-element-4e68\" data-id=\"4e68\" data-element_type=\"column\" data-e-type=\"column\">\n\t\t\t<div class=\"elementor-widget-wrap elementor-element-populated\">\n\t\t\t\t\t\t<div class=\"elementor-element elementor-element-d8b elementor-widget elementor-widget-image\" data-id=\"d8b\" data-element_type=\"widget\" data-e-type=\"widget\" data-widget_type=\"image.default\">\n\t\t\t\t<div class=\"elementor-widget-container\">\n\t\t\t\t\t\t\t\t\t\t\t\t\t\t\t\t<a href=\"https:\/\/www.odoo.com\/fr_FR\">\n\t\t\t\t\t\t\t<img fetchpriority=\"high\" decoding=\"async\" width=\"800\" height=\"550\" src=\"https:\/\/afreetech.com\/wp-content\/uploads\/2018\/06\/aft-erp-1.png\" class=\"attachment-full size-full wp-image-1325\" alt=\"Odoo - Une v\u00e9ritable solution sur mesure\u200b\" srcset=\"https:\/\/afreetech.com\/wp-content\/uploads\/2018\/06\/aft-erp-1.png 800w, https:\/\/afreetech.com\/wp-content\/uploads\/2018\/06\/aft-erp-1-300x206.png 300w, https:\/\/afreetech.com\/wp-content\/uploads\/2018\/06\/aft-erp-1-768x528.png 768w\" sizes=\"(max-width: 800px) 100vw, 800px\" \/>\t\t\t\t\t\t\t\t<\/a>\n\t\t\t\t\t\t\t\t\t\t\t\t\t\t\t<\/div>\n\t\t\t\t<\/div>\n\t\t\t\t\t<\/div>\n\t\t<\/div>\n\t\t\t\t<div class=\"elementor-column elementor-col-50 elementor-top-column elementor-element elementor-element-6914\" data-id=\"6914\" data-element_type=\"column\" data-e-type=\"column\">\n\t\t\t<div class=\"elementor-widget-wrap elementor-element-populated\">\n\t\t\t\t\t\t<div class=\"elementor-element elementor-element-4281 elementor-widget elementor-widget-heading\" data-id=\"4281\" data-element_type=\"widget\" data-e-type=\"widget\" data-widget_type=\"heading.default\">\n\t\t\t\t<div class=\"elementor-widget-container\">\n\t\t\t\t\t<h3 class=\"elementor-heading-title elementor-size-default\"><a href=\"https:\/\/fr.wikipedia.org\/wiki\/Progiciel_de_gestion_int%C3%A9gr%C3%A9\">Why an ERP?<\/a><\/h3>\t\t\t\t<\/div>\n\t\t\t\t<\/div>\n\t\t\t\t<div class=\"elementor-element elementor-element-4f26 elementor-widget elementor-widget-text-editor\" data-id=\"4f26\" data-element_type=\"widget\" data-e-type=\"widget\" data-widget_type=\"text-editor.default\">\n\t\t\t\t<div class=\"elementor-widget-container\">\n\t\t\t\t\t\t\t\t\t<p>L&#8217;information est aujourd&#8217;hui un actif strat\u00e9gique essentiel, et il est donc crucial d&#8217;assurer l&#8217;int\u00e9grit\u00e9 de vos syst\u00e8mes d&#8217;information. Pour ce faire, il est important de garantir l&#8217;interop\u00e9rabilit\u00e9, le pilotage et la coh\u00e9rence de votre r\u00e9seau de processus m\u00e9tiers gr\u00e2ce au ERP. Cela vous permet entre autre de :<\/p><ul><li><b>Minimise your costs<\/b> tout en optimisant l<b>a gestion des donn\u00e9es<\/b>, ce qui contribue \u00e0 une meilleure utilisation de vos ressources.<\/li><li><b>R\u00e9duire la double saisie,<\/b>\u00a0 diminuez le nombre d&#8217;erreurs et d&#8217;incoh\u00e9rences entre vos diff\u00e9rents syst\u00e8mes d&#8217;information.<\/li><li><b>Assurer l&#8217;unicit\u00e9 de l&#8217;information<\/b> op\u00e9rationnelle, ce qui signifie que tous les d\u00e9partements de votre organisation travaillent avec les m\u00eames donn\u00e9es;<\/li><li>Maintenir <b>l&#8217;int\u00e9grit\u00e9 du Syst\u00e8me d&#8217;Information<\/b>, garantissant la fiabilit\u00e9 et la s\u00e9curit\u00e9<\/li><li><b>Faciliter la prise de d\u00e9cisions<\/b> strat\u00e9giques, en fournissant des informations claires et coh\u00e9rentes pour une planification et une gestion plus efficaces.<\/li><\/ul>\t\t\t\t\t\t\t\t<\/div>\n\t\t\t\t<\/div>\n\t\t\t\t\t<\/div>\n\t\t<\/div>\n\t\t\t\t\t<\/div>\n\t\t<\/section>\n\t\t\t\t<section class=\"elementor-section elementor-top-section elementor-element elementor-element-1a10439 elementor-section-content-middle elementor-reverse-mobile elementor-section-stretched elementor-section-boxed elementor-section-height-default elementor-section-height-default elementor-invisible\" data-id=\"1a10439\" data-element_type=\"section\" data-e-type=\"section\" data-settings=\"{&quot;stretch_section&quot;:&quot;section-stretched&quot;,&quot;animation&quot;:&quot;fadeIn&quot;}\">\n\t\t\t\t\t\t<div class=\"elementor-container elementor-column-gap-default\">\n\t\t\t\t\t<div class=\"elementor-column elementor-col-50 elementor-top-column elementor-element elementor-element-00ba02b\" data-id=\"00ba02b\" data-element_type=\"column\" data-e-type=\"column\">\n\t\t\t<div class=\"elementor-widget-wrap elementor-element-populated\">\n\t\t\t\t\t\t<div class=\"elementor-element elementor-element-1835eae elementor-widget elementor-widget-heading\" data-id=\"1835eae\" data-element_type=\"widget\" data-e-type=\"widget\" data-widget_type=\"heading.default\">\n\t\t\t\t<div class=\"elementor-widget-container\">\n\t\t\t\t\t<h3 class=\"elementor-heading-title elementor-size-default\">Our solution<\/h3>\t\t\t\t<\/div>\n\t\t\t\t<\/div>\n\t\t\t\t<div class=\"elementor-element elementor-element-adf964c elementor-widget__width-initial elementor-widget elementor-widget-text-editor\" data-id=\"adf964c\" data-element_type=\"widget\" data-e-type=\"widget\" data-widget_type=\"text-editor.default\">\n\t\t\t\t<div class=\"elementor-widget-container\">\n\t\t\t\t\t\t\t\t\t<p><a href=\"http:\/\/afreetech.com\/en\/\"><strong>AFREETECH<\/strong><\/a> Vous propose une expertise compl\u00e8te pour vous accompagner :<\/p><ul><li>Nous vous assistons dans le param\u00e9trage pr\u00e9cis des fonctionnalit\u00e9s techniques de vos syst\u00e8mes afin de les adapter parfaitement \u00e0 vos besoins sp\u00e9cifiques. Cela inclut la configuration fine des param\u00e8tres et des options pour garantir une utilisation optimale.<\/li><li>Nous prenons en charge l&#8217;installation compl\u00e8te de vos serveurs, suivie d&#8217;une configuration d\u00e9taill\u00e9e pour assurer une performance optimale et une s\u00e9curit\u00e9 renforc\u00e9e. Notre \u00e9quipe s&#8217;assure que vos serveurs sont op\u00e9rationnels selon les normes de votre entreprise<\/li><li>Nous d\u00e9veloppons et impl\u00e9mentons diff\u00e9rents scripts de lancement personnalis\u00e9s pour automatiser efficacement les processus r\u00e9currents.<\/li><li>Nous sommes sp\u00e9cialis\u00e9s dans la personnalisation de vos syst\u00e8mes existants ainsi que dans la cr\u00e9ation de modules compl\u00e9mentaires sur mesure pour enrichir leurs fonctionnalit\u00e9s. Cette personnalisation permet d&#8217;adapter vos syst\u00e8mes \u00e0 des besoins sp\u00e9cifiques ou \u00e0 des processus mis en \u0153uvre.<\/li><li>Nous assurons une int\u00e9gration transparente de vos modules fonctionnels et sp\u00e9cifiques dans votre infrastructure, garantissant ainsi une utilisation harmonieuse et efficace de vos outils informatiques.<\/li><\/ul>\t\t\t\t\t\t\t\t<\/div>\n\t\t\t\t<\/div>\n\t\t\t\t\t<\/div>\n\t\t<\/div>\n\t\t\t\t<div class=\"elementor-column elementor-col-50 elementor-top-column elementor-element elementor-element-014c2b0\" data-id=\"014c2b0\" data-element_type=\"column\" data-e-type=\"column\">\n\t\t\t<div class=\"elementor-widget-wrap elementor-element-populated\">\n\t\t\t\t\t\t<div class=\"elementor-element elementor-element-f24bd00 elementor-widget elementor-widget-image\" data-id=\"f24bd00\" data-element_type=\"widget\" data-e-type=\"widget\" data-widget_type=\"image.default\">\n\t\t\t\t<div class=\"elementor-widget-container\">\n\t\t\t\t\t\t\t\t\t\t\t\t\t\t\t<img decoding=\"async\" width=\"630\" height=\"400\" src=\"https:\/\/afreetech.com\/wp-content\/uploads\/2018\/06\/aft-erp-3.jpg\" class=\"attachment-full size-full wp-image-1326\" alt=\"Les points fort de l&#039;erp Odoo\" srcset=\"https:\/\/afreetech.com\/wp-content\/uploads\/2018\/06\/aft-erp-3.jpg 630w, https:\/\/afreetech.com\/wp-content\/uploads\/2018\/06\/aft-erp-3-300x190.jpg 300w\" sizes=\"(max-width: 630px) 100vw, 630px\" \/>\t\t\t\t\t\t\t\t\t\t\t\t\t\t\t<\/div>\n\t\t\t\t<\/div>\n\t\t\t\t\t<\/div>\n\t\t<\/div>\n\t\t\t\t\t<\/div>\n\t\t<\/section>\n\t\t\t\t<section class=\"elementor-section elementor-top-section elementor-element elementor-element-5163f1a elementor-section-content-middle elementor-section-boxed elementor-section-height-default elementor-section-height-default elementor-invisible\" data-id=\"5163f1a\" data-element_type=\"section\" data-e-type=\"section\" data-settings=\"{&quot;animation&quot;:&quot;fadeIn&quot;}\">\n\t\t\t\t\t\t<div class=\"elementor-container elementor-column-gap-default\">\n\t\t\t\t\t<div class=\"elementor-column elementor-col-50 elementor-top-column elementor-element elementor-element-f831be9\" data-id=\"f831be9\" data-element_type=\"column\" data-e-type=\"column\">\n\t\t\t<div class=\"elementor-widget-wrap elementor-element-populated\">\n\t\t\t\t\t\t<div class=\"elementor-element elementor-element-e193d2b elementor-widget elementor-widget-image\" data-id=\"e193d2b\" data-element_type=\"widget\" data-e-type=\"widget\" data-widget_type=\"image.default\">\n\t\t\t\t<div class=\"elementor-widget-container\">\n\t\t\t\t\t\t\t\t\t\t\t\t\t\t\t\t<a href=\"https:\/\/fr.wikipedia.org\/wiki\/Odoo\">\n\t\t\t\t\t\t\t<img decoding=\"async\" width=\"441\" height=\"315\" src=\"https:\/\/afreetech.com\/wp-content\/uploads\/2018\/06\/aft-erp-2.png\" class=\"attachment-full size-full wp-image-1327\" alt=\"Les services de l&#039;erp Odoo\" srcset=\"https:\/\/afreetech.com\/wp-content\/uploads\/2018\/06\/aft-erp-2.png 441w, https:\/\/afreetech.com\/wp-content\/uploads\/2018\/06\/aft-erp-2-300x214.png 300w, https:\/\/afreetech.com\/wp-content\/uploads\/2018\/06\/aft-erp-2-110x80.png 110w\" sizes=\"(max-width: 441px) 100vw, 441px\" \/>\t\t\t\t\t\t\t\t<\/a>\n\t\t\t\t\t\t\t\t\t\t\t\t\t\t\t<\/div>\n\t\t\t\t<\/div>\n\t\t\t\t\t<\/div>\n\t\t<\/div>\n\t\t\t\t<div class=\"elementor-column elementor-col-50 elementor-top-column elementor-element elementor-element-975242e\" data-id=\"975242e\" data-element_type=\"column\" data-e-type=\"column\">\n\t\t\t<div class=\"elementor-widget-wrap elementor-element-populated\">\n\t\t\t\t\t\t<div class=\"elementor-element elementor-element-0f3af40 elementor-widget elementor-widget-heading\" data-id=\"0f3af40\" data-element_type=\"widget\" data-e-type=\"widget\" data-widget_type=\"heading.default\">\n\t\t\t\t<div class=\"elementor-widget-container\">\n\t\t\t\t\t<h3 class=\"elementor-heading-title elementor-size-default\">Mise en \u0153uvre d'un ERP<\/h3>\t\t\t\t<\/div>\n\t\t\t\t<\/div>\n\t\t\t\t<div class=\"elementor-element elementor-element-e771d96 elementor-widget elementor-widget-text-editor\" data-id=\"e771d96\" data-element_type=\"widget\" data-e-type=\"widget\" data-widget_type=\"text-editor.default\">\n\t\t\t\t<div class=\"elementor-widget-container\">\n\t\t\t\t\t\t\t\t\t<p>Gr\u00e2ce au retour d\u2019exp\u00e9rience acquit de notre partenaire <a href=\"https:\/\/fr.wikipedia.org\/wiki\/Odoo\"><b>ODOO <\/b><\/a>et l\u2019expertise de nos ing\u00e9nieurs locaux, nous restons proactifs \u00e0 chaque \u00e9tape pour un r\u00e9sultat \u00e0 la hauteur de vos exigences, dans la stricte ma\u00eetrise de vos co\u00fbts.<\/p><ul><li>Preliminary study<\/li><li>Implementation<\/li><li>Test \/ recipe<\/li><li>Deployment<\/li><li>Post-start coaching<\/li><\/ul>\t\t\t\t\t\t\t\t<\/div>\n\t\t\t\t<\/div>\n\t\t\t\t\t<\/div>\n\t\t<\/div>\n\t\t\t\t\t<\/div>\n\t\t<\/section>\n\t\t\t\t<section class=\"elementor-section elementor-top-section elementor-element elementor-element-fe62ccf elementor-section-boxed elementor-section-height-default elementor-section-height-default\" data-id=\"fe62ccf\" data-element_type=\"section\" data-e-type=\"section\">\n\t\t\t\t\t\t<div class=\"elementor-container elementor-column-gap-default\">\n\t\t\t\t\t<div class=\"elementor-column elementor-col-100 elementor-top-column elementor-element elementor-element-2322a9e\" data-id=\"2322a9e\" data-element_type=\"column\" data-e-type=\"column\">\n\t\t\t<div class=\"elementor-widget-wrap elementor-element-populated\">\n\t\t\t\t\t\t<div class=\"elementor-element elementor-element-b4e9f4d elementor-widget elementor-widget-text-editor\" data-id=\"b4e9f4d\" data-element_type=\"widget\" data-e-type=\"widget\" data-widget_type=\"text-editor.default\">\n\t\t\t\t<div class=\"elementor-widget-container\">\n\t\t\t\t\t  \t<div class=\"tab-content\">\n  \t\t\t\t\t\t\t\t\t<div class=\"new-list\">\n\t\t\t\t\t\t\t\t<span>Download our complete ODOO offer<\/span>\n\t\t\t\t\t\t\t\t<a href=\"http:\/\/afreetech.com\/wp-content\/uploads\/2023\/06\/Fiche-Produit-Odoo.pdf\" title=\"Fiche-Produit-Odoo.pdf\" target=\"_blank\">Fiche-Produit-Odoo.pdf<\/a>\n\t\t\t\t\t\t\t<\/div>\n\t\t\t\t\t\t    <\/div>\n  \t\t\t\t<\/div>\n\t\t\t\t<\/div>\n\t\t\t\t\t<\/div>\n\t\t<\/div>\n\t\t\t\t\t<\/div>\n\t\t<\/section>\n\t\t\t\t<\/div>","protected":false},"excerpt":{"rendered":"<p>Planifiez et optimisez vos ressources avec les ERP.<\/p>","protected":false},"author":7,"featured_media":5793,"parent":0,"menu_order":0,"comment_status":"closed","ping_status":"closed","template":"elementor_header_footer","meta":{"_eb_attr":"","om_disable_all_campaigns":false,"footnotes":""},"class_list":["post-875","page","type-page","status-publish","has-post-thumbnail","hentry","no-post-thumbnail"],"yoast_head":"<!-- This site is optimized with the Yoast SEO plugin v26.9 - https:\/\/yoast.com\/product\/yoast-seo-wordpress\/ -->\n<title>(ERP) Progiciel de gestion int\u00e9gr\u00e9 - Expertises | AFREETECH<\/title>\n<meta name=\"description\" content=\"Avec l&#039;ERP ODOO et nos ing\u00e9nieurs locaux, nous sommes proactifs \u00e0 chaque \u00e9tape pour garantir des r\u00e9sultats conformes\" \/>\n<meta name=\"robots\" content=\"index, follow, max-snippet:-1, max-image-preview:large, max-video-preview:-1\" \/>\n<link rel=\"canonical\" href=\"http:\/\/afreetech.com\/en\/erp\/\" \/>\n<meta property=\"og:locale\" content=\"en_US\" \/>\n<meta property=\"og:type\" content=\"article\" \/>\n<meta property=\"og:title\" content=\"Progiciel de gestion int\u00e9gr\u00e9 (ERP) - Expertises | AFREETECH\" \/>\n<meta property=\"og:description\" content=\"Gr\u00e2ce \u00e0 la solution ERP ODOO et l\u2019expertise de nos ing\u00e9nieurs locaux, nous restons proactifs \u00e0 chaque \u00e9tape pour un r\u00e9sultat \u00e0 la hauteur de vos exigences.\" \/>\n<meta property=\"og:url\" content=\"http:\/\/afreetech.com\/en\/erp\/\" \/>\n<meta property=\"og:site_name\" content=\"AFREETECH\" \/>\n<meta property=\"article:modified_time\" content=\"2024-09-14T11:36:19+00:00\" \/>\n<meta property=\"og:image\" content=\"http:\/\/afreetech.com\/wp-content\/uploads\/2023\/06\/ERP.jpg\" \/>\n\t<meta property=\"og:image:width\" content=\"1060\" \/>\n\t<meta property=\"og:image:height\" content=\"706\" \/>\n\t<meta property=\"og:image:type\" content=\"image\/jpeg\" \/>\n<meta name=\"twitter:card\" content=\"summary_large_image\" \/>\n<meta name=\"twitter:title\" content=\"Progiciel de gestion int\u00e9gr\u00e9 (ERP) - Expertises | AFREETECH\" \/>\n<meta name=\"twitter:description\" content=\"Gr\u00e2ce \u00e0 la solution ERP ODOO et l\u2019expertise de nos ing\u00e9nieurs locaux, nous restons proactifs \u00e0 chaque \u00e9tape pour un r\u00e9sultat \u00e0 la hauteur de vos exigences.\" \/>\n<meta name=\"twitter:label1\" content=\"Est. reading time\" \/>\n\t<meta name=\"twitter:data1\" content=\"2 minutes\" \/>\n<script type=\"application\/ld+json\" class=\"yoast-schema-graph\">{\"@context\":\"https:\/\/schema.org\",\"@graph\":[{\"@type\":\"WebPage\",\"@id\":\"http:\/\/afreetech.com\/erp\/\",\"url\":\"http:\/\/afreetech.com\/erp\/\",\"name\":\"(ERP) Progiciel de gestion int\u00e9gr\u00e9 - Expertises | AFREETECH\",\"isPartOf\":{\"@id\":\"https:\/\/afreetech.com\/#website\"},\"primaryImageOfPage\":{\"@id\":\"http:\/\/afreetech.com\/erp\/#primaryimage\"},\"image\":{\"@id\":\"http:\/\/afreetech.com\/erp\/#primaryimage\"},\"thumbnailUrl\":\"http:\/\/afreetech.com\/wp-content\/uploads\/2023\/06\/ERP.jpg\",\"datePublished\":\"2018-06-19T12:00:38+00:00\",\"dateModified\":\"2024-09-14T11:36:19+00:00\",\"description\":\"Avec l'ERP ODOO et nos ing\u00e9nieurs locaux, nous sommes proactifs \u00e0 chaque \u00e9tape pour garantir des r\u00e9sultats conformes\",\"breadcrumb\":{\"@id\":\"http:\/\/afreetech.com\/erp\/#breadcrumb\"},\"inLanguage\":\"en-US\",\"potentialAction\":[{\"@type\":\"ReadAction\",\"target\":[\"http:\/\/afreetech.com\/erp\/\"]}]},{\"@type\":\"ImageObject\",\"inLanguage\":\"en-US\",\"@id\":\"http:\/\/afreetech.com\/erp\/#primaryimage\",\"url\":\"http:\/\/afreetech.com\/wp-content\/uploads\/2023\/06\/ERP.jpg\",\"contentUrl\":\"http:\/\/afreetech.com\/wp-content\/uploads\/2023\/06\/ERP.jpg\",\"width\":1060,\"height\":706,\"caption\":\"ERP\"},{\"@type\":\"BreadcrumbList\",\"@id\":\"http:\/\/afreetech.com\/erp\/#breadcrumb\",\"itemListElement\":[{\"@type\":\"ListItem\",\"position\":1,\"name\":\"Home\",\"item\":\"https:\/\/afreetech.com\/\"},{\"@type\":\"ListItem\",\"position\":2,\"name\":\"Progiciel de gestion int\u00e9gr\u00e9\"}]},{\"@type\":\"WebSite\",\"@id\":\"https:\/\/afreetech.com\/#website\",\"url\":\"https:\/\/afreetech.com\/\",\"name\":\"AFREETECH\",\"description\":\"Ne vous trompez pas de direction.\",\"publisher\":{\"@id\":\"https:\/\/afreetech.com\/#organization\"},\"potentialAction\":[{\"@type\":\"SearchAction\",\"target\":{\"@type\":\"EntryPoint\",\"urlTemplate\":\"https:\/\/afreetech.com\/?s={search_term_string}\"},\"query-input\":{\"@type\":\"PropertyValueSpecification\",\"valueRequired\":true,\"valueName\":\"search_term_string\"}}],\"inLanguage\":\"en-US\"},{\"@type\":\"Organization\",\"@id\":\"https:\/\/afreetech.com\/#organization\",\"name\":\"AFREETECH SARL\",\"url\":\"https:\/\/afreetech.com\/\",\"logo\":{\"@type\":\"ImageObject\",\"inLanguage\":\"en-US\",\"@id\":\"https:\/\/afreetech.com\/#\/schema\/logo\/image\/\",\"url\":\"http:\/\/afreetech.com\/wp-content\/uploads\/2021\/02\/aft2.png\",\"contentUrl\":\"http:\/\/afreetech.com\/wp-content\/uploads\/2021\/02\/aft2.png\",\"width\":185,\"height\":65,\"caption\":\"AFREETECH SARL\"},\"image\":{\"@id\":\"https:\/\/afreetech.com\/#\/schema\/logo\/image\/\"}}]}<\/script>\n<!-- \/ Yoast SEO plugin. -->","yoast_head_json":{"title":"(ERP) Progiciel de gestion int\u00e9gr\u00e9 - Expertises | AFREETECH","description":"Avec l'ERP ODOO et nos ing\u00e9nieurs locaux, nous sommes proactifs \u00e0 chaque \u00e9tape pour garantir des r\u00e9sultats conformes","robots":{"index":"index","follow":"follow","max-snippet":"max-snippet:-1","max-image-preview":"max-image-preview:large","max-video-preview":"max-video-preview:-1"},"canonical":"http:\/\/afreetech.com\/en\/erp\/","og_locale":"en_US","og_type":"article","og_title":"Progiciel de gestion int\u00e9gr\u00e9 (ERP) - Expertises | AFREETECH","og_description":"Gr\u00e2ce \u00e0 la solution ERP ODOO et l\u2019expertise de nos ing\u00e9nieurs locaux, nous restons proactifs \u00e0 chaque \u00e9tape pour un r\u00e9sultat \u00e0 la hauteur de vos exigences.","og_url":"http:\/\/afreetech.com\/en\/erp\/","og_site_name":"AFREETECH","article_modified_time":"2024-09-14T11:36:19+00:00","og_image":[{"width":1060,"height":706,"url":"http:\/\/afreetech.com\/wp-content\/uploads\/2023\/06\/ERP.jpg","type":"image\/jpeg"}],"twitter_card":"summary_large_image","twitter_title":"Progiciel de gestion int\u00e9gr\u00e9 (ERP) - Expertises | AFREETECH","twitter_description":"Gr\u00e2ce \u00e0 la solution ERP ODOO et l\u2019expertise de nos ing\u00e9nieurs locaux, nous restons proactifs \u00e0 chaque \u00e9tape pour un r\u00e9sultat \u00e0 la hauteur de vos exigences.","twitter_misc":{"Est. reading time":"2 minutes"},"schema":{"@context":"https:\/\/schema.org","@graph":[{"@type":"WebPage","@id":"http:\/\/afreetech.com\/erp\/","url":"http:\/\/afreetech.com\/erp\/","name":"(ERP) Progiciel de gestion int\u00e9gr\u00e9 - Expertises | AFREETECH","isPartOf":{"@id":"https:\/\/afreetech.com\/#website"},"primaryImageOfPage":{"@id":"http:\/\/afreetech.com\/erp\/#primaryimage"},"image":{"@id":"http:\/\/afreetech.com\/erp\/#primaryimage"},"thumbnailUrl":"http:\/\/afreetech.com\/wp-content\/uploads\/2023\/06\/ERP.jpg","datePublished":"2018-06-19T12:00:38+00:00","dateModified":"2024-09-14T11:36:19+00:00","description":"Avec l'ERP ODOO et nos ing\u00e9nieurs locaux, nous sommes proactifs \u00e0 chaque \u00e9tape pour garantir des r\u00e9sultats conformes","breadcrumb":{"@id":"http:\/\/afreetech.com\/erp\/#breadcrumb"},"inLanguage":"en-US","potentialAction":[{"@type":"ReadAction","target":["http:\/\/afreetech.com\/erp\/"]}]},{"@type":"ImageObject","inLanguage":"en-US","@id":"http:\/\/afreetech.com\/erp\/#primaryimage","url":"http:\/\/afreetech.com\/wp-content\/uploads\/2023\/06\/ERP.jpg","contentUrl":"http:\/\/afreetech.com\/wp-content\/uploads\/2023\/06\/ERP.jpg","width":1060,"height":706,"caption":"ERP"},{"@type":"BreadcrumbList","@id":"http:\/\/afreetech.com\/erp\/#breadcrumb","itemListElement":[{"@type":"ListItem","position":1,"name":"Home","item":"https:\/\/afreetech.com\/"},{"@type":"ListItem","position":2,"name":"Progiciel de gestion int\u00e9gr\u00e9"}]},{"@type":"WebSite","@id":"https:\/\/afreetech.com\/#website","url":"https:\/\/afreetech.com\/","name":"AFREETECH","description":"Ne vous trompez pas de direction.","publisher":{"@id":"https:\/\/afreetech.com\/#organization"},"potentialAction":[{"@type":"SearchAction","target":{"@type":"EntryPoint","urlTemplate":"https:\/\/afreetech.com\/?s={search_term_string}"},"query-input":{"@type":"PropertyValueSpecification","valueRequired":true,"valueName":"search_term_string"}}],"inLanguage":"en-US"},{"@type":"Organization","@id":"https:\/\/afreetech.com\/#organization","name":"AFREETECH SARL","url":"https:\/\/afreetech.com\/","logo":{"@type":"ImageObject","inLanguage":"en-US","@id":"https:\/\/afreetech.com\/#\/schema\/logo\/image\/","url":"http:\/\/afreetech.com\/wp-content\/uploads\/2021\/02\/aft2.png","contentUrl":"http:\/\/afreetech.com\/wp-content\/uploads\/2021\/02\/aft2.png","width":185,"height":65,"caption":"AFREETECH SARL"},"image":{"@id":"https:\/\/afreetech.com\/#\/schema\/logo\/image\/"}}]}},"_links":{"self":[{"href":"http:\/\/afreetech.com\/en\/wp-json\/wp\/v2\/pages\/875","targetHints":{"allow":["GET"]}}],"collection":[{"href":"http:\/\/afreetech.com\/en\/wp-json\/wp\/v2\/pages"}],"about":[{"href":"http:\/\/afreetech.com\/en\/wp-json\/wp\/v2\/types\/page"}],"author":[{"embeddable":true,"href":"http:\/\/afreetech.com\/en\/wp-json\/wp\/v2\/users\/7"}],"replies":[{"embeddable":true,"href":"http:\/\/afreetech.com\/en\/wp-json\/wp\/v2\/comments?post=875"}],"version-history":[{"count":85,"href":"http:\/\/afreetech.com\/en\/wp-json\/wp\/v2\/pages\/875\/revisions"}],"predecessor-version":[{"id":8614,"href":"http:\/\/afreetech.com\/en\/wp-json\/wp\/v2\/pages\/875\/revisions\/8614"}],"wp:featuredmedia":[{"embeddable":true,"href":"http:\/\/afreetech.com\/en\/wp-json\/wp\/v2\/media\/5793"}],"wp:attachment":[{"href":"http:\/\/afreetech.com\/en\/wp-json\/wp\/v2\/media?parent=875"}],"curies":[{"name":"wp","href":"https:\/\/api.w.org\/{rel}","templated":true}]}}