{"id":865,"date":"2018-06-19T13:57:21","date_gmt":"2018-06-19T11:57:21","guid":{"rendered":"http:\/\/afreetech.com\/?page_id=865"},"modified":"2024-10-19T12:21:16","modified_gmt":"2024-10-19T11:21:16","slug":"infrastructure","status":"publish","type":"page","link":"http:\/\/afreetech.com\/en\/infrastructure\/","title":{"rendered":"Infrastructure"},"content":{"rendered":"<div data-elementor-type=\"wp-post\" data-elementor-id=\"865\" class=\"elementor elementor-865\">\n\t\t\t\t\t\t<section class=\"elementor-section elementor-top-section elementor-element elementor-element-35bd elementor-section-content-middle elementor-reverse-mobile elementor-section-boxed elementor-section-height-default elementor-section-height-default elementor-invisible\" data-id=\"35bd\" data-element_type=\"section\" data-e-type=\"section\" data-settings=\"{&quot;animation&quot;:&quot;fadeIn&quot;}\">\n\t\t\t\t\t\t<div class=\"elementor-container elementor-column-gap-default\">\n\t\t\t\t\t<div class=\"elementor-column elementor-col-50 elementor-top-column elementor-element elementor-element-3f26\" data-id=\"3f26\" data-element_type=\"column\" data-e-type=\"column\">\n\t\t\t<div class=\"elementor-widget-wrap elementor-element-populated\">\n\t\t\t\t\t\t<div class=\"elementor-element elementor-element-3d8b elementor-widget elementor-widget-heading\" data-id=\"3d8b\" data-element_type=\"widget\" data-e-type=\"widget\" data-widget_type=\"heading.default\">\n\t\t\t\t<div class=\"elementor-widget-container\">\n\t\t\t\t\t<h3 class=\"elementor-heading-title elementor-size-default\">To guarantee you a robust and reliable infrastructure<\/h3>\t\t\t\t<\/div>\n\t\t\t\t<\/div>\n\t\t\t\t<div class=\"elementor-element elementor-element-3e68 elementor-widget elementor-widget-text-editor\" data-id=\"3e68\" data-element_type=\"widget\" data-e-type=\"widget\" data-widget_type=\"text-editor.default\">\n\t\t\t\t<div class=\"elementor-widget-container\">\n\t\t\t\t\t\t\t\t\t<p class=\"direction-ltr align-start para-style-body\">\u00a0We ensure:<\/p><ul><li class=\"direction-ltr align-start para-style-body\">Continuous availability<\/li><li class=\"direction-ltr align-start para-style-body\">Stability and <strong>security<\/strong><\/li><li class=\"direction-ltr align-start para-style-body\">Une flexibilit\u00e9 et une souplesse dans l&#8217;\u00e9volution;<\/li><li class=\"direction-ltr align-start para-style-body\">Un retour d&#8217;un investissement rapide.<\/li><\/ul>\t\t\t\t\t\t\t\t<\/div>\n\t\t\t\t<\/div>\n\t\t\t\t\t<\/div>\n\t\t<\/div>\n\t\t\t\t<div class=\"elementor-column elementor-col-50 elementor-top-column elementor-element elementor-element-5914\" data-id=\"5914\" data-element_type=\"column\" data-e-type=\"column\">\n\t\t\t<div class=\"elementor-widget-wrap elementor-element-populated\">\n\t\t\t\t\t\t<div class=\"elementor-element elementor-element-2767 elementor-widget elementor-widget-image\" data-id=\"2767\" data-element_type=\"widget\" data-e-type=\"widget\" data-widget_type=\"image.default\">\n\t\t\t\t<div class=\"elementor-widget-container\">\n\t\t\t\t\t\t\t\t\t\t\t\t\t\t\t<img fetchpriority=\"high\" decoding=\"async\" width=\"750\" height=\"500\" src=\"https:\/\/afreetech.com\/wp-content\/uploads\/2018\/06\/aft-infrastructure-2.jpg\" class=\"attachment-full size-full wp-image-1371\" alt=\"Pour vous garantir une infrastructure robuste et fiable\" srcset=\"https:\/\/afreetech.com\/wp-content\/uploads\/2018\/06\/aft-infrastructure-2.jpg 750w, https:\/\/afreetech.com\/wp-content\/uploads\/2018\/06\/aft-infrastructure-2-300x200.jpg 300w\" sizes=\"(max-width: 750px) 100vw, 750px\" \/>\t\t\t\t\t\t\t\t\t\t\t\t\t\t\t<\/div>\n\t\t\t\t<\/div>\n\t\t\t\t\t<\/div>\n\t\t<\/div>\n\t\t\t\t\t<\/div>\n\t\t<\/section>\n\t\t\t\t<section class=\"elementor-section elementor-top-section elementor-element elementor-element-36ac elementor-section-content-middle elementor-section-stretched elementor-section-boxed elementor-section-height-default elementor-section-height-default elementor-invisible\" data-id=\"36ac\" data-element_type=\"section\" data-e-type=\"section\" data-settings=\"{&quot;stretch_section&quot;:&quot;section-stretched&quot;,&quot;animation&quot;:&quot;fadeIn&quot;}\">\n\t\t\t\t\t\t<div class=\"elementor-container elementor-column-gap-default\">\n\t\t\t\t\t<div class=\"elementor-column elementor-col-50 elementor-top-column elementor-element elementor-element-5303\" data-id=\"5303\" data-element_type=\"column\" data-e-type=\"column\">\n\t\t\t<div class=\"elementor-widget-wrap elementor-element-populated\">\n\t\t\t\t\t\t<div class=\"elementor-element elementor-element-27b2 elementor-widget elementor-widget-image\" data-id=\"27b2\" data-element_type=\"widget\" data-e-type=\"widget\" data-widget_type=\"image.default\">\n\t\t\t\t<div class=\"elementor-widget-container\">\n\t\t\t\t\t\t\t\t\t\t\t\t\t\t\t<img decoding=\"async\" width=\"752\" height=\"500\" src=\"https:\/\/afreetech.com\/wp-content\/uploads\/2018\/06\/aft-infrastructure-1.jpg\" class=\"attachment-full size-full wp-image-1369\" alt=\"Int\u00e9grateur r\u00e9seau, syst\u00e8me et s\u00e9curit\u00e9\" srcset=\"https:\/\/afreetech.com\/wp-content\/uploads\/2018\/06\/aft-infrastructure-1.jpg 752w, https:\/\/afreetech.com\/wp-content\/uploads\/2018\/06\/aft-infrastructure-1-300x199.jpg 300w\" sizes=\"(max-width: 752px) 100vw, 752px\" \/>\t\t\t\t\t\t\t\t\t\t\t\t\t\t\t<\/div>\n\t\t\t\t<\/div>\n\t\t\t\t\t<\/div>\n\t\t<\/div>\n\t\t\t\t<div class=\"elementor-column elementor-col-50 elementor-top-column elementor-element elementor-element-1c5f\" data-id=\"1c5f\" data-element_type=\"column\" data-e-type=\"column\">\n\t\t\t<div class=\"elementor-widget-wrap elementor-element-populated\">\n\t\t\t\t\t\t<div class=\"elementor-element elementor-element-7280 elementor-widget elementor-widget-heading\" data-id=\"7280\" data-element_type=\"widget\" data-e-type=\"widget\" data-widget_type=\"heading.default\">\n\t\t\t\t<div class=\"elementor-widget-container\">\n\t\t\t\t\t<h3 class=\"elementor-heading-title elementor-size-default\">Network Integrator, System and Security<\/h3>\t\t\t\t<\/div>\n\t\t\t\t<\/div>\n\t\t\t\t<div class=\"elementor-element elementor-element-70b9 elementor-widget elementor-widget-text-editor\" data-id=\"70b9\" data-element_type=\"widget\" data-e-type=\"widget\" data-widget_type=\"text-editor.default\">\n\t\t\t\t<div class=\"elementor-widget-container\">\n\t\t\t\t\t\t\t\t\t<p class=\"direction-ltr align-start para-style-body\">We design, install, repair and manage your <strong>infrastructure\u00a0<\/strong><b>Network<\/b>, on-site or off-site (insourcing\/outsourcing), ensuring..:<\/p><ul><li style=\"list-style-type: none;\"><ul><li class=\"direction-ltr align-start para-style-body\">Your secure Internet access;<\/li><li class=\"direction-ltr align-start para-style-body\">Your local turnkey business networks<\/li><li class=\"direction-ltr align-start para-style-body\">Vos besoins en h\u00e9bergement et en <a href=\"https:\/\/learn.microsoft.com\/fr-fr\/azure\/virtual-network\/ip-services\/ip-services-overview\"><strong>services IP<\/strong><\/a>;<\/li><li class=\"direction-ltr align-start para-style-body\">Vos interconnections des sites en <strong><a href=\"https:\/\/fr.wikipedia.org\/wiki\/R%C3%A9seau_priv%C3%A9_virtuel\">VPN<\/a><\/strong>;<\/li><li class=\"direction-ltr align-start para-style-body\">The installation and configuration of your servers<\/li><li class=\"direction-ltr align-start para-style-body\">Your support for migration projects<\/li><\/ul><\/li><\/ul>\t\t\t\t\t\t\t\t<\/div>\n\t\t\t\t<\/div>\n\t\t\t\t\t<\/div>\n\t\t<\/div>\n\t\t\t\t\t<\/div>\n\t\t<\/section>\n\t\t\t\t<section class=\"elementor-section elementor-top-section elementor-element elementor-element-4c9a70e7 elementor-section-content-middle elementor-section-boxed elementor-section-height-default elementor-section-height-default elementor-invisible\" data-id=\"4c9a70e7\" data-element_type=\"section\" data-e-type=\"section\" data-settings=\"{&quot;animation&quot;:&quot;fadeIn&quot;}\">\n\t\t\t\t\t\t<div class=\"elementor-container elementor-column-gap-no\">\n\t\t\t\t\t<div class=\"elementor-column elementor-col-100 elementor-top-column elementor-element elementor-element-5c2c95da\" data-id=\"5c2c95da\" data-element_type=\"column\" data-e-type=\"column\">\n\t\t\t<div class=\"elementor-widget-wrap elementor-element-populated\">\n\t\t\t\t\t\t<div class=\"elementor-element elementor-element-4cdcce04 elementor-widget elementor-widget-heading\" data-id=\"4cdcce04\" data-element_type=\"widget\" data-e-type=\"widget\" data-widget_type=\"heading.default\">\n\t\t\t\t<div class=\"elementor-widget-container\">\n\t\t\t\t\t<h3 class=\"elementor-heading-title elementor-size-default\">Immerse yourself in our universe<\/h3>\t\t\t\t<\/div>\n\t\t\t\t<\/div>\n\t\t\t\t<div class=\"elementor-element elementor-element-4375d0c6 elementor-widget-divider--view-line elementor-widget elementor-widget-divider\" data-id=\"4375d0c6\" data-element_type=\"widget\" data-e-type=\"widget\" data-widget_type=\"divider.default\">\n\t\t\t\t<div class=\"elementor-widget-container\">\n\t\t\t\t\t\t\t<div class=\"elementor-divider\">\n\t\t\t<span class=\"elementor-divider-separator\">\n\t\t\t\t\t\t<\/span>\n\t\t<\/div>\n\t\t\t\t\t\t<\/div>\n\t\t\t\t<\/div>\n\t\t\t\t\t<\/div>\n\t\t<\/div>\n\t\t\t\t\t<\/div>\n\t\t<\/section>\n\t\t\t\t<section class=\"elementor-section elementor-top-section elementor-element elementor-element-2132e47c elementor-section-boxed elementor-section-height-default elementor-section-height-default elementor-invisible\" data-id=\"2132e47c\" data-element_type=\"section\" data-e-type=\"section\" data-settings=\"{&quot;animation&quot;:&quot;fadeIn&quot;}\">\n\t\t\t\t\t\t<div class=\"elementor-container elementor-column-gap-default\">\n\t\t\t\t\t<div class=\"elementor-column elementor-col-33 elementor-top-column elementor-element elementor-element-cd0d4fd\" data-id=\"cd0d4fd\" data-element_type=\"column\" data-e-type=\"column\">\n\t\t\t<div class=\"elementor-widget-wrap elementor-element-populated\">\n\t\t\t\t\t\t<div class=\"elementor-element elementor-element-2835a415 elementor-view-default elementor-position-block-start elementor-mobile-position-block-start elementor-widget elementor-widget-icon-box\" data-id=\"2835a415\" data-element_type=\"widget\" data-e-type=\"widget\" data-widget_type=\"icon-box.default\">\n\t\t\t\t<div class=\"elementor-widget-container\">\n\t\t\t\t\t\t\t<div class=\"elementor-icon-box-wrapper\">\n\n\t\t\t\t\t\t<div class=\"elementor-icon-box-icon\">\n\t\t\t\t<a href=\"http:\/\/afreetech.com\/en\/entreprise\/\" class=\"elementor-icon\" tabindex=\"-1\" aria-label=\"A propos d&#039;AFREETECH\">\n\t\t\t\t<i aria-hidden=\"true\" class=\"fas fa-user\"><\/i>\t\t\t\t<\/a>\n\t\t\t<\/div>\n\t\t\t\n\t\t\t\t\t\t<div class=\"elementor-icon-box-content\">\n\n\t\t\t\t\t\t\t\t\t<h3 class=\"elementor-icon-box-title\">\n\t\t\t\t\t\t<a href=\"http:\/\/afreetech.com\/en\/entreprise\/\" >\n\t\t\t\t\t\t\tAbout AFREETECH\t\t\t\t\t\t<\/a>\n\t\t\t\t\t<\/h3>\n\t\t\t\t\n\t\t\t\t\t\t\t\t\t<p class=\"elementor-icon-box-description\">\n\t\t\t\t\t\tFind out how we work with more than 100 companies.\t\t\t\t\t<\/p>\n\t\t\t\t\n\t\t\t<\/div>\n\t\t\t\n\t\t<\/div>\n\t\t\t\t\t\t<\/div>\n\t\t\t\t<\/div>\n\t\t\t\t\t<\/div>\n\t\t<\/div>\n\t\t\t\t<div class=\"elementor-column elementor-col-33 elementor-top-column elementor-element elementor-element-4d056500\" data-id=\"4d056500\" data-element_type=\"column\" data-e-type=\"column\">\n\t\t\t<div class=\"elementor-widget-wrap elementor-element-populated\">\n\t\t\t\t\t\t<div class=\"elementor-element elementor-element-1eb16bb8 elementor-view-default elementor-position-block-start elementor-mobile-position-block-start elementor-widget elementor-widget-icon-box\" data-id=\"1eb16bb8\" data-element_type=\"widget\" data-e-type=\"widget\" data-widget_type=\"icon-box.default\">\n\t\t\t\t<div class=\"elementor-widget-container\">\n\t\t\t\t\t\t\t<div class=\"elementor-icon-box-wrapper\">\n\n\t\t\t\t\t\t<div class=\"elementor-icon-box-icon\">\n\t\t\t\t<a href=\"https:\/\/afreetech.com\/en\/blog\/\" class=\"elementor-icon\" tabindex=\"-1\" aria-label=\"Blog d&#039;AFREETECH\">\n\t\t\t\t<i aria-hidden=\"true\" class=\"fas fa-edit\"><\/i>\t\t\t\t<\/a>\n\t\t\t<\/div>\n\t\t\t\n\t\t\t\t\t\t<div class=\"elementor-icon-box-content\">\n\n\t\t\t\t\t\t\t\t\t<h3 class=\"elementor-icon-box-title\">\n\t\t\t\t\t\t<a href=\"https:\/\/afreetech.com\/en\/blog\/\" >\n\t\t\t\t\t\t\tAFREETECH Blog\t\t\t\t\t\t<\/a>\n\t\t\t\t\t<\/h3>\n\t\t\t\t\n\t\t\t\t\t\t\t\t\t<p class=\"elementor-icon-box-description\">\n\t\t\t\t\t\tFind expert security advice, news, tips, and more.\t\t\t\t\t<\/p>\n\t\t\t\t\n\t\t\t<\/div>\n\t\t\t\n\t\t<\/div>\n\t\t\t\t\t\t<\/div>\n\t\t\t\t<\/div>\n\t\t\t\t\t<\/div>\n\t\t<\/div>\n\t\t\t\t<div class=\"elementor-column elementor-col-33 elementor-top-column elementor-element elementor-element-6ef0814e\" data-id=\"6ef0814e\" data-element_type=\"column\" data-e-type=\"column\">\n\t\t\t<div class=\"elementor-widget-wrap elementor-element-populated\">\n\t\t\t\t\t\t<div class=\"elementor-element elementor-element-6c3ea2ef elementor-view-default elementor-position-block-start elementor-mobile-position-block-start elementor-widget elementor-widget-icon-box\" data-id=\"6c3ea2ef\" data-element_type=\"widget\" data-e-type=\"widget\" data-widget_type=\"icon-box.default\">\n\t\t\t\t<div class=\"elementor-widget-container\">\n\t\t\t\t\t\t\t<div class=\"elementor-icon-box-wrapper\">\n\n\t\t\t\t\t\t<div class=\"elementor-icon-box-icon\">\n\t\t\t\t<a href=\"https:\/\/afreetech.com\/en\/contact-2\/\" class=\"elementor-icon\" tabindex=\"-1\" aria-label=\"Contact Us\">\n\t\t\t\t<i aria-hidden=\"true\" class=\"fas fa-at\"><\/i>\t\t\t\t<\/a>\n\t\t\t<\/div>\n\t\t\t\n\t\t\t\t\t\t<div class=\"elementor-icon-box-content\">\n\n\t\t\t\t\t\t\t\t\t<h3 class=\"elementor-icon-box-title\">\n\t\t\t\t\t\t<a href=\"https:\/\/afreetech.com\/en\/contact-2\/\" >\n\t\t\t\t\t\t\tContact Us\t\t\t\t\t\t<\/a>\n\t\t\t\t\t<\/h3>\n\t\t\t\t\n\t\t\t\t\t\t\t\t\t<p class=\"elementor-icon-box-description\">\n\t\t\t\t\t\tFor any need of information, consultation or any other.\t\t\t\t\t<\/p>\n\t\t\t\t\n\t\t\t<\/div>\n\t\t\t\n\t\t<\/div>\n\t\t\t\t\t\t<\/div>\n\t\t\t\t<\/div>\n\t\t\t\t\t<\/div>\n\t\t<\/div>\n\t\t\t\t\t<\/div>\n\t\t<\/section>\n\t\t\t\t<\/div>","protected":false},"excerpt":{"rendered":"<p>Continuity and security of your services<\/p>","protected":false},"author":7,"featured_media":2197,"parent":0,"menu_order":0,"comment_status":"closed","ping_status":"closed","template":"","meta":{"_eb_attr":"","om_disable_all_campaigns":false,"footnotes":""},"class_list":["post-865","page","type-page","status-publish","has-post-thumbnail","hentry"],"yoast_head":"<!-- This site is optimized with the Yoast SEO plugin v26.9 - https:\/\/yoast.com\/product\/yoast-seo-wordpress\/ -->\n<title>AFREETECH | infrastructure r\u00e9seau robuste et s\u00e9curis\u00e9e AFREETECH<\/title>\n<meta name=\"description\" content=\"En infrastructure r\u00e9seau, nous proposons des audits de s\u00e9curit\u00e9 r\u00e9seau, ainsi que des solutions pour une infrastructure robuste\" \/>\n<meta name=\"robots\" content=\"index, follow, max-snippet:-1, max-image-preview:large, max-video-preview:-1\" \/>\n<link rel=\"canonical\" href=\"http:\/\/afreetech.com\/en\/infrastructure\/\" \/>\n<meta property=\"og:locale\" content=\"en_US\" \/>\n<meta property=\"og:type\" content=\"article\" \/>\n<meta property=\"og:title\" content=\"Infrastructure - Expertises | AFREETECH\" \/>\n<meta property=\"og:description\" content=\"Avec nos \u00e9quipes de sp\u00e9cialistes, nous garantissons pour vous, une infrastructure robuste, s\u00e9curis\u00e9e et fiable pour tous vos probl\u00e8mes r\u00e9seaux et syst\u00e8me.\" \/>\n<meta property=\"og:url\" content=\"http:\/\/afreetech.com\/en\/infrastructure\/\" \/>\n<meta property=\"og:site_name\" content=\"AFREETECH\" \/>\n<meta property=\"article:modified_time\" content=\"2024-10-19T11:21:16+00:00\" \/>\n<meta property=\"og:image\" content=\"http:\/\/afreetech.com\/wp-content\/uploads\/2018\/07\/aft-infrastructure.jpg\" \/>\n\t<meta property=\"og:image:width\" content=\"1500\" \/>\n\t<meta property=\"og:image:height\" content=\"1001\" \/>\n\t<meta property=\"og:image:type\" content=\"image\/jpeg\" \/>\n<meta name=\"twitter:card\" content=\"summary_large_image\" \/>\n<meta name=\"twitter:title\" content=\"Infrastructure - Expertises | AFREETECH\" \/>\n<meta name=\"twitter:description\" content=\"Avec nos \u00e9quipes de sp\u00e9cialistes, nous garantissons pour vous, une infrastructure robuste, s\u00e9curis\u00e9e et fiable pour tous vos probl\u00e8mes r\u00e9seaux et syst\u00e8me.\" \/>\n<meta name=\"twitter:label1\" content=\"Est. reading time\" \/>\n\t<meta name=\"twitter:data1\" content=\"1 minute\" \/>\n<script type=\"application\/ld+json\" class=\"yoast-schema-graph\">{\"@context\":\"https:\/\/schema.org\",\"@graph\":[{\"@type\":\"WebPage\",\"@id\":\"http:\/\/afreetech.com\/en\/infrastructure\/\",\"url\":\"http:\/\/afreetech.com\/en\/infrastructure\/\",\"name\":\"AFREETECH | infrastructure r\u00e9seau robuste et s\u00e9curis\u00e9e AFREETECH\",\"isPartOf\":{\"@id\":\"http:\/\/afreetech.com\/en\/#website\"},\"primaryImageOfPage\":{\"@id\":\"http:\/\/afreetech.com\/en\/infrastructure\/#primaryimage\"},\"image\":{\"@id\":\"http:\/\/afreetech.com\/en\/infrastructure\/#primaryimage\"},\"thumbnailUrl\":\"http:\/\/afreetech.com\/wp-content\/uploads\/2018\/07\/aft-infrastructure.jpg\",\"datePublished\":\"2018-06-19T11:57:21+00:00\",\"dateModified\":\"2024-10-19T11:21:16+00:00\",\"description\":\"En infrastructure r\u00e9seau, nous proposons des audits de s\u00e9curit\u00e9 r\u00e9seau, ainsi que des solutions pour une infrastructure robuste\",\"breadcrumb\":{\"@id\":\"http:\/\/afreetech.com\/en\/infrastructure\/#breadcrumb\"},\"inLanguage\":\"en-US\",\"potentialAction\":[{\"@type\":\"ReadAction\",\"target\":[\"http:\/\/afreetech.com\/en\/infrastructure\/\"]}]},{\"@type\":\"ImageObject\",\"inLanguage\":\"en-US\",\"@id\":\"http:\/\/afreetech.com\/en\/infrastructure\/#primaryimage\",\"url\":\"http:\/\/afreetech.com\/wp-content\/uploads\/2018\/07\/aft-infrastructure.jpg\",\"contentUrl\":\"http:\/\/afreetech.com\/wp-content\/uploads\/2018\/07\/aft-infrastructure.jpg\",\"width\":1500,\"height\":1001,\"caption\":\"infrastructure r\u00e9seau\"},{\"@type\":\"BreadcrumbList\",\"@id\":\"http:\/\/afreetech.com\/en\/infrastructure\/#breadcrumb\",\"itemListElement\":[{\"@type\":\"ListItem\",\"position\":1,\"name\":\"Home\",\"item\":\"http:\/\/afreetech.com\/\"},{\"@type\":\"ListItem\",\"position\":2,\"name\":\"Infrastructure\"}]},{\"@type\":\"WebSite\",\"@id\":\"http:\/\/afreetech.com\/en\/#website\",\"url\":\"http:\/\/afreetech.com\/en\/\",\"name\":\"AFREETECH\",\"description\":\"Ne vous trompez pas de direction.\",\"publisher\":{\"@id\":\"http:\/\/afreetech.com\/en\/#organization\"},\"potentialAction\":[{\"@type\":\"SearchAction\",\"target\":{\"@type\":\"EntryPoint\",\"urlTemplate\":\"http:\/\/afreetech.com\/en\/?s={search_term_string}\"},\"query-input\":{\"@type\":\"PropertyValueSpecification\",\"valueRequired\":true,\"valueName\":\"search_term_string\"}}],\"inLanguage\":\"en-US\"},{\"@type\":\"Organization\",\"@id\":\"http:\/\/afreetech.com\/en\/#organization\",\"name\":\"AFREETECH SARL\",\"url\":\"http:\/\/afreetech.com\/en\/\",\"logo\":{\"@type\":\"ImageObject\",\"inLanguage\":\"en-US\",\"@id\":\"http:\/\/afreetech.com\/en\/#\/schema\/logo\/image\/\",\"url\":\"http:\/\/afreetech.com\/wp-content\/uploads\/2021\/02\/aft2.png\",\"contentUrl\":\"http:\/\/afreetech.com\/wp-content\/uploads\/2021\/02\/aft2.png\",\"width\":185,\"height\":65,\"caption\":\"AFREETECH SARL\"},\"image\":{\"@id\":\"http:\/\/afreetech.com\/en\/#\/schema\/logo\/image\/\"}}]}<\/script>\n<!-- \/ Yoast SEO plugin. -->","yoast_head_json":{"title":"AFREETECH | infrastructure r\u00e9seau robuste et s\u00e9curis\u00e9e AFREETECH","description":"En infrastructure r\u00e9seau, nous proposons des audits de s\u00e9curit\u00e9 r\u00e9seau, ainsi que des solutions pour une infrastructure robuste","robots":{"index":"index","follow":"follow","max-snippet":"max-snippet:-1","max-image-preview":"max-image-preview:large","max-video-preview":"max-video-preview:-1"},"canonical":"http:\/\/afreetech.com\/en\/infrastructure\/","og_locale":"en_US","og_type":"article","og_title":"Infrastructure - Expertises | AFREETECH","og_description":"Avec nos \u00e9quipes de sp\u00e9cialistes, nous garantissons pour vous, une infrastructure robuste, s\u00e9curis\u00e9e et fiable pour tous vos probl\u00e8mes r\u00e9seaux et syst\u00e8me.","og_url":"http:\/\/afreetech.com\/en\/infrastructure\/","og_site_name":"AFREETECH","article_modified_time":"2024-10-19T11:21:16+00:00","og_image":[{"width":1500,"height":1001,"url":"http:\/\/afreetech.com\/wp-content\/uploads\/2018\/07\/aft-infrastructure.jpg","type":"image\/jpeg"}],"twitter_card":"summary_large_image","twitter_title":"Infrastructure - Expertises | AFREETECH","twitter_description":"Avec nos \u00e9quipes de sp\u00e9cialistes, nous garantissons pour vous, une infrastructure robuste, s\u00e9curis\u00e9e et fiable pour tous vos probl\u00e8mes r\u00e9seaux et syst\u00e8me.","twitter_misc":{"Est. reading time":"1 minute"},"schema":{"@context":"https:\/\/schema.org","@graph":[{"@type":"WebPage","@id":"http:\/\/afreetech.com\/en\/infrastructure\/","url":"http:\/\/afreetech.com\/en\/infrastructure\/","name":"AFREETECH | infrastructure r\u00e9seau robuste et s\u00e9curis\u00e9e AFREETECH","isPartOf":{"@id":"http:\/\/afreetech.com\/en\/#website"},"primaryImageOfPage":{"@id":"http:\/\/afreetech.com\/en\/infrastructure\/#primaryimage"},"image":{"@id":"http:\/\/afreetech.com\/en\/infrastructure\/#primaryimage"},"thumbnailUrl":"http:\/\/afreetech.com\/wp-content\/uploads\/2018\/07\/aft-infrastructure.jpg","datePublished":"2018-06-19T11:57:21+00:00","dateModified":"2024-10-19T11:21:16+00:00","description":"En infrastructure r\u00e9seau, nous proposons des audits de s\u00e9curit\u00e9 r\u00e9seau, ainsi que des solutions pour une infrastructure robuste","breadcrumb":{"@id":"http:\/\/afreetech.com\/en\/infrastructure\/#breadcrumb"},"inLanguage":"en-US","potentialAction":[{"@type":"ReadAction","target":["http:\/\/afreetech.com\/en\/infrastructure\/"]}]},{"@type":"ImageObject","inLanguage":"en-US","@id":"http:\/\/afreetech.com\/en\/infrastructure\/#primaryimage","url":"http:\/\/afreetech.com\/wp-content\/uploads\/2018\/07\/aft-infrastructure.jpg","contentUrl":"http:\/\/afreetech.com\/wp-content\/uploads\/2018\/07\/aft-infrastructure.jpg","width":1500,"height":1001,"caption":"infrastructure r\u00e9seau"},{"@type":"BreadcrumbList","@id":"http:\/\/afreetech.com\/en\/infrastructure\/#breadcrumb","itemListElement":[{"@type":"ListItem","position":1,"name":"Home","item":"http:\/\/afreetech.com\/"},{"@type":"ListItem","position":2,"name":"Infrastructure"}]},{"@type":"WebSite","@id":"http:\/\/afreetech.com\/en\/#website","url":"http:\/\/afreetech.com\/en\/","name":"AFREETECH","description":"Ne vous trompez pas de direction.","publisher":{"@id":"http:\/\/afreetech.com\/en\/#organization"},"potentialAction":[{"@type":"SearchAction","target":{"@type":"EntryPoint","urlTemplate":"http:\/\/afreetech.com\/en\/?s={search_term_string}"},"query-input":{"@type":"PropertyValueSpecification","valueRequired":true,"valueName":"search_term_string"}}],"inLanguage":"en-US"},{"@type":"Organization","@id":"http:\/\/afreetech.com\/en\/#organization","name":"AFREETECH SARL","url":"http:\/\/afreetech.com\/en\/","logo":{"@type":"ImageObject","inLanguage":"en-US","@id":"http:\/\/afreetech.com\/en\/#\/schema\/logo\/image\/","url":"http:\/\/afreetech.com\/wp-content\/uploads\/2021\/02\/aft2.png","contentUrl":"http:\/\/afreetech.com\/wp-content\/uploads\/2021\/02\/aft2.png","width":185,"height":65,"caption":"AFREETECH SARL"},"image":{"@id":"http:\/\/afreetech.com\/en\/#\/schema\/logo\/image\/"}}]}},"_links":{"self":[{"href":"http:\/\/afreetech.com\/en\/wp-json\/wp\/v2\/pages\/865","targetHints":{"allow":["GET"]}}],"collection":[{"href":"http:\/\/afreetech.com\/en\/wp-json\/wp\/v2\/pages"}],"about":[{"href":"http:\/\/afreetech.com\/en\/wp-json\/wp\/v2\/types\/page"}],"author":[{"embeddable":true,"href":"http:\/\/afreetech.com\/en\/wp-json\/wp\/v2\/users\/7"}],"replies":[{"embeddable":true,"href":"http:\/\/afreetech.com\/en\/wp-json\/wp\/v2\/comments?post=865"}],"version-history":[{"count":33,"href":"http:\/\/afreetech.com\/en\/wp-json\/wp\/v2\/pages\/865\/revisions"}],"predecessor-version":[{"id":11427,"href":"http:\/\/afreetech.com\/en\/wp-json\/wp\/v2\/pages\/865\/revisions\/11427"}],"wp:featuredmedia":[{"embeddable":true,"href":"http:\/\/afreetech.com\/en\/wp-json\/wp\/v2\/media\/2197"}],"wp:attachment":[{"href":"http:\/\/afreetech.com\/en\/wp-json\/wp\/v2\/media?parent=865"}],"curies":[{"name":"wp","href":"https:\/\/api.w.org\/{rel}","templated":true}]}}