{"id":3,"date":"2018-05-29T08:46:24","date_gmt":"2018-05-29T08:46:24","guid":{"rendered":"http:\/\/droitthemes.com\/wp\/appart\/multipage\/?page_id=3"},"modified":"2024-09-14T12:34:44","modified_gmt":"2024-09-14T11:34:44","slug":"informations-legales","status":"publish","type":"page","link":"http:\/\/afreetech.com\/en\/informations-legales\/","title":{"rendered":"Legal information"},"content":{"rendered":"<p><strong>Company name<\/strong>\u00a0: AFREETECH<\/p>\n<p><strong>Legal status and social capital<\/strong>\u00a0: SARL with a capital of 15.000 \u20ac<\/p>\n<p><strong>Address<\/strong>\u00a0: 93, Street Paul Bellamy \u2013 44000 Nantes<\/p>\n<p><strong>Phone<\/strong>\u00a0: 02-40-48-08-78<\/p>\n<p><strong>Website<\/strong>\u00a0: www.afreetech.com<\/p>\n<p><strong>Siret<\/strong>\u00a0: 499\u00a0777\u00a0423 00033<\/p>\n<p>&nbsp;<\/p>\n<p><strong>The site is hosted in France on the servers of the company:<\/strong><\/p>\n<p>Host: OVH<\/p>\n<p>Company : OVH<\/p>\n<p>Website : www.ovh.com<\/p>\n<p>Postal address: 2 rue kellermann - BP 80157<\/p>\n<p>59053 ROUBAIX Cedex 1<\/p>\n<p>Phone : +33 (0)8 203 203 63<\/p>\n<p>Email address (E-Mail): support@ovh.com<\/p>\n<p>formulaire de communication \u00e0 suivre sur le site de &#8220;OVH&#8221;<\/p>\n<p>&nbsp;<\/p>\n<h3>Hypertext links<\/h3>\n<p>The site www.afreetech.com allows the establishment of hypertext links pointing to its content but in any case, the pages of the site www.afreetech.com should not be integrated into the pages of another site.<\/p>\n<p>No website that disseminates information that is polemical, obscene, homophobic, xenophobic, or offensive to others, should point to our site.<\/p>\n<p>&nbsp;<\/p>\n<h3>Intellectual property<\/h3>\n<p>This site constitutes a work of which AFREETECH is the author according to the provisions of the Code of the Intellectual Property.<br \/>\nAny reproduction or total or partial representation of this site by any means whatsoever, without the authorization of AFREETECH, is prohibited and constitutes an infringement sanctioned by the articles of the Code of Intellectual Property.<\/p>\n<p>&nbsp;<\/p>\n<h3>Use of the WEB site<\/h3>\n<p>The information on this website may be modified at any time without notice by updating these pages.<br \/>\nThis information may contain technical accuracies or typographical errors.<\/p>\n<p>&nbsp;<\/p>\n<h3>Responsibility<\/h3>\n<p>In no event shall AFREETECH be held liable for any direct, indirect or special damages resulting from the use of this website or any other sites linked to it, in particular any financial or commercial loss, loss of program or data or other.<br \/>\nAFREETECH declines any responsibility concerning the errors or omissions concerning the information diffused on this site. AFREETECH can not be held responsible for the interpretation of the information contained in this site, or the consequences of their use.<\/p>\n<p>&nbsp;<\/p>\n<h3>Prosecution<\/h3>\n<p>These conditions and mentions are subject to French law. In litigation or litigation, the French courts will be competent.<br \/>\nBy using this website, you agree to be bound by any revisions to these provisions.<\/p>","protected":false},"excerpt":{"rendered":"<p>&#8230;<\/p>","protected":false},"author":7,"featured_media":2388,"parent":0,"menu_order":0,"comment_status":"closed","ping_status":"closed","template":"elementor_header_footer","meta":{"_eb_attr":"","om_disable_all_campaigns":false,"footnotes":""},"class_list":["post-3","page","type-page","status-publish","has-post-thumbnail","hentry"],"yoast_head":"<!-- This site is optimized with the Yoast SEO plugin v26.9 - https:\/\/yoast.com\/product\/yoast-seo-wordpress\/ -->\n<title>Informations l\u00e9gales | AFREETECH<\/title>\n<meta name=\"description\" content=\"Informations l\u00e9gales. Le pr\u00e9sent avis l\u00e9gal r\u00e9gule l&#039;utilisation du site internet www.afreetech.com de l&#039;entreprise AFREETECH.\" \/>\n<meta name=\"robots\" content=\"index, follow, max-snippet:-1, max-image-preview:large, max-video-preview:-1\" \/>\n<link rel=\"canonical\" href=\"http:\/\/afreetech.com\/en\/informations-legales\/\" \/>\n<meta property=\"og:locale\" content=\"en_US\" \/>\n<meta property=\"og:type\" content=\"article\" \/>\n<meta property=\"og:title\" content=\"Informations l\u00e9gales | AFREETECH\" \/>\n<meta property=\"og:description\" content=\"Informations l\u00e9gales. Le pr\u00e9sent avis l\u00e9gal r\u00e9gule l&#039;utilisation du site internet www.afreetech.com de l&#039;entreprise AFREETECH.\" \/>\n<meta property=\"og:url\" content=\"http:\/\/afreetech.com\/en\/informations-legales\/\" \/>\n<meta property=\"og:site_name\" content=\"AFREETECH\" \/>\n<meta property=\"article:modified_time\" content=\"2024-09-14T11:34:44+00:00\" \/>\n<meta property=\"og:image\" content=\"http:\/\/afreetech.com\/wp-content\/uploads\/2018\/07\/aft-legacy.jpg\" \/>\n\t<meta property=\"og:image:width\" content=\"1500\" \/>\n\t<meta property=\"og:image:height\" content=\"1000\" \/>\n\t<meta property=\"og:image:type\" content=\"image\/jpeg\" \/>\n<meta name=\"twitter:card\" content=\"summary_large_image\" \/>\n<meta name=\"twitter:title\" content=\"Informations l\u00e9gales | AFREETECH\" \/>\n<meta name=\"twitter:description\" content=\"Informations l\u00e9gales. Le pr\u00e9sent avis l\u00e9gal r\u00e9gule l&#039;utilisation du site internet www.afreetech.com de l&#039;entreprise AFREETECH.\" \/>\n<meta name=\"twitter:label1\" content=\"Est. reading time\" \/>\n\t<meta name=\"twitter:data1\" content=\"2 minutes\" \/>\n<script type=\"application\/ld+json\" class=\"yoast-schema-graph\">{\"@context\":\"https:\/\/schema.org\",\"@graph\":[{\"@type\":\"WebPage\",\"@id\":\"http:\/\/afreetech.com\/en\/informations-legales\/\",\"url\":\"http:\/\/afreetech.com\/en\/informations-legales\/\",\"name\":\"Informations l\u00e9gales | AFREETECH\",\"isPartOf\":{\"@id\":\"https:\/\/afreetech.com\/en\/#website\"},\"primaryImageOfPage\":{\"@id\":\"http:\/\/afreetech.com\/en\/informations-legales\/#primaryimage\"},\"image\":{\"@id\":\"http:\/\/afreetech.com\/en\/informations-legales\/#primaryimage\"},\"thumbnailUrl\":\"http:\/\/afreetech.com\/wp-content\/uploads\/2018\/07\/aft-legacy.jpg\",\"datePublished\":\"2018-05-29T08:46:24+00:00\",\"dateModified\":\"2024-09-14T11:34:44+00:00\",\"description\":\"Informations l\u00e9gales. Le pr\u00e9sent avis l\u00e9gal r\u00e9gule l'utilisation du site internet www.afreetech.com de l'entreprise AFREETECH.\",\"breadcrumb\":{\"@id\":\"http:\/\/afreetech.com\/en\/informations-legales\/#breadcrumb\"},\"inLanguage\":\"en-US\",\"potentialAction\":[{\"@type\":\"ReadAction\",\"target\":[\"http:\/\/afreetech.com\/en\/informations-legales\/\"]}]},{\"@type\":\"ImageObject\",\"inLanguage\":\"en-US\",\"@id\":\"http:\/\/afreetech.com\/en\/informations-legales\/#primaryimage\",\"url\":\"http:\/\/afreetech.com\/wp-content\/uploads\/2018\/07\/aft-legacy.jpg\",\"contentUrl\":\"http:\/\/afreetech.com\/wp-content\/uploads\/2018\/07\/aft-legacy.jpg\",\"width\":1500,\"height\":1000,\"caption\":\"informations l\u00e9gales\"},{\"@type\":\"BreadcrumbList\",\"@id\":\"http:\/\/afreetech.com\/en\/informations-legales\/#breadcrumb\",\"itemListElement\":[{\"@type\":\"ListItem\",\"position\":1,\"name\":\"Home\",\"item\":\"https:\/\/afreetech.com\/en\/\"},{\"@type\":\"ListItem\",\"position\":2,\"name\":\"Informations l\u00e9gales\"}]},{\"@type\":\"WebSite\",\"@id\":\"https:\/\/afreetech.com\/en\/#website\",\"url\":\"https:\/\/afreetech.com\/en\/\",\"name\":\"AFREETECH\",\"description\":\"Ne vous trompez pas de direction.\",\"publisher\":{\"@id\":\"https:\/\/afreetech.com\/en\/#organization\"},\"potentialAction\":[{\"@type\":\"SearchAction\",\"target\":{\"@type\":\"EntryPoint\",\"urlTemplate\":\"https:\/\/afreetech.com\/en\/?s={search_term_string}\"},\"query-input\":{\"@type\":\"PropertyValueSpecification\",\"valueRequired\":true,\"valueName\":\"search_term_string\"}}],\"inLanguage\":\"en-US\"},{\"@type\":\"Organization\",\"@id\":\"https:\/\/afreetech.com\/en\/#organization\",\"name\":\"AFREETECH SARL\",\"url\":\"https:\/\/afreetech.com\/en\/\",\"logo\":{\"@type\":\"ImageObject\",\"inLanguage\":\"en-US\",\"@id\":\"https:\/\/afreetech.com\/en\/#\/schema\/logo\/image\/\",\"url\":\"http:\/\/afreetech.com\/wp-content\/uploads\/2021\/02\/aft2.png\",\"contentUrl\":\"http:\/\/afreetech.com\/wp-content\/uploads\/2021\/02\/aft2.png\",\"width\":185,\"height\":65,\"caption\":\"AFREETECH SARL\"},\"image\":{\"@id\":\"https:\/\/afreetech.com\/en\/#\/schema\/logo\/image\/\"}}]}<\/script>\n<!-- \/ Yoast SEO plugin. -->","yoast_head_json":{"title":"Informations l\u00e9gales | AFREETECH","description":"Informations l\u00e9gales. Le pr\u00e9sent avis l\u00e9gal r\u00e9gule l'utilisation du site internet www.afreetech.com de l'entreprise AFREETECH.","robots":{"index":"index","follow":"follow","max-snippet":"max-snippet:-1","max-image-preview":"max-image-preview:large","max-video-preview":"max-video-preview:-1"},"canonical":"http:\/\/afreetech.com\/en\/informations-legales\/","og_locale":"en_US","og_type":"article","og_title":"Informations l\u00e9gales | AFREETECH","og_description":"Informations l\u00e9gales. Le pr\u00e9sent avis l\u00e9gal r\u00e9gule l'utilisation du site internet www.afreetech.com de l'entreprise AFREETECH.","og_url":"http:\/\/afreetech.com\/en\/informations-legales\/","og_site_name":"AFREETECH","article_modified_time":"2024-09-14T11:34:44+00:00","og_image":[{"width":1500,"height":1000,"url":"http:\/\/afreetech.com\/wp-content\/uploads\/2018\/07\/aft-legacy.jpg","type":"image\/jpeg"}],"twitter_card":"summary_large_image","twitter_title":"Informations l\u00e9gales | AFREETECH","twitter_description":"Informations l\u00e9gales. Le pr\u00e9sent avis l\u00e9gal r\u00e9gule l'utilisation du site internet www.afreetech.com de l'entreprise AFREETECH.","twitter_misc":{"Est. reading time":"2 minutes"},"schema":{"@context":"https:\/\/schema.org","@graph":[{"@type":"WebPage","@id":"http:\/\/afreetech.com\/en\/informations-legales\/","url":"http:\/\/afreetech.com\/en\/informations-legales\/","name":"Informations l\u00e9gales | AFREETECH","isPartOf":{"@id":"https:\/\/afreetech.com\/en\/#website"},"primaryImageOfPage":{"@id":"http:\/\/afreetech.com\/en\/informations-legales\/#primaryimage"},"image":{"@id":"http:\/\/afreetech.com\/en\/informations-legales\/#primaryimage"},"thumbnailUrl":"http:\/\/afreetech.com\/wp-content\/uploads\/2018\/07\/aft-legacy.jpg","datePublished":"2018-05-29T08:46:24+00:00","dateModified":"2024-09-14T11:34:44+00:00","description":"Informations l\u00e9gales. Le pr\u00e9sent avis l\u00e9gal r\u00e9gule l'utilisation du site internet www.afreetech.com de l'entreprise AFREETECH.","breadcrumb":{"@id":"http:\/\/afreetech.com\/en\/informations-legales\/#breadcrumb"},"inLanguage":"en-US","potentialAction":[{"@type":"ReadAction","target":["http:\/\/afreetech.com\/en\/informations-legales\/"]}]},{"@type":"ImageObject","inLanguage":"en-US","@id":"http:\/\/afreetech.com\/en\/informations-legales\/#primaryimage","url":"http:\/\/afreetech.com\/wp-content\/uploads\/2018\/07\/aft-legacy.jpg","contentUrl":"http:\/\/afreetech.com\/wp-content\/uploads\/2018\/07\/aft-legacy.jpg","width":1500,"height":1000,"caption":"informations l\u00e9gales"},{"@type":"BreadcrumbList","@id":"http:\/\/afreetech.com\/en\/informations-legales\/#breadcrumb","itemListElement":[{"@type":"ListItem","position":1,"name":"Home","item":"https:\/\/afreetech.com\/en\/"},{"@type":"ListItem","position":2,"name":"Informations l\u00e9gales"}]},{"@type":"WebSite","@id":"https:\/\/afreetech.com\/en\/#website","url":"https:\/\/afreetech.com\/en\/","name":"AFREETECH","description":"Ne vous trompez pas de direction.","publisher":{"@id":"https:\/\/afreetech.com\/en\/#organization"},"potentialAction":[{"@type":"SearchAction","target":{"@type":"EntryPoint","urlTemplate":"https:\/\/afreetech.com\/en\/?s={search_term_string}"},"query-input":{"@type":"PropertyValueSpecification","valueRequired":true,"valueName":"search_term_string"}}],"inLanguage":"en-US"},{"@type":"Organization","@id":"https:\/\/afreetech.com\/en\/#organization","name":"AFREETECH SARL","url":"https:\/\/afreetech.com\/en\/","logo":{"@type":"ImageObject","inLanguage":"en-US","@id":"https:\/\/afreetech.com\/en\/#\/schema\/logo\/image\/","url":"http:\/\/afreetech.com\/wp-content\/uploads\/2021\/02\/aft2.png","contentUrl":"http:\/\/afreetech.com\/wp-content\/uploads\/2021\/02\/aft2.png","width":185,"height":65,"caption":"AFREETECH SARL"},"image":{"@id":"https:\/\/afreetech.com\/en\/#\/schema\/logo\/image\/"}}]}},"_links":{"self":[{"href":"http:\/\/afreetech.com\/en\/wp-json\/wp\/v2\/pages\/3","targetHints":{"allow":["GET"]}}],"collection":[{"href":"http:\/\/afreetech.com\/en\/wp-json\/wp\/v2\/pages"}],"about":[{"href":"http:\/\/afreetech.com\/en\/wp-json\/wp\/v2\/types\/page"}],"author":[{"embeddable":true,"href":"http:\/\/afreetech.com\/en\/wp-json\/wp\/v2\/users\/7"}],"replies":[{"embeddable":true,"href":"http:\/\/afreetech.com\/en\/wp-json\/wp\/v2\/comments?post=3"}],"version-history":[{"count":2,"href":"http:\/\/afreetech.com\/en\/wp-json\/wp\/v2\/pages\/3\/revisions"}],"predecessor-version":[{"id":6198,"href":"http:\/\/afreetech.com\/en\/wp-json\/wp\/v2\/pages\/3\/revisions\/6198"}],"wp:featuredmedia":[{"embeddable":true,"href":"http:\/\/afreetech.com\/en\/wp-json\/wp\/v2\/media\/2388"}],"wp:attachment":[{"href":"http:\/\/afreetech.com\/en\/wp-json\/wp\/v2\/media?parent=3"}],"curies":[{"name":"wp","href":"https:\/\/api.w.org\/{rel}","templated":true}]}}